{"id":103820,"date":"2023-11-04T12:54:18","date_gmt":"2023-11-04T15:54:18","guid":{"rendered":"https:\/\/www.creativeprojects.com.br\/economizei\/?product=promocao-4-frascos-suplemento-quarteto-vitaminico-super-concentrado-nutriblue-com-calcio-magnesio-dimalato-vitamina-d3-e-k2-entregue-por-nutriblue"},"modified":"2024-12-17T17:36:47","modified_gmt":"2024-12-17T20:36:47","slug":"promocao-4-frascos-suplemento-quarteto-vitaminico-super-concentrado-nutriblue-com-calcio-magnesio-dimalato-vitamina-d3-e-k2-entregue-por-nutriblue","status":"publish","type":"product","link":"https:\/\/www.creativeprojects.com.br\/economizei\/produto\/promocao-4-frascos-suplemento-quarteto-vitaminico-super-concentrado-nutriblue-com-calcio-magnesio-dimalato-vitamina-d3-e-k2-entregue-por-nutriblue\/","title":{"rendered":"Promo\u00e7\u00e3o 4 frascos &#8211; Suplemento Quarteto Vitaminico Super Concentrado Nutriblue Com C\u00e1lcio, Magn\u00e9sio Dimalato, Vitamina D3 E K2 (Entregue por NutriBlue)"},"content":{"rendered":"","protected":false},"excerpt":{"rendered":"","protected":false},"featured_media":103821,"comment_status":"open","ping_status":"closed","template":"","meta":{"_monsterinsights_skip_tracking":false,"_monsterinsights_sitenote_active":false,"_monsterinsights_sitenote_note":"","_monsterinsights_sitenote_category":0},"product_brand":[],"product_cat":[3821],"product_tag":[],"class_list":{"0":"post-103820","1":"product","2":"type-product","3":"status-publish","6":"product_cat-geral","7":"lojas-externas-nutriblue","9":"first","10":"instock","11":"taxable","12":"shipping-taxable","13":"product-type-external"},"aioseo_notices":[],"jetpack_sharing_enabled":true,"_links":{"self":[{"href":"https:\/\/www.creativeprojects.com.br\/economizei\/wp-json\/wp\/v2\/product\/103820","targetHints":{"allow":["GET"]}}],"collection":[{"href":"https:\/\/www.creativeprojects.com.br\/economizei\/wp-json\/wp\/v2\/product"}],"about":[{"href":"https:\/\/www.creativeprojects.com.br\/economizei\/wp-json\/wp\/v2\/types\/product"}],"replies":[{"embeddable":true,"href":"https:\/\/www.creativeprojects.com.br\/economizei\/wp-json\/wp\/v2\/comments?post=103820"}],"wp:featuredmedia":[{"embeddable":true,"href":"https:\/\/www.creativeprojects.com.br\/economizei\/wp-json\/wp\/v2\/media\/103821"}],"wp:attachment":[{"href":"https:\/\/www.creativeprojects.com.br\/economizei\/wp-json\/wp\/v2\/media?parent=103820"}],"wp:term":[{"taxonomy":"product_brand","embeddable":true,"href":"https:\/\/www.creativeprojects.com.br\/economizei\/wp-json\/wp\/v2\/product_brand?post=103820"},{"taxonomy":"product_cat","embeddable":true,"href":"https:\/\/www.creativeprojects.com.br\/economizei\/wp-json\/wp\/v2\/product_cat?post=103820"},{"taxonomy":"product_tag","embeddable":true,"href":"https:\/\/www.creativeprojects.com.br\/economizei\/wp-json\/wp\/v2\/product_tag?post=103820"}],"curies":[{"name":"wp","href":"https:\/\/api.w.org\/{rel}","templated":true}]}}