{"id":114303,"date":"2024-09-25T20:16:00","date_gmt":"2024-09-25T23:16:00","guid":{"rendered":"https:\/\/www.creativeprojects.com.br\/economizei\/produto\/fogao-atlas-4-bocas-monaco-plus-automatico-mesa-de-inox-forno-50l-branco-entregue-por-gazin\/"},"modified":"2024-12-17T17:39:40","modified_gmt":"2024-12-17T20:39:40","slug":"fogao-atlas-4-bocas-monaco-plus-automatico-mesa-de-inox-forno-50l-branco-entregue-por-gazin","status":"publish","type":"product","link":"https:\/\/www.creativeprojects.com.br\/economizei\/produto\/fogao-atlas-4-bocas-monaco-plus-automatico-mesa-de-inox-forno-50l-branco-entregue-por-gazin\/","title":{"rendered":"Fog\u00e3o Atlas 4 Bocas M\u00f4naco Plus Autom\u00e1tico Mesa De Inox Forno 50L &#8211; Branco (Entregue por Gazin)"},"content":{"rendered":"","protected":false},"excerpt":{"rendered":"","protected":false},"featured_media":114304,"comment_status":"open","ping_status":"closed","template":"","meta":{"_monsterinsights_skip_tracking":false,"_monsterinsights_sitenote_active":false,"_monsterinsights_sitenote_note":"","_monsterinsights_sitenote_category":0},"product_brand":[],"product_cat":[3821],"product_tag":[],"class_list":{"0":"post-114303","1":"product","2":"type-product","3":"status-publish","6":"product_cat-geral","7":"lojas-externas-gazin","9":"first","10":"instock","11":"taxable","12":"shipping-taxable","13":"product-type-external"},"aioseo_notices":[],"jetpack_sharing_enabled":true,"_links":{"self":[{"href":"https:\/\/www.creativeprojects.com.br\/economizei\/wp-json\/wp\/v2\/product\/114303","targetHints":{"allow":["GET"]}}],"collection":[{"href":"https:\/\/www.creativeprojects.com.br\/economizei\/wp-json\/wp\/v2\/product"}],"about":[{"href":"https:\/\/www.creativeprojects.com.br\/economizei\/wp-json\/wp\/v2\/types\/product"}],"replies":[{"embeddable":true,"href":"https:\/\/www.creativeprojects.com.br\/economizei\/wp-json\/wp\/v2\/comments?post=114303"}],"wp:featuredmedia":[{"embeddable":true,"href":"https:\/\/www.creativeprojects.com.br\/economizei\/wp-json\/wp\/v2\/media\/114304"}],"wp:attachment":[{"href":"https:\/\/www.creativeprojects.com.br\/economizei\/wp-json\/wp\/v2\/media?parent=114303"}],"wp:term":[{"taxonomy":"product_brand","embeddable":true,"href":"https:\/\/www.creativeprojects.com.br\/economizei\/wp-json\/wp\/v2\/product_brand?post=114303"},{"taxonomy":"product_cat","embeddable":true,"href":"https:\/\/www.creativeprojects.com.br\/economizei\/wp-json\/wp\/v2\/product_cat?post=114303"},{"taxonomy":"product_tag","embeddable":true,"href":"https:\/\/www.creativeprojects.com.br\/economizei\/wp-json\/wp\/v2\/product_tag?post=114303"}],"curies":[{"name":"wp","href":"https:\/\/api.w.org\/{rel}","templated":true}]}}