{"id":114442,"date":"2024-10-14T18:08:26","date_gmt":"2024-10-14T21:08:26","guid":{"rendered":"https:\/\/www.creativeprojects.com.br\/economizei\/produto\/fogao-esmaltec-5-bocas-agata-automatico-mesa-de-inox-forno-com-95l-bivolt-branco-entregue-por-gazin\/"},"modified":"2024-12-17T17:40:12","modified_gmt":"2024-12-17T20:40:12","slug":"fogao-esmaltec-5-bocas-agata-automatico-mesa-de-inox-forno-com-95l-bivolt-branco-entregue-por-gazin","status":"publish","type":"product","link":"https:\/\/www.creativeprojects.com.br\/economizei\/produto\/fogao-esmaltec-5-bocas-agata-automatico-mesa-de-inox-forno-com-95l-bivolt-branco-entregue-por-gazin\/","title":{"rendered":"Fog\u00e3o Esmaltec 5 Bocas \u00c1gata Autom\u00e1tico Mesa De Inox Forno Com 95L &#8211; Bivolt &#8211; Branco (Entregue por Gazin)"},"content":{"rendered":"","protected":false},"excerpt":{"rendered":"","protected":false},"featured_media":114443,"comment_status":"open","ping_status":"closed","template":"","meta":{"_monsterinsights_skip_tracking":false,"_monsterinsights_sitenote_active":false,"_monsterinsights_sitenote_note":"","_monsterinsights_sitenote_category":0},"product_brand":[],"product_cat":[3821],"product_tag":[],"class_list":{"0":"post-114442","1":"product","2":"type-product","3":"status-publish","6":"product_cat-geral","7":"lojas-externas-gazin","9":"first","10":"instock","11":"taxable","12":"shipping-taxable","13":"product-type-external"},"aioseo_notices":[],"jetpack_sharing_enabled":true,"_links":{"self":[{"href":"https:\/\/www.creativeprojects.com.br\/economizei\/wp-json\/wp\/v2\/product\/114442","targetHints":{"allow":["GET"]}}],"collection":[{"href":"https:\/\/www.creativeprojects.com.br\/economizei\/wp-json\/wp\/v2\/product"}],"about":[{"href":"https:\/\/www.creativeprojects.com.br\/economizei\/wp-json\/wp\/v2\/types\/product"}],"replies":[{"embeddable":true,"href":"https:\/\/www.creativeprojects.com.br\/economizei\/wp-json\/wp\/v2\/comments?post=114442"}],"wp:featuredmedia":[{"embeddable":true,"href":"https:\/\/www.creativeprojects.com.br\/economizei\/wp-json\/wp\/v2\/media\/114443"}],"wp:attachment":[{"href":"https:\/\/www.creativeprojects.com.br\/economizei\/wp-json\/wp\/v2\/media?parent=114442"}],"wp:term":[{"taxonomy":"product_brand","embeddable":true,"href":"https:\/\/www.creativeprojects.com.br\/economizei\/wp-json\/wp\/v2\/product_brand?post=114442"},{"taxonomy":"product_cat","embeddable":true,"href":"https:\/\/www.creativeprojects.com.br\/economizei\/wp-json\/wp\/v2\/product_cat?post=114442"},{"taxonomy":"product_tag","embeddable":true,"href":"https:\/\/www.creativeprojects.com.br\/economizei\/wp-json\/wp\/v2\/product_tag?post=114442"}],"curies":[{"name":"wp","href":"https:\/\/api.w.org\/{rel}","templated":true}]}}