{"id":114931,"date":"2024-11-06T15:09:48","date_gmt":"2024-11-06T18:09:48","guid":{"rendered":"https:\/\/www.creativeprojects.com.br\/economizei\/produto\/forno-eletrico-de-bancada-42l-suggar-com-funcao-grill-e-timer-fe420-preto-220-volts-entregue-por-gazin\/"},"modified":"2024-11-28T14:34:53","modified_gmt":"2024-11-28T17:34:53","slug":"forno-eletrico-de-bancada-42l-suggar-com-funcao-grill-e-timer-fe420-preto-220-volts-entregue-por-gazin","status":"publish","type":"product","link":"https:\/\/www.creativeprojects.com.br\/economizei\/produto\/forno-eletrico-de-bancada-42l-suggar-com-funcao-grill-e-timer-fe420-preto-220-volts-entregue-por-gazin\/","title":{"rendered":"Forno El\u00e9trico De Bancada 42L Suggar Com Fun\u00e7\u00e3o Grill E Timer Fe420 &#8211; Preto &#8211; 220 Volts (Entregue por Gazin)"},"content":{"rendered":"","protected":false},"excerpt":{"rendered":"","protected":false},"featured_media":114932,"comment_status":"open","ping_status":"closed","template":"","meta":{"_monsterinsights_skip_tracking":false,"_monsterinsights_sitenote_active":false,"_monsterinsights_sitenote_note":"","_monsterinsights_sitenote_category":0},"product_brand":[],"product_cat":[3821],"product_tag":[],"class_list":{"0":"post-114931","1":"product","2":"type-product","3":"status-publish","6":"product_cat-geral","7":"lojas-externas-gazin","9":"first","10":"instock","11":"taxable","12":"shipping-taxable","13":"product-type-external"},"aioseo_notices":[],"jetpack_sharing_enabled":true,"_links":{"self":[{"href":"https:\/\/www.creativeprojects.com.br\/economizei\/wp-json\/wp\/v2\/product\/114931","targetHints":{"allow":["GET"]}}],"collection":[{"href":"https:\/\/www.creativeprojects.com.br\/economizei\/wp-json\/wp\/v2\/product"}],"about":[{"href":"https:\/\/www.creativeprojects.com.br\/economizei\/wp-json\/wp\/v2\/types\/product"}],"replies":[{"embeddable":true,"href":"https:\/\/www.creativeprojects.com.br\/economizei\/wp-json\/wp\/v2\/comments?post=114931"}],"wp:featuredmedia":[{"embeddable":true,"href":"https:\/\/www.creativeprojects.com.br\/economizei\/wp-json\/wp\/v2\/media\/114932"}],"wp:attachment":[{"href":"https:\/\/www.creativeprojects.com.br\/economizei\/wp-json\/wp\/v2\/media?parent=114931"}],"wp:term":[{"taxonomy":"product_brand","embeddable":true,"href":"https:\/\/www.creativeprojects.com.br\/economizei\/wp-json\/wp\/v2\/product_brand?post=114931"},{"taxonomy":"product_cat","embeddable":true,"href":"https:\/\/www.creativeprojects.com.br\/economizei\/wp-json\/wp\/v2\/product_cat?post=114931"},{"taxonomy":"product_tag","embeddable":true,"href":"https:\/\/www.creativeprojects.com.br\/economizei\/wp-json\/wp\/v2\/product_tag?post=114931"}],"curies":[{"name":"wp","href":"https:\/\/api.w.org\/{rel}","templated":true}]}}