{"id":115016,"date":"2024-11-27T17:24:43","date_gmt":"2024-11-27T20:24:43","guid":{"rendered":"https:\/\/www.creativeprojects.com.br\/economizei\/produto\/lava-loucas-electrolux-14-servicos-branca-com-funcao-higienizar-compras-ll14b-entregue-por-electrolux\/"},"modified":"2024-11-28T14:35:19","modified_gmt":"2024-11-28T17:35:19","slug":"lava-loucas-electrolux-14-servicos-branca-com-funcao-higienizar-compras-ll14b-entregue-por-electrolux","status":"publish","type":"product","link":"https:\/\/www.creativeprojects.com.br\/economizei\/produto\/lava-loucas-electrolux-14-servicos-branca-com-funcao-higienizar-compras-ll14b-entregue-por-electrolux\/","title":{"rendered":"Lava Lou\u00e7as Electrolux 14 Servi\u00e7os Branca com Fun\u00e7\u00e3o Higienizar Compras (LL14B) (Entregue por Electrolux)"},"content":{"rendered":"","protected":false},"excerpt":{"rendered":"","protected":false},"featured_media":115018,"comment_status":"open","ping_status":"closed","template":"","meta":{"_monsterinsights_skip_tracking":false,"_monsterinsights_sitenote_active":false,"_monsterinsights_sitenote_note":"","_monsterinsights_sitenote_category":0},"product_brand":[],"product_cat":[3821],"product_tag":[],"class_list":{"0":"post-115016","1":"product","2":"type-product","3":"status-publish","6":"product_cat-geral","7":"lojas-externas-electrolux","9":"first","10":"instock","11":"taxable","12":"shipping-taxable","13":"product-type-external"},"aioseo_notices":[],"jetpack_sharing_enabled":true,"_links":{"self":[{"href":"https:\/\/www.creativeprojects.com.br\/economizei\/wp-json\/wp\/v2\/product\/115016","targetHints":{"allow":["GET"]}}],"collection":[{"href":"https:\/\/www.creativeprojects.com.br\/economizei\/wp-json\/wp\/v2\/product"}],"about":[{"href":"https:\/\/www.creativeprojects.com.br\/economizei\/wp-json\/wp\/v2\/types\/product"}],"replies":[{"embeddable":true,"href":"https:\/\/www.creativeprojects.com.br\/economizei\/wp-json\/wp\/v2\/comments?post=115016"}],"wp:featuredmedia":[{"embeddable":true,"href":"https:\/\/www.creativeprojects.com.br\/economizei\/wp-json\/wp\/v2\/media\/115018"}],"wp:attachment":[{"href":"https:\/\/www.creativeprojects.com.br\/economizei\/wp-json\/wp\/v2\/media?parent=115016"}],"wp:term":[{"taxonomy":"product_brand","embeddable":true,"href":"https:\/\/www.creativeprojects.com.br\/economizei\/wp-json\/wp\/v2\/product_brand?post=115016"},{"taxonomy":"product_cat","embeddable":true,"href":"https:\/\/www.creativeprojects.com.br\/economizei\/wp-json\/wp\/v2\/product_cat?post=115016"},{"taxonomy":"product_tag","embeddable":true,"href":"https:\/\/www.creativeprojects.com.br\/economizei\/wp-json\/wp\/v2\/product_tag?post=115016"}],"curies":[{"name":"wp","href":"https:\/\/api.w.org\/{rel}","templated":true}]}}