{"id":115169,"date":"2024-12-12T11:56:53","date_gmt":"2024-12-12T14:56:53","guid":{"rendered":"https:\/\/www.creativeprojects.com.br\/economizei\/produto\/caixa-de-som-portatil-jbl-boombox-3-180w-rms-bluetooth-a-prova-dagua-preto-entregue-por-gazin\/"},"modified":"2024-12-12T11:56:53","modified_gmt":"2024-12-12T14:56:53","slug":"caixa-de-som-portatil-jbl-boombox-3-180w-rms-bluetooth-a-prova-dagua-preto-entregue-por-gazin","status":"publish","type":"product","link":"https:\/\/www.creativeprojects.com.br\/economizei\/produto\/caixa-de-som-portatil-jbl-boombox-3-180w-rms-bluetooth-a-prova-dagua-preto-entregue-por-gazin\/","title":{"rendered":"Caixa De Som Port\u00e1til Jbl Boombox 3 180W Rms Bluetooth \u00c0 Prova D&#8217;\u00e1gua &#8211; Preto (Entregue por Gazin)"},"content":{"rendered":"","protected":false},"excerpt":{"rendered":"","protected":false},"featured_media":115170,"comment_status":"open","ping_status":"closed","template":"","meta":{"_monsterinsights_skip_tracking":false,"_monsterinsights_sitenote_active":false,"_monsterinsights_sitenote_note":"","_monsterinsights_sitenote_category":0},"product_brand":[],"product_cat":[3821],"product_tag":[],"class_list":{"0":"post-115169","1":"product","2":"type-product","3":"status-publish","6":"product_cat-geral","7":"lojas-externas-gazin","9":"first","10":"instock","11":"taxable","12":"shipping-taxable","13":"product-type-external"},"aioseo_notices":[],"jetpack_sharing_enabled":true,"_links":{"self":[{"href":"https:\/\/www.creativeprojects.com.br\/economizei\/wp-json\/wp\/v2\/product\/115169","targetHints":{"allow":["GET"]}}],"collection":[{"href":"https:\/\/www.creativeprojects.com.br\/economizei\/wp-json\/wp\/v2\/product"}],"about":[{"href":"https:\/\/www.creativeprojects.com.br\/economizei\/wp-json\/wp\/v2\/types\/product"}],"replies":[{"embeddable":true,"href":"https:\/\/www.creativeprojects.com.br\/economizei\/wp-json\/wp\/v2\/comments?post=115169"}],"wp:featuredmedia":[{"embeddable":true,"href":"https:\/\/www.creativeprojects.com.br\/economizei\/wp-json\/wp\/v2\/media\/115170"}],"wp:attachment":[{"href":"https:\/\/www.creativeprojects.com.br\/economizei\/wp-json\/wp\/v2\/media?parent=115169"}],"wp:term":[{"taxonomy":"product_brand","embeddable":true,"href":"https:\/\/www.creativeprojects.com.br\/economizei\/wp-json\/wp\/v2\/product_brand?post=115169"},{"taxonomy":"product_cat","embeddable":true,"href":"https:\/\/www.creativeprojects.com.br\/economizei\/wp-json\/wp\/v2\/product_cat?post=115169"},{"taxonomy":"product_tag","embeddable":true,"href":"https:\/\/www.creativeprojects.com.br\/economizei\/wp-json\/wp\/v2\/product_tag?post=115169"}],"curies":[{"name":"wp","href":"https:\/\/api.w.org\/{rel}","templated":true}]}}