{"id":3,"date":"2020-08-22T10:36:53","date_gmt":"2020-08-22T13:36:53","guid":{"rendered":"https:\/\/creativeprojects.com.br\/shop\/?page_id=3"},"modified":"2022-10-20T11:32:55","modified_gmt":"2022-10-20T14:32:55","slug":"politica-de-privacidade","status":"publish","type":"page","link":"https:\/\/www.creativeprojects.com.br\/shop\/politica-de-privacidade\/","title":{"rendered":"Pol\u00edtica de Devolu\u00e7\u00e3o, Troca e Reembolso"},"content":{"rendered":"\n<p><strong>Condi\u00e7\u00f5es Gerais<\/strong><br>&#8211; Todas as ocorr\u00eancias que envolvam troca ou devolu\u00e7\u00e3o de compras realizadas pelo site devem ser feitas no prazo de at\u00e9 7 (sete) dias corridos, a contar do dia seguinte da data do recebimento do produto, conforme c\u00f3digo de defesa do consumidor.<br>&#8211; Para compras realizadas dentro da loja f\u00edsica n\u00e3o se aplicam o prazo de 7 (sete) dias corridos para devolu\u00e7\u00e3o por arrependimento, conforme c\u00f3digo de defesa do consumidor.<br>&#8211; Toda ocorr\u00eancia que envolva troca ou devolu\u00e7\u00e3o, dever\u00e1 ser comunicada a nossa equipe de Atendimento do Site. Produtos devolvidos sem essa comunica\u00e7\u00e3o, fora do prazo ou com aus\u00eancia de itens\/acess\u00f3rios que o acompanhem, poder\u00e3o ser reenviados sem consulta pr\u00e9via (a cobrar para o cliente).<br>&#8211; O produto dever\u00e1 ser encaminhado na embalagem original, com todos os manuais, acess\u00f3rios e acompanhado de todas as vias da nota fiscal.<br>&#8211; Todos os produtos encaminhados &nbsp;por motivo de defeito passar\u00e3o por uma pr\u00e9via an\u00e1lise t\u00e9cnica para verifica\u00e7\u00e3o da exist\u00eancia de defeito de fabrica\u00e7\u00e3o.<br>&#8211; A CS Ferramentas preserva o direito de n\u00e3o se responsabilizar por qualquer item que esteja acoplado indevidamente junto ao produto alvo de devolu\u00e7\u00e3o\/troca, bem como quaisquer acess\u00f3rios que n\u00e3o perten\u00e7am ao mesmo.<br>&#8211; Temos at\u00e9 30 (trinta) dias corridos, contados a partir da data do recebimento do produto em nosso Centro de Distribui\u00e7\u00e3o, para verificar se a solicita\u00e7\u00e3o preenche os requisitos da Pol\u00edtica de Trocas e Devolu\u00e7\u00f5es. Se caso afirmativo, o cliente poder\u00e1 solicitar:<br>A) O reembolso do valor pago pela mercadoria, excluindo-se o valor cobrado pelo frete;<br>B) A utiliza\u00e7\u00e3o do cr\u00e9dito numa compra futura, exceto o valor do frete;<br>C) A troca por outro produto, arcando com a diferen\u00e7a de pre\u00e7o existente.<br>&#8211; As trocas dos produtos poder\u00e3o ser solicitadas uma \u00fanica vez. Se o cliente n\u00e3o ficar satisfeito com o produto da troca, o mesmo poder\u00e1 devolver e caber\u00e1 somente a indeniza\u00e7\u00e3o.<\/p>\n\n\n\n<p><strong>Desist\u00eancia \/ Arrependimento<\/strong><br>Para devolver um produto por desist\u00eancia ou arrependimento, as seguintes condi\u00e7\u00f5es dever\u00e3o ser observadas:<br>&#8211; O prazo para desistir ou trocar sua compra \u00e9 de 7 (sete) dias corridos, a contar do dia seguinte da data do recebimento do produto.<br>&#8211; O produto dever\u00e1 estar na embalagem original, sem ind\u00edcios de uso, sem viola\u00e7\u00e3o do lacre original do fabricante, acompanhado de todas as vias da nota fiscal, manual e todos os acess\u00f3rios que possui.<br>&#8211; Os valores ressarcidos ser\u00e3o os pre\u00e7os efetivamente pagos pela(s) mercadoria(s), subtraindo-se o valor do frete e demais encargos tribut\u00e1rios gerados pela desist\u00eancia<br>&#8211; Todas as despesas com frete decorrentes da troca ou cancelamento de venda motivada pelo arrependimento ou desist\u00eancia correr\u00e3o ao encargo exclusivo do consumidor.<br>&#8211; Se a op\u00e7\u00e3o for realizar a troca do produto por outro, deve-se verificar se o pre\u00e7o das mercadorias \u00e9 equivalente. Se ocorrer diferen\u00e7a entre os pre\u00e7os, os valores a maior dever\u00e3o ser pagos pelo consumidor para que a troca ocorra. De outro modo, se a menor, os valores ser\u00e3o reembolsados ao consumidor.&nbsp;<\/p>\n\n\n\n<p><strong>Imagens meramente&nbsp;ilustrativas<\/strong><\/p>\n\n\n\n<p><strong>&#8211;&nbsp;<\/strong>Em caso de desist\u00eancia ap\u00f3s os 7 dias corridos, com motivo de sutil diverg\u00eancia entre o produto recebido e imagem do anuncio; a troca ou devolu\u00e7\u00e3o n\u00e3o ser\u00e3o aceitas.<\/p>\n\n\n\n<p><strong>Devolu\u00e7\u00e3o pelos Correios<\/strong><br>Se o produto, junto com a embalagem na qual foi entregue, pesar menos de 30 kg e suas dimens\u00f5es n\u00e3o ultrapassarem 105 cm de altura, 105 cm de largura e 105 cm de comprimento, a devolu\u00e7\u00e3o pode ser feita por postagem.<br>Nosso atendimento enviar\u00e1, por e-mail, o c\u00f3digo de postagem que deve ser apresentado nas ag\u00eancias dos Correios.<br>Para postar o produto siga as instru\u00e7\u00f5es:<br>&#8211; acondicione o produto em sua embalagem original ou similar;<br>&#8211; devolva todos os itens\/acess\u00f3rios que acompanham o produto;<br>&#8211; junte a Nota Fiscal recebida no ato da entrega. \u00c9 imprescind\u00edvel que ela seja enviada para que o produto seja identificado;<br>&#8211; relate, no verso da Nota Fiscal, o motivo da devolu\u00e7\u00e3o.<\/p>\n\n\n\n<p><strong>Defeito<\/strong><br>Para devolver um produto por defeito, as seguintes condi\u00e7\u00f5es dever\u00e3o ser observadas:<br>&#8211; A solicita\u00e7\u00e3o de troca dever\u00e1 ser comunicada ao setor de atendimento ao cliente em at\u00e9 7 (sete) dias corridos, a contar do dia seguinte da data do recebimento.<br>&#8211; Todos os produtos passar\u00e3o por uma pr\u00e9via an\u00e1lise t\u00e9cnica para verifica\u00e7\u00e3o da exist\u00eancia de defeito de fabrica\u00e7\u00e3o. Caso seja constatado que n\u00e3o h\u00e1 defeito no produto, ou descumprimento de alguma das condi\u00e7\u00f5es descritas no t\u00f3pico anterior, CS Ferramentas providenciar\u00e1 o envio do mesmo produto ao endere\u00e7o do Cliente, sendo o frete pago pelo cliente.<br>&#8211; Os produtos devem ser devolvidos, preferencialmente, na embalagem original. \u00c9 indispens\u00e1vel que o lacre original do fabricante esteja intacto e que as mercadorias estejam acompanhadas da Nota Fiscal, do manual e todos os acess\u00f3rios.<br>Se o produto apresentar defeito ap\u00f3s 7 (sete) dias, a contar do dia seguinte da data do recebimento do produto, mas dentro do prazo de garantia do fabricante, voc\u00ea deve entrar em contato com o fabricante para comunicar a ocorr\u00eancia e obter esclarecimentos ou dirigir-se a uma das assist\u00eancias t\u00e9cnicas credenciadas pelo fabricante, indicadas no manual.<br>A garantia contratual \u00e9 de inteira responsabilidade do fabricante e seu prazo e forma de utiliza\u00e7\u00e3o constam no Termo de Garantia que acompanha o produto.<br>&#8211; A CS Ferramentas isenta-se da obriga\u00e7\u00e3o de trocar ou consertar qualquer produto cujo defeito tenha sido ocasionado por mau uso, de acordo com o laudo que nos \u00e9 fornecido pela Assist\u00eancia T\u00e9cnica, al\u00e9m de se isentar-se &nbsp;tamb\u00e9m da obriga\u00e7\u00e3o de atender \u00e0s solicita\u00e7\u00f5es de troca ou devolu\u00e7\u00e3o de qualquer produto devolvido sem comunica\u00e7\u00e3o ao atendimento ao cliente, fora do prazo ou com aus\u00eancia de itens\/acess\u00f3rios que o acompanham.<br>&#8211; A garantia contratual \u00e9 de inteira responsabilidade do fabricante e seu prazo e forma de utiliza\u00e7\u00e3o est\u00e3o mencionados no Termo de Garantia que acompanha o produto.<\/p>\n\n\n\n<p><strong>Outros Motivos<\/strong><br>&#8211; Caso perceba diverg\u00eancia no ato da entrega, pedimos que recuse o recebimento.<br>&#8211; Embalagem aberta ou avariada.<br>&#8211; Produto avariado.<br>&#8211; Produto desacordo com o pedido.<br>&#8211; Falta de acess\u00f3rios.<br>&#8211; Se receber o produto, entrar em contato com o Atendimento do Site. O prazo para solicita\u00e7\u00e3o da troca ser\u00e1 de 72 horas a contar do recebimento do mesmo.<br>&nbsp;<br>* Em caso de recusa no recebimento sem motivo de avaria de mercadoria ou da embalagem, a segunda entrega ser\u00e1 por conta do cliente.<br>* Em caso de mudan\u00e7a de endere\u00e7o de entrega sem pr\u00e9via comunica\u00e7\u00e3o, a reentrega ser\u00e1 por conta do cliente.<\/p>\n\n\n\n<p><strong>Restitui\u00e7\u00e3o do valor pago<\/strong><br>O valor do produto ser\u00e1 devolvido de acordo com a forma de pagamento utilizada na compra.<br>Em caso de pagamento com cart\u00e3o de cr\u00e9dito, a administradora do cart\u00e3o ser\u00e1 notificada e o estorno ocorrer\u00e1 na fatura seguinte ou na posterior, de uma s\u00f3 vez, qualquer que seja o n\u00famero de parcelas utilizado na compra. O prazo de ressarcimento depende da administradora do cart\u00e3o.<br>No caso de compras pagas com boleto banc\u00e1rio ou dep\u00f3sito identificado, a restitui\u00e7\u00e3o ser\u00e1 efetuada por meio de dep\u00f3sito banc\u00e1rio, em at\u00e9 5 (cinco) dias \u00fateis, somente na conta-corrente do(a) comprador(a) ou empresa compradora. \u00c9 necess\u00e1rio que o CPF do titular da conta-corrente ou CNPJ seja o mesmo que consta no pedido.<br>A restitui\u00e7\u00e3o dos valores ser\u00e1 processada somente ap\u00f3s o recebimento e an\u00e1lise do(s) produto(s) em nosso Centro de Distribui\u00e7\u00e3o.<br>Aten\u00e7\u00e3o: Nos isentamos da obriga\u00e7\u00e3o de atender \u00e0s solicita\u00e7\u00f5es de troca ou devolu\u00e7\u00e3o de qualquer produto devolvido sem comunica\u00e7\u00e3o ao atendimento ao cliente, fora do prazo ou com aus\u00eancia de itens\/acess\u00f3rios que o acompanham.<\/p>\n\n\n\n<p><strong>Entregas<\/strong><br>As entregas s\u00e3o realizadas no local indicado no pedido. Fazemos at\u00e9 tr\u00eas tentativas de entrega no local informado.<br>\u00c9 indispens\u00e1vel que, no endere\u00e7o solicitado, tenha uma pessoa para receber a mercadoria e assinar o comprovante de entrega.<br>Caso as tr\u00eas tentativas resultem em insucesso, o pedido retornar\u00e1 para a CS Ferramentas e o cliente dever\u00e1 pagar um novo frete e confirmar seu endere\u00e7o.<br>Ap\u00f3s a confirma\u00e7\u00e3o do endere\u00e7o, a mercadoria pode ser reenviada. O prazo de entrega, o mesmo informado na finaliza\u00e7\u00e3o do pedido, passa a contar a partir da confirma\u00e7\u00e3o do endere\u00e7o.<br>A entrega pode ser feita a terceiros, como parentes e porteiros, desde que aceitem o produto e assinem o comprovante de recebimento.<\/p>\n","protected":false},"excerpt":{"rendered":"<p>Condi\u00e7\u00f5es Gerais&#8211; Todas as ocorr\u00eancias que envolvam troca ou devolu\u00e7\u00e3o de compras realizadas pelo site devem ser feitas no prazo de at\u00e9 7 (sete) dias corridos, a contar do dia<\/p>\n","protected":false},"author":1,"featured_media":0,"parent":0,"menu_order":0,"comment_status":"closed","ping_status":"open","template":"","meta":{"_uag_custom_page_level_css":"","footnotes":""},"class_list":{"1":"page","2":"type-page","3":"status-publish","4":"hentry"},"_hostinger_reach_plugin_has_subscription_block":false,"_hostinger_reach_plugin_is_elementor":false,"uagb_featured_image_src":{"full":false,"thumbnail":false,"medium":false,"medium_large":false,"large":false,"1536x1536":false,"2048x2048":false,"orchid-store-thumbnail-extra-large":false,"orchid-store-thumbnail-large":false,"woocommerce_thumbnail":false,"woocommerce_single":false,"woocommerce_gallery_thumbnail":false,"quick_view_image_size":false},"uagb_author_info":{"display_name":"creativeprojectsam","author_link":"https:\/\/www.creativeprojects.com.br\/shop\/author\/creativeprojectsam\/"},"uagb_comment_info":0,"uagb_excerpt":"Condi\u00e7\u00f5es Gerais&#8211; Todas as ocorr\u00eancias que envolvam troca ou devolu\u00e7\u00e3o de compras realizadas pelo site devem ser feitas no prazo de at\u00e9 7 (sete) dias corridos, a contar do dia","jetpack_sharing_enabled":true,"_links":{"self":[{"href":"https:\/\/www.creativeprojects.com.br\/shop\/wp-json\/wp\/v2\/pages\/3","targetHints":{"allow":["GET"]}}],"collection":[{"href":"https:\/\/www.creativeprojects.com.br\/shop\/wp-json\/wp\/v2\/pages"}],"about":[{"href":"https:\/\/www.creativeprojects.com.br\/shop\/wp-json\/wp\/v2\/types\/page"}],"author":[{"embeddable":true,"href":"https:\/\/www.creativeprojects.com.br\/shop\/wp-json\/wp\/v2\/users\/1"}],"replies":[{"embeddable":true,"href":"https:\/\/www.creativeprojects.com.br\/shop\/wp-json\/wp\/v2\/comments?post=3"}],"version-history":[{"count":3,"href":"https:\/\/www.creativeprojects.com.br\/shop\/wp-json\/wp\/v2\/pages\/3\/revisions"}],"predecessor-version":[{"id":7320,"href":"https:\/\/www.creativeprojects.com.br\/shop\/wp-json\/wp\/v2\/pages\/3\/revisions\/7320"}],"wp:attachment":[{"href":"https:\/\/www.creativeprojects.com.br\/shop\/wp-json\/wp\/v2\/media?parent=3"}],"curies":[{"name":"wp","href":"https:\/\/api.w.org\/{rel}","templated":true}]}}