{"id":10135,"date":"2024-11-09T15:16:14","date_gmt":"2024-11-09T18:16:14","guid":{"rendered":"https:\/\/www.creativeprojects.com.br\/shop\/?post_type=product&#038;p=10135"},"modified":"2024-11-13T11:21:01","modified_gmt":"2024-11-13T14:21:01","slug":"smartphone-samsung-galaxy-a15-65-128gb-azul-claro-4g-4gb-ram-cam-tripla-50mp-selfie-13mp-5000mah-dual-chip","status":"publish","type":"product","link":"https:\/\/www.creativeprojects.com.br\/shop\/produto\/smartphone-samsung-galaxy-a15-65-128gb-azul-claro-4g-4gb-ram-cam-tripla-50mp-selfie-13mp-5000mah-dual-chip\/","title":{"rendered":"Smartphone Samsung Galaxy A15 6,5&#8243; 128GB Azul Claro 4G 4GB RAM C\u00e2m. Tripla 50MP + Selfie 13MP 5000mAh Dual Chip"},"content":{"rendered":"<table class=\"sc-iGgWBj iCEidV sc-bHnlcS eBGbJG\">\n<tbody>\n<tr>\n<td class=\"sc-cKXybt kHMerG\">Marca<\/td>\n<td class=\"sc-lgjHQU lnneGm\">\n<table class=\"sc-cgjDci yAnTW\">\n<tbody>\n<tr>\n<td><a class=\"sc-JrDLc gkEUmz sc-djTQaJ eOUcac sc-djTQaJ eOUcac\" href=\"https:\/\/www.magazinevoce.com.br\/magazineshopoffers\/marcas\/samsung\/\" data-testid=\"link\">Samsung<\/a><\/td>\n<\/tr>\n<\/tbody>\n<\/table>\n<\/td>\n<\/tr>\n<tr>\n<td class=\"sc-cKXybt kHMerG\">Refer\u00eancia<\/td>\n<td class=\"sc-lgjHQU lnneGm\">\n<table class=\"sc-cgjDci yAnTW\">\n<tbody>\n<tr>\n<td>SM-A155MLBRZTO<\/td>\n<\/tr>\n<\/tbody>\n<\/table>\n<\/td>\n<\/tr>\n<tr>\n<td class=\"sc-cKXybt kHMerG\">Modelo<\/td>\n<td class=\"sc-lgjHQU lnneGm\">\n<table class=\"sc-cgjDci yAnTW\">\n<tbody>\n<tr>\n<td>A15<\/td>\n<\/tr>\n<\/tbody>\n<\/table>\n<\/td>\n<\/tr>\n<tr>\n<td class=\"sc-cKXybt kHMerG\">Linha<\/td>\n<td class=\"sc-lgjHQU lnneGm\">\n<table class=\"sc-cgjDci yAnTW\">\n<tbody>\n<tr>\n<td>Galaxy<\/td>\n<\/tr>\n<\/tbody>\n<\/table>\n<\/td>\n<\/tr>\n<tr>\n<td class=\"sc-cKXybt kHMerG\">Cor<\/td>\n<td class=\"sc-lgjHQU lnneGm\">\n<table class=\"sc-cgjDci yAnTW\">\n<tbody>\n<tr>\n<td>Azul Claro<\/td>\n<\/tr>\n<\/tbody>\n<\/table>\n<\/td>\n<\/tr>\n<tr>\n<td class=\"sc-cKXybt kHMerG\">Armazenamento Interno<\/td>\n<td class=\"sc-lgjHQU lnneGm\">\n<table class=\"sc-cgjDci yAnTW\">\n<tbody>\n<tr>\n<td>128GB<\/td>\n<\/tr>\n<\/tbody>\n<\/table>\n<\/td>\n<\/tr>\n<tr>\n<td class=\"sc-cKXybt kHMerG\">Informa\u00e7\u00f5es da Armazenamento Interno<\/td>\n<td class=\"sc-lgjHQU lnneGm\">\n<table class=\"sc-cgjDci yAnTW\">\n<tbody>\n<tr>\n<td>A mem\u00f3ria total pode variar conforme aplicativos pr\u00e9-instalados e sistema operacional<\/td>\n<\/tr>\n<\/tbody>\n<\/table>\n<\/td>\n<\/tr>\n<tr>\n<td class=\"sc-cKXybt kHMerG\">Suporte ao Cart\u00e3o de Mem\u00f3ria<\/td>\n<td class=\"sc-lgjHQU lnneGm\">\n<table class=\"sc-cgjDci yAnTW\">\n<tbody>\n<tr>\n<td>Sim<\/td>\n<\/tr>\n<\/tbody>\n<\/table>\n<\/td>\n<\/tr>\n<tr>\n<td class=\"sc-cKXybt kHMerG\">Mem\u00f3ria RAM<\/td>\n<td class=\"sc-lgjHQU lnneGm\">\n<table class=\"sc-cgjDci yAnTW\">\n<tbody>\n<tr>\n<td>4GB<\/td>\n<\/tr>\n<\/tbody>\n<\/table>\n<\/td>\n<\/tr>\n<tr>\n<td class=\"sc-cKXybt kHMerG\">Tipo de Tela<\/td>\n<td class=\"sc-lgjHQU lnneGm\">\n<table class=\"sc-cgjDci yAnTW\">\n<tbody>\n<tr>\n<td>Infinita Super AMOLED<\/td>\n<\/tr>\n<\/tbody>\n<\/table>\n<\/td>\n<\/tr>\n<tr>\n<td class=\"sc-cKXybt kHMerG\">Tamanho da Tela<\/td>\n<td class=\"sc-lgjHQU lnneGm\">\n<table class=\"sc-cgjDci yAnTW\">\n<tbody>\n<tr>\n<td>6,5&#8243; (163,9mm)<\/td>\n<\/tr>\n<\/tbody>\n<\/table>\n<\/td>\n<\/tr>\n<tr>\n<td class=\"sc-cKXybt kHMerG\">Resolu\u00e7\u00e3o da Tela<\/td>\n<td class=\"sc-lgjHQU lnneGm\">\n<table class=\"sc-cgjDci yAnTW\">\n<tbody>\n<tr>\n<td>FHD+ (1080&#215;2340)<\/td>\n<\/tr>\n<\/tbody>\n<\/table>\n<\/td>\n<\/tr>\n<tr>\n<td class=\"sc-cKXybt kHMerG\">Taxa de Atualiza\u00e7\u00e3o da Tela<\/td>\n<td class=\"sc-lgjHQU lnneGm\">\n<table class=\"sc-cgjDci yAnTW\">\n<tbody>\n<tr>\n<td>90Hz<\/td>\n<\/tr>\n<\/tbody>\n<\/table>\n<\/td>\n<\/tr>\n<tr>\n<td class=\"sc-cKXybt kHMerG\">Tecnologia<\/td>\n<td class=\"sc-lgjHQU lnneGm\">\n<table class=\"sc-cgjDci yAnTW\">\n<tbody>\n<tr>\n<td>4G<\/td>\n<\/tr>\n<\/tbody>\n<\/table>\n<\/td>\n<\/tr>\n<tr>\n<td class=\"sc-cKXybt kHMerG\">Aten\u00e7\u00e3o<\/td>\n<td class=\"sc-lgjHQU lnneGm\">\n<table class=\"sc-cgjDci yAnTW\">\n<tbody>\n<tr>\n<td>Produto n\u00e3o acompanha fone de ouvido<\/td>\n<\/tr>\n<\/tbody>\n<\/table>\n<\/td>\n<\/tr>\n<tr>\n<td class=\"sc-cKXybt kHMerG\">Conectividade<\/td>\n<td class=\"sc-lgjHQU lnneGm\">\n<table class=\"sc-cgjDci yAnTW\">\n<tbody>\n<tr>\n<td>Bluetooth, Wi-Fi e Roteador Wi-Fi<\/td>\n<\/tr>\n<\/tbody>\n<\/table>\n<\/td>\n<\/tr>\n<tr>\n<td class=\"sc-cKXybt kHMerG\">Localiza\u00e7\u00e3o<\/td>\n<td class=\"sc-lgjHQU lnneGm\">\n<table class=\"sc-cgjDci yAnTW\">\n<tbody>\n<tr>\n<td>GPS<\/td>\n<\/tr>\n<\/tbody>\n<\/table>\n<\/td>\n<\/tr>\n<tr>\n<td class=\"sc-cKXybt kHMerG\">Processador<\/td>\n<td class=\"sc-lgjHQU lnneGm\">\n<table class=\"sc-cgjDci yAnTW\">\n<tbody>\n<tr>\n<td>Octa-Core<\/td>\n<\/tr>\n<\/tbody>\n<\/table>\n<\/td>\n<\/tr>\n<tr>\n<td class=\"sc-cKXybt kHMerG\">Modelo do Processador<\/td>\n<td class=\"sc-lgjHQU lnneGm\">\n<table class=\"sc-cgjDci yAnTW\">\n<tbody>\n<tr>\n<td>MediaTek MT6789<\/td>\n<\/tr>\n<\/tbody>\n<\/table>\n<\/td>\n<\/tr>\n<tr>\n<td class=\"sc-cKXybt kHMerG\">Velocidade do Processador<\/td>\n<td class=\"sc-lgjHQU lnneGm\">\n<table class=\"sc-cgjDci yAnTW\">\n<tbody>\n<tr>\n<td>2GHz<\/td>\n<\/tr>\n<\/tbody>\n<\/table>\n<\/td>\n<\/tr>\n<tr>\n<td class=\"sc-cKXybt kHMerG\">Sistema Operacional<\/td>\n<td class=\"sc-lgjHQU lnneGm\">\n<table class=\"sc-cgjDci yAnTW\">\n<tbody>\n<tr>\n<td>Android<\/td>\n<\/tr>\n<\/tbody>\n<\/table>\n<\/td>\n<\/tr>\n<tr>\n<td class=\"sc-cKXybt kHMerG\">Vers\u00e3o do Sistema Operacional<\/td>\n<td class=\"sc-lgjHQU lnneGm\">\n<table class=\"sc-cgjDci yAnTW\">\n<tbody>\n<tr>\n<td>14.0<\/td>\n<\/tr>\n<\/tbody>\n<\/table>\n<\/td>\n<\/tr>\n<tr>\n<td class=\"sc-cKXybt kHMerG\">Quantidade de Chips<\/td>\n<td class=\"sc-lgjHQU lnneGm\">\n<table class=\"sc-cgjDci yAnTW\">\n<tbody>\n<tr>\n<td>Dual Chip<\/td>\n<\/tr>\n<\/tbody>\n<\/table>\n<\/td>\n<\/tr>\n<tr>\n<td class=\"sc-cKXybt kHMerG\">Tipo de Chip<\/td>\n<td class=\"sc-lgjHQU lnneGm\">\n<table class=\"sc-cgjDci yAnTW\">\n<tbody>\n<tr>\n<td>Nano-SIM (4FF)<\/td>\n<\/tr>\n<\/tbody>\n<\/table>\n<\/td>\n<\/tr>\n<tr>\n<td class=\"sc-cKXybt kHMerG\">Resolu\u00e7\u00e3o da C\u00e2mera Traseira<\/td>\n<td class=\"sc-lgjHQU lnneGm\">\n<table class=\"sc-cgjDci yAnTW\">\n<tbody>\n<tr>\n<td>Tripla de 50MP + 5MP + 2MP<\/td>\n<\/tr>\n<\/tbody>\n<\/table>\n<\/td>\n<\/tr>\n<tr>\n<td class=\"sc-cKXybt kHMerG\">Recursos da C\u00e2mera Traseira<\/td>\n<td class=\"sc-lgjHQU lnneGm\">\n<table class=\"sc-cgjDci yAnTW\">\n<tbody>\n<tr>\n<td>Abertura F1.8 + F2.2 + F2.4, Zoom Digital at\u00e9 10x e Flash-LED<\/td>\n<\/tr>\n<\/tbody>\n<\/table>\n<\/td>\n<\/tr>\n<tr>\n<td class=\"sc-cKXybt kHMerG\">Resolu\u00e7\u00e3o da C\u00e2mera Frontal<\/td>\n<td class=\"sc-lgjHQU lnneGm\">\n<table class=\"sc-cgjDci yAnTW\">\n<tbody>\n<tr>\n<td>13MP<\/td>\n<\/tr>\n<\/tbody>\n<\/table>\n<\/td>\n<\/tr>\n<tr>\n<td class=\"sc-cKXybt kHMerG\">Recursos da C\u00e2mera Frontal<\/td>\n<td class=\"sc-lgjHQU lnneGm\">\n<table class=\"sc-cgjDci yAnTW\">\n<tbody>\n<tr>\n<td>Abertura F2.0 e Flash frontal na tela<\/td>\n<\/tr>\n<\/tbody>\n<\/table>\n<\/td>\n<\/tr>\n<tr>\n<td class=\"sc-cKXybt kHMerG\">Resolu\u00e7\u00e3o da Grava\u00e7\u00e3o de V\u00eddeos<\/td>\n<td class=\"sc-lgjHQU lnneGm\">\n<table class=\"sc-cgjDci yAnTW\">\n<tbody>\n<tr>\n<td>FHD (1920&#215;1080) | @30fps<\/td>\n<\/tr>\n<\/tbody>\n<\/table>\n<\/td>\n<\/tr>\n<tr>\n<td class=\"sc-cKXybt kHMerG\">Sensores<\/td>\n<td class=\"sc-lgjHQU lnneGm\">\n<table class=\"sc-cgjDci yAnTW\">\n<tbody>\n<tr>\n<td>Aceler\u00f4metro, Sensor Geomagn\u00e9tico, Proximidade, Luminosidade<\/td>\n<\/tr>\n<\/tbody>\n<\/table>\n<\/td>\n<\/tr>\n<tr>\n<td class=\"sc-cKXybt kHMerG\">Capacidade da Bateria<\/td>\n<td class=\"sc-lgjHQU lnneGm\">\n<table class=\"sc-cgjDci yAnTW\">\n<tbody>\n<tr>\n<td>5000mAh<\/td>\n<\/tr>\n<\/tbody>\n<\/table>\n<\/td>\n<\/tr>\n<tr>\n<td class=\"sc-cKXybt kHMerG\">Carregamento R\u00e1pido<\/td>\n<td class=\"sc-lgjHQU lnneGm\">\n<table class=\"sc-cgjDci yAnTW\">\n<tbody>\n<tr>\n<td>Compat\u00edvel (25W)<\/td>\n<\/tr>\n<\/tbody>\n<\/table>\n<\/td>\n<\/tr>\n<tr>\n<td class=\"sc-cKXybt kHMerG\">Operadora<\/td>\n<td class=\"sc-lgjHQU lnneGm\">\n<table class=\"sc-cgjDci yAnTW\">\n<tbody>\n<tr>\n<td>Desbloqueado para todas as operadoras<\/td>\n<\/tr>\n<\/tbody>\n<\/table>\n<\/td>\n<\/tr>\n<tr>\n<td class=\"sc-cKXybt kHMerG\">Certificado Homologado pela Anatel N\u00famero<\/td>\n<td class=\"sc-lgjHQU lnneGm\">\n<table class=\"sc-cgjDci yAnTW\">\n<tbody>\n<tr>\n<td>19825-23-00953<\/td>\n<\/tr>\n<\/tbody>\n<\/table>\n<\/td>\n<\/tr>\n<tr>\n<td class=\"sc-cKXybt kHMerG\">Peso do Produto<\/td>\n<td class=\"sc-lgjHQU lnneGm\">\n<table class=\"sc-cgjDci yAnTW\">\n<tbody>\n<tr>\n<td>201g<\/td>\n<\/tr>\n<\/tbody>\n<\/table>\n<\/td>\n<\/tr>\n<tr>\n<td class=\"sc-cKXybt kHMerG\">Peso do Produto com Embalagem<\/td>\n<td class=\"sc-lgjHQU lnneGm\">\n<table class=\"sc-cgjDci yAnTW\">\n<tbody>\n<tr>\n<td>381g<\/td>\n<\/tr>\n<\/tbody>\n<\/table>\n<\/td>\n<\/tr>\n<tr>\n<td class=\"sc-cKXybt kHMerG\">Dimens\u00f5es do Produto<\/td>\n<td class=\"sc-lgjHQU lnneGm\">\n<table class=\"sc-cgjDci yAnTW\">\n<tbody>\n<tr>\n<td>Altura: 16,1cm, Largura: 7,68cm, Profundidade: 0,84cm<\/td>\n<\/tr>\n<\/tbody>\n<\/table>\n<\/td>\n<\/tr>\n<tr>\n<td class=\"sc-cKXybt kHMerG\">Dimens\u00f5es do Produto com Embalagem<\/td>\n<td class=\"sc-lgjHQU lnneGm\">\n<table class=\"sc-cgjDci yAnTW\">\n<tbody>\n<tr>\n<td>Altura: 16,3cm, Largura: 8,22cm, Profundidade: 3,73cm<\/td>\n<\/tr>\n<\/tbody>\n<\/table>\n<\/td>\n<\/tr>\n<tr>\n<td class=\"sc-cKXybt kHMerG\">Prazo de Garantia<\/td>\n<td class=\"sc-lgjHQU lnneGm\">\n<table class=\"sc-cgjDci yAnTW\">\n<tbody>\n<tr>\n<td>01 Ano (3 meses de garantia legal e mais 9 meses de garantia especial concedida pelo fabricante)<\/td>\n<\/tr>\n<\/tbody>\n<\/table>\n<\/td>\n<\/tr>\n<tr>\n<td class=\"sc-cKXybt kHMerG\">Conte\u00fado da Embalagem<\/td>\n<td class=\"sc-lgjHQU lnneGm\">\n<table class=\"sc-cgjDci yAnTW\">\n<tbody>\n<tr>\n<td>1 Smartphone, 1 Carregador, 1 Cabo USB, 1 Extrator de Chip e Manual do usu\u00e1rio<\/td>\n<\/tr>\n<\/tbody>\n<\/table>\n<\/td>\n<\/tr>\n<\/tbody>\n<\/table>\n","protected":false},"excerpt":{"rendered":"<p>O Samsung Galaxy A15 azul claro \u00e9 o smartphone que vai te acompanhar em todos os momentos. Com design moderno e infinita Super AMOLED de 6,5&#8243;, ele \u00e9 perfeito para assistir filmes, jogar e navegar nas redes sociais. Para tirar \u00f3timas fotos, a c\u00e2mera traseira \u00e9 tripla de 50MP + 5MP + 2MP que garantem fotos e v\u00eddeos de alta qualidade, enquanto a c\u00e2mera frontal de 13MP, \u00e9 ideal para selfies e videochamadas. Para guardar diversos arquivos, ele \u00e9 equipado com 128GB de armazenamento interno e os 4GB de mem\u00f3ria RAM, garante um desempenho r\u00e1pido e eficiente, mesmo em multitarefas. Para acessar a internet de onde estiver, ele tem tecnologia 4G e \u00e9 Dual Chip. Al\u00e9m disso, tem bateria de longa dura\u00e7\u00e3o de 5000mAh para voc\u00ea ficar conectado o dia todo. Produto n\u00e3o acompanha fone de ouvido.<\/p>\n","protected":false},"featured_media":10136,"comment_status":"open","ping_status":"closed","template":"","meta":{"_uag_custom_page_level_css":""},"product_brand":[],"product_cat":[21],"product_tag":[219,76],"class_list":{"0":"post-10135","1":"product","2":"type-product","3":"status-publish","6":"product_cat-celular-e-smartphone","7":"product_tag-a15","8":"product_tag-samsung","10":"first","11":"instock","12":"sale","13":"taxable","14":"shipping-taxable","15":"purchasable","16":"product-type-simple"},"uagb_featured_image_src":{"full":["https:\/\/i0.wp.com\/www.creativeprojects.com.br\/shop\/wp-content\/uploads\/2024\/11\/A15-01.jpg?fit=560%2C560&ssl=1",560,560,false],"thumbnail":["https:\/\/i0.wp.com\/www.creativeprojects.com.br\/shop\/wp-content\/uploads\/2024\/11\/A15-01.jpg?resize=150%2C150&ssl=1",150,150,true],"medium":["https:\/\/i0.wp.com\/www.creativeprojects.com.br\/shop\/wp-content\/uploads\/2024\/11\/A15-01.jpg?fit=300%2C300&ssl=1",300,300,true],"medium_large":["https:\/\/i0.wp.com\/www.creativeprojects.com.br\/shop\/wp-content\/uploads\/2024\/11\/A15-01.jpg?fit=560%2C560&ssl=1",560,560,true],"large":["https:\/\/i0.wp.com\/www.creativeprojects.com.br\/shop\/wp-content\/uploads\/2024\/11\/A15-01.jpg?fit=560%2C560&ssl=1",560,560,true],"1536x1536":["https:\/\/i0.wp.com\/www.creativeprojects.com.br\/shop\/wp-content\/uploads\/2024\/11\/A15-01.jpg?fit=560%2C560&ssl=1",560,560,true],"2048x2048":["https:\/\/i0.wp.com\/www.creativeprojects.com.br\/shop\/wp-content\/uploads\/2024\/11\/A15-01.jpg?fit=560%2C560&ssl=1",560,560,true],"orchid-store-thumbnail-extra-large":["https:\/\/i0.wp.com\/www.creativeprojects.com.br\/shop\/wp-content\/uploads\/2024\/11\/A15-01.jpg?resize=560%2C420&ssl=1",560,420,true],"orchid-store-thumbnail-large":["https:\/\/i0.wp.com\/www.creativeprojects.com.br\/shop\/wp-content\/uploads\/2024\/11\/A15-01.jpg?resize=560%2C450&ssl=1",560,450,true],"woocommerce_thumbnail":["https:\/\/i0.wp.com\/www.creativeprojects.com.br\/shop\/wp-content\/uploads\/2024\/11\/A15-01.jpg?resize=300%2C300&ssl=1",300,300,true],"woocommerce_single":["https:\/\/i0.wp.com\/www.creativeprojects.com.br\/shop\/wp-content\/uploads\/2024\/11\/A15-01.jpg?fit=560%2C560&ssl=1",560,560,true],"woocommerce_gallery_thumbnail":["https:\/\/i0.wp.com\/www.creativeprojects.com.br\/shop\/wp-content\/uploads\/2024\/11\/A15-01.jpg?resize=100%2C100&ssl=1",100,100,true],"quick_view_image_size":["https:\/\/i0.wp.com\/www.creativeprojects.com.br\/shop\/wp-content\/uploads\/2024\/11\/A15-01.jpg?resize=420%2C560&ssl=1",420,560,true]},"uagb_author_info":{"display_name":"creativeprojectsam","author_link":"https:\/\/www.creativeprojects.com.br\/shop\/author\/"},"uagb_comment_info":0,"uagb_excerpt":"O Samsung Galaxy A15 azul claro \u00e9 o smartphone que vai te acompanhar em todos os momentos. Com design moderno e infinita Super AMOLED de 6,5\", ele \u00e9 perfeito para assistir filmes, jogar e navegar nas redes sociais. Para tirar \u00f3timas fotos, a c\u00e2mera traseira \u00e9 tripla de 50MP + 5MP + 2MP que garantem&hellip;","jetpack_sharing_enabled":true,"_links":{"self":[{"href":"https:\/\/www.creativeprojects.com.br\/shop\/wp-json\/wp\/v2\/product\/10135","targetHints":{"allow":["GET"]}}],"collection":[{"href":"https:\/\/www.creativeprojects.com.br\/shop\/wp-json\/wp\/v2\/product"}],"about":[{"href":"https:\/\/www.creativeprojects.com.br\/shop\/wp-json\/wp\/v2\/types\/product"}],"replies":[{"embeddable":true,"href":"https:\/\/www.creativeprojects.com.br\/shop\/wp-json\/wp\/v2\/comments?post=10135"}],"version-history":[{"count":2,"href":"https:\/\/www.creativeprojects.com.br\/shop\/wp-json\/wp\/v2\/product\/10135\/revisions"}],"predecessor-version":[{"id":10177,"href":"https:\/\/www.creativeprojects.com.br\/shop\/wp-json\/wp\/v2\/product\/10135\/revisions\/10177"}],"wp:featuredmedia":[{"embeddable":true,"href":"https:\/\/www.creativeprojects.com.br\/shop\/wp-json\/wp\/v2\/media\/10136"}],"wp:attachment":[{"href":"https:\/\/www.creativeprojects.com.br\/shop\/wp-json\/wp\/v2\/media?parent=10135"}],"wp:term":[{"taxonomy":"product_brand","embeddable":true,"href":"https:\/\/www.creativeprojects.com.br\/shop\/wp-json\/wp\/v2\/product_brand?post=10135"},{"taxonomy":"product_cat","embeddable":true,"href":"https:\/\/www.creativeprojects.com.br\/shop\/wp-json\/wp\/v2\/product_cat?post=10135"},{"taxonomy":"product_tag","embeddable":true,"href":"https:\/\/www.creativeprojects.com.br\/shop\/wp-json\/wp\/v2\/product_tag?post=10135"}],"curies":[{"name":"wp","href":"https:\/\/api.w.org\/{rel}","templated":true}]}}