{"id":10147,"date":"2024-11-09T15:47:59","date_gmt":"2024-11-09T18:47:59","guid":{"rendered":"https:\/\/www.creativeprojects.com.br\/shop\/?post_type=product&#038;p=10147"},"modified":"2024-11-13T11:21:57","modified_gmt":"2024-11-13T14:21:57","slug":"smartphone-samsung-galaxy-s23-256gb-preto-5g-8gb-ram-galaxy-buds-fe-sem-fio-grafite","status":"publish","type":"product","link":"https:\/\/www.creativeprojects.com.br\/shop\/produto\/smartphone-samsung-galaxy-s23-256gb-preto-5g-8gb-ram-galaxy-buds-fe-sem-fio-grafite\/","title":{"rendered":"Smartphone Samsung Galaxy S23 256GB Preto 5G &#8211; 8GB RAM + Galaxy Buds FE Sem Fio Grafite"},"content":{"rendered":"<table class=\"sc-iGgWBj iCEidV sc-bHnlcS eBGbJG\">\n<tbody>\n<tr>\n<td class=\"sc-cKXybt kHMerG\">Marca<\/td>\n<td class=\"sc-lgjHQU lnneGm\">\n<table class=\"sc-cgjDci yAnTW\">\n<tbody>\n<tr>\n<td><a class=\"sc-JrDLc gkEUmz sc-djTQaJ eOUcac sc-djTQaJ eOUcac\" href=\"https:\/\/www.magazinevoce.com.br\/magazineshopoffers\/marcas\/samsung\/\" data-testid=\"link\">Samsung<\/a><\/td>\n<\/tr>\n<\/tbody>\n<\/table>\n<\/td>\n<\/tr>\n<tr>\n<td class=\"sc-cKXybt kHMerG\">Refer\u00eancia<\/td>\n<td class=\"sc-lgjHQU lnneGm\">\n<table class=\"sc-cgjDci yAnTW\">\n<tbody>\n<tr>\n<td>SM-S911BZKSZTO<\/td>\n<\/tr>\n<\/tbody>\n<\/table>\n<\/td>\n<\/tr>\n<tr>\n<td class=\"sc-cKXybt kHMerG\">Modelo<\/td>\n<td class=\"sc-lgjHQU lnneGm\">\n<table class=\"sc-cgjDci yAnTW\">\n<tbody>\n<tr>\n<td>S23<\/td>\n<\/tr>\n<\/tbody>\n<\/table>\n<\/td>\n<\/tr>\n<tr>\n<td class=\"sc-cKXybt kHMerG\">Linha<\/td>\n<td class=\"sc-lgjHQU lnneGm\">\n<table class=\"sc-cgjDci yAnTW\">\n<tbody>\n<tr>\n<td>Galaxy<\/td>\n<\/tr>\n<\/tbody>\n<\/table>\n<\/td>\n<\/tr>\n<tr>\n<td class=\"sc-cKXybt kHMerG\">Cor<\/td>\n<td class=\"sc-lgjHQU lnneGm\">\n<table class=\"sc-cgjDci yAnTW\">\n<tbody>\n<tr>\n<td>Preto<\/td>\n<\/tr>\n<\/tbody>\n<\/table>\n<\/td>\n<\/tr>\n<tr>\n<td class=\"sc-cKXybt kHMerG\">Armazenamento Interno<\/td>\n<td class=\"sc-lgjHQU lnneGm\">\n<table class=\"sc-cgjDci yAnTW\">\n<tbody>\n<tr>\n<td>256GB<\/td>\n<\/tr>\n<\/tbody>\n<\/table>\n<\/td>\n<\/tr>\n<tr>\n<td class=\"sc-cKXybt kHMerG\">Informa\u00e7\u00f5es da Armazenamento Interno<\/td>\n<td class=\"sc-lgjHQU lnneGm\">\n<table class=\"sc-cgjDci yAnTW\">\n<tbody>\n<tr>\n<td>A mem\u00f3ria total pode variar conforme aplicativos pr\u00e9-instalados e sistema operacional.<\/td>\n<\/tr>\n<\/tbody>\n<\/table>\n<\/td>\n<\/tr>\n<tr>\n<td class=\"sc-cKXybt kHMerG\">Mem\u00f3ria RAM<\/td>\n<td class=\"sc-lgjHQU lnneGm\">\n<table class=\"sc-cgjDci yAnTW\">\n<tbody>\n<tr>\n<td>8GB<\/td>\n<\/tr>\n<\/tbody>\n<\/table>\n<\/td>\n<\/tr>\n<tr>\n<td class=\"sc-cKXybt kHMerG\">Tipo de Tela<\/td>\n<td class=\"sc-lgjHQU lnneGm\">\n<table class=\"sc-cgjDci yAnTW\">\n<tbody>\n<tr>\n<td>Dynamic AMOLED 2X<\/td>\n<\/tr>\n<\/tbody>\n<\/table>\n<\/td>\n<\/tr>\n<tr>\n<td class=\"sc-cKXybt kHMerG\">Tamanho da Tela<\/td>\n<td class=\"sc-lgjHQU lnneGm\">\n<table class=\"sc-cgjDci yAnTW\">\n<tbody>\n<tr>\n<td>6,1&#8243;<\/td>\n<\/tr>\n<\/tbody>\n<\/table>\n<\/td>\n<\/tr>\n<tr>\n<td class=\"sc-cKXybt kHMerG\">Resolu\u00e7\u00e3o da Tela<\/td>\n<td class=\"sc-lgjHQU lnneGm\">\n<table class=\"sc-cgjDci yAnTW\">\n<tbody>\n<tr>\n<td>FHD+ (1080&#215;2340)<\/td>\n<\/tr>\n<\/tbody>\n<\/table>\n<\/td>\n<\/tr>\n<tr>\n<td class=\"sc-cKXybt kHMerG\">Rede M\u00f3vel<\/td>\n<td class=\"sc-lgjHQU lnneGm\">\n<table class=\"sc-cgjDci yAnTW\">\n<tbody>\n<tr>\n<td>5G<\/td>\n<\/tr>\n<\/tbody>\n<\/table>\n<\/td>\n<\/tr>\n<tr>\n<td class=\"sc-cKXybt kHMerG\">Aten\u00e7\u00e3o<\/td>\n<td class=\"sc-lgjHQU lnneGm\">\n<table class=\"sc-cgjDci yAnTW\">\n<tbody>\n<tr>\n<td>Produto n\u00e3o acompanha fone de ouvido.<\/td>\n<\/tr>\n<\/tbody>\n<\/table>\n<\/td>\n<\/tr>\n<tr>\n<td class=\"sc-cKXybt kHMerG\">Conectividade<\/td>\n<td class=\"sc-lgjHQU lnneGm\">\n<table class=\"sc-cgjDci yAnTW\">\n<tbody>\n<tr>\n<td>Wi-Fi, Bluetooth<\/td>\n<\/tr>\n<\/tbody>\n<\/table>\n<\/td>\n<\/tr>\n<tr>\n<td class=\"sc-cKXybt kHMerG\">Localiza\u00e7\u00e3o<\/td>\n<td class=\"sc-lgjHQU lnneGm\">\n<table class=\"sc-cgjDci yAnTW\">\n<tbody>\n<tr>\n<td>GPS<\/td>\n<\/tr>\n<\/tbody>\n<\/table>\n<\/td>\n<\/tr>\n<tr>\n<td class=\"sc-cKXybt kHMerG\">Processador<\/td>\n<td class=\"sc-lgjHQU lnneGm\">\n<table class=\"sc-cgjDci yAnTW\">\n<tbody>\n<tr>\n<td>Qualcomm Snapdragon 8<\/td>\n<\/tr>\n<\/tbody>\n<\/table>\n<\/td>\n<\/tr>\n<tr>\n<td class=\"sc-cKXybt kHMerG\">Modelo do Processador<\/td>\n<td class=\"sc-lgjHQU lnneGm\">\n<table class=\"sc-cgjDci yAnTW\">\n<tbody>\n<tr>\n<td>Gen 2<\/td>\n<\/tr>\n<\/tbody>\n<\/table>\n<\/td>\n<\/tr>\n<tr>\n<td class=\"sc-cKXybt kHMerG\">Velocidade do Processador<\/td>\n<td class=\"sc-lgjHQU lnneGm\">\n<table class=\"sc-cgjDci yAnTW\">\n<tbody>\n<tr>\n<td>At\u00e9 3.36GHz<\/td>\n<\/tr>\n<\/tbody>\n<\/table>\n<\/td>\n<\/tr>\n<tr>\n<td class=\"sc-cKXybt kHMerG\">Sistema Operacional<\/td>\n<td class=\"sc-lgjHQU lnneGm\">\n<table class=\"sc-cgjDci yAnTW\">\n<tbody>\n<tr>\n<td>Android<\/td>\n<\/tr>\n<\/tbody>\n<\/table>\n<\/td>\n<\/tr>\n<tr>\n<td class=\"sc-cKXybt kHMerG\">Vers\u00e3o do Sistema Operacional<\/td>\n<td class=\"sc-lgjHQU lnneGm\">\n<table class=\"sc-cgjDci yAnTW\">\n<tbody>\n<tr>\n<td>13.0<\/td>\n<\/tr>\n<\/tbody>\n<\/table>\n<\/td>\n<\/tr>\n<tr>\n<td class=\"sc-cKXybt kHMerG\">Quantidade de Chips<\/td>\n<td class=\"sc-lgjHQU lnneGm\">\n<table class=\"sc-cgjDci yAnTW\">\n<tbody>\n<tr>\n<td>Dual Chip<\/td>\n<\/tr>\n<\/tbody>\n<\/table>\n<\/td>\n<\/tr>\n<tr>\n<td class=\"sc-cKXybt kHMerG\">Tipo de Chip<\/td>\n<td class=\"sc-lgjHQU lnneGm\">\n<table class=\"sc-cgjDci yAnTW\">\n<tbody>\n<tr>\n<td>Nano-SIM (4FF)<\/td>\n<\/tr>\n<\/tbody>\n<\/table>\n<\/td>\n<\/tr>\n<tr>\n<td class=\"sc-cKXybt kHMerG\">Caracter\u00edsticas<\/td>\n<td class=\"sc-lgjHQU lnneGm\">\n<table class=\"sc-cgjDci yAnTW\">\n<tbody>\n<tr>\n<td>Prote\u00e7\u00e3o IP68<\/td>\n<\/tr>\n<\/tbody>\n<\/table>\n<\/td>\n<\/tr>\n<tr>\n<td class=\"sc-cKXybt kHMerG\">Resolu\u00e7\u00e3o da C\u00e2mera Traseira<\/td>\n<td class=\"sc-lgjHQU lnneGm\">\n<table class=\"sc-cgjDci yAnTW\">\n<tbody>\n<tr>\n<td>Tripla de 50MP +12MP + 10MP<\/td>\n<\/tr>\n<\/tbody>\n<\/table>\n<\/td>\n<\/tr>\n<tr>\n<td class=\"sc-cKXybt kHMerG\">Recursos da C\u00e2mera Traseira<\/td>\n<td class=\"sc-lgjHQU lnneGm\">\n<table class=\"sc-cgjDci yAnTW\">\n<tbody>\n<tr>\n<td>Abertura F1.8 + F2.2 + F2.4, Zoom Digital at\u00e9 30x e \u00d3ptico 3x<\/td>\n<\/tr>\n<\/tbody>\n<\/table>\n<\/td>\n<\/tr>\n<tr>\n<td class=\"sc-cKXybt kHMerG\">Resolu\u00e7\u00e3o da C\u00e2mera Frontal<\/td>\n<td class=\"sc-lgjHQU lnneGm\">\n<table class=\"sc-cgjDci yAnTW\">\n<tbody>\n<tr>\n<td>12MP<\/td>\n<\/tr>\n<\/tbody>\n<\/table>\n<\/td>\n<\/tr>\n<tr>\n<td class=\"sc-cKXybt kHMerG\">Recursos de Foto e V\u00eddeo<\/td>\n<td class=\"sc-lgjHQU lnneGm\">\n<table class=\"sc-cgjDci yAnTW\">\n<tbody>\n<tr>\n<td>Abertura F2.2, Flash Frontal<\/td>\n<\/tr>\n<\/tbody>\n<\/table>\n<\/td>\n<\/tr>\n<tr>\n<td class=\"sc-cKXybt kHMerG\">Resolu\u00e7\u00e3o da Grava\u00e7\u00e3o de V\u00eddeos<\/td>\n<td class=\"sc-lgjHQU lnneGm\">\n<table class=\"sc-cgjDci yAnTW\">\n<tbody>\n<tr>\n<td>UHD 8K (7680&#215;4320)<\/td>\n<\/tr>\n<\/tbody>\n<\/table>\n<\/td>\n<\/tr>\n<tr>\n<td class=\"sc-cKXybt kHMerG\">Sensores<\/td>\n<td class=\"sc-lgjHQU lnneGm\">\n<table class=\"sc-cgjDci yAnTW\">\n<tbody>\n<tr>\n<td>Aceler\u00f4metro, Girosc\u00f3pio, Sensor Geomagn\u00e9tico, Proximidade, Luminosidade, Sensor Hall, Bar\u00f4metro, Leitor de impress\u00e3o digital, Reconhecimento Facial<\/td>\n<\/tr>\n<\/tbody>\n<\/table>\n<\/td>\n<\/tr>\n<tr>\n<td class=\"sc-cKXybt kHMerG\">Capacidade da Bateria<\/td>\n<td class=\"sc-lgjHQU lnneGm\">\n<table class=\"sc-cgjDci yAnTW\">\n<tbody>\n<tr>\n<td>3900mAh<\/td>\n<\/tr>\n<\/tbody>\n<\/table>\n<\/td>\n<\/tr>\n<tr>\n<td class=\"sc-cKXybt kHMerG\">Carregamento R\u00e1pido<\/td>\n<td class=\"sc-lgjHQU lnneGm\">\n<table class=\"sc-cgjDci yAnTW\">\n<tbody>\n<tr>\n<td>25W<\/td>\n<\/tr>\n<\/tbody>\n<\/table>\n<\/td>\n<\/tr>\n<tr>\n<td class=\"sc-cKXybt kHMerG\">Operadora<\/td>\n<td class=\"sc-lgjHQU lnneGm\">\n<table class=\"sc-cgjDci yAnTW\">\n<tbody>\n<tr>\n<td>Desbloqueado<\/td>\n<\/tr>\n<\/tbody>\n<\/table>\n<\/td>\n<\/tr>\n<tr>\n<td class=\"sc-cKXybt kHMerG\">Certificado Homologado pela Anatel N\u00famero<\/td>\n<td class=\"sc-lgjHQU lnneGm\">\n<table class=\"sc-cgjDci yAnTW\">\n<tbody>\n<tr>\n<td>17152-22-00953<\/td>\n<\/tr>\n<\/tbody>\n<\/table>\n<\/td>\n<\/tr>\n<tr>\n<td class=\"sc-cKXybt kHMerG\">Peso do Produto<\/td>\n<td class=\"sc-lgjHQU lnneGm\">\n<table class=\"sc-cgjDci yAnTW\">\n<tbody>\n<tr>\n<td>160g<\/td>\n<\/tr>\n<\/tbody>\n<\/table>\n<\/td>\n<\/tr>\n<tr>\n<td class=\"sc-cKXybt kHMerG\">Dimens\u00f5es do Produto<\/td>\n<td class=\"sc-lgjHQU lnneGm\">\n<table class=\"sc-cgjDci yAnTW\">\n<tbody>\n<tr>\n<td>Altura: 14,63cm, Largura: 7,06cm, Profundidade: 0,76cm<\/td>\n<\/tr>\n<\/tbody>\n<\/table>\n<\/td>\n<\/tr>\n<tr>\n<td class=\"sc-cKXybt kHMerG\">Prazo de Garantia<\/td>\n<td class=\"sc-lgjHQU lnneGm\">\n<table class=\"sc-cgjDci yAnTW\">\n<tbody>\n<tr>\n<td>01 Ano (3 meses de garantia legal e mais 9 meses de garantia especial concedida pelo fabricante).<\/td>\n<\/tr>\n<\/tbody>\n<\/table>\n<\/td>\n<\/tr>\n<tr>\n<td class=\"sc-cKXybt kHMerG\">Conte\u00fado da Embalagem<\/td>\n<td class=\"sc-lgjHQU lnneGm\">\n<table class=\"sc-cgjDci yAnTW\">\n<tbody>\n<tr>\n<td>1 Smartphone, 1 Carregador, Cabo USB, Extrator de Chip e manual do usu\u00e1rio<\/td>\n<\/tr>\n<\/tbody>\n<\/table>\n<\/td>\n<\/tr>\n<\/tbody>\n<\/table>\n","protected":false},"excerpt":{"rendered":"<p>Para voc\u00ea que est\u00e1 a procura de um smartphone e dar aquele upgrade no seu dia a dia no trabalho ou para navegar nas redes sociais, precisa conhecer o Samsung Galaxy S23 na cor preta. \u00c9 o smartphone top de linha pra quem quer um aparelho completo pra jogos, estudos e trabalho. Ele possui 256GB de armazenamento interno para guardar diversos aplicativos, fotos, v\u00eddeos e jogos, 8GB de mem\u00f3ria RAM e processador Qualcomm Snapdragon 8 Gen 2 que evita aquelas travadas durante o uso. A tela dele \u00e9 Dynamic AMOLED 2X de 6,1&#8243; com resolu\u00e7\u00e3o FHD+ (1080&#215;2340), a c\u00e2mera traseira \u00e9 tripla de 50MP +12MP + 10MP com Zoom Digital at\u00e9 30x e \u00d3ptico 3x, perfeita para tirar muitas fotos e a frontal de 12MP faz selfies que ficam \u00f3timas para postar nas redes sociais. E ainda, \u00e9 Dual Chip com tecnologia 5G, oferece leitor de impress\u00e3o digital, reconhecimento facial e prote\u00e7\u00e3o IP68 que torna o aparelho resistente \u00e0 \u00e1gua, mesmo se ele for submerso por 30 minutos a 1,5 metro de profundidade. Aten\u00e7\u00e3o: Produto n\u00e3o acompanha fone de ouvido.<\/p>\n","protected":false},"featured_media":10148,"comment_status":"open","ping_status":"closed","template":"","meta":{"_uag_custom_page_level_css":""},"product_brand":[],"product_cat":[21],"product_tag":[224,223,76],"class_list":{"0":"post-10147","1":"product","2":"type-product","3":"status-publish","6":"product_cat-celular-e-smartphone","7":"product_tag-galaxy-buds-fe","8":"product_tag-s23","9":"product_tag-samsung","11":"first","12":"instock","13":"sale","14":"taxable","15":"shipping-taxable","16":"purchasable","17":"product-type-simple"},"uagb_featured_image_src":{"full":["https:\/\/i0.wp.com\/www.creativeprojects.com.br\/shop\/wp-content\/uploads\/2024\/11\/S23.jpg?fit=747%2C560&ssl=1",747,560,false],"thumbnail":["https:\/\/i0.wp.com\/www.creativeprojects.com.br\/shop\/wp-content\/uploads\/2024\/11\/S23.jpg?resize=150%2C150&ssl=1",150,150,true],"medium":["https:\/\/i0.wp.com\/www.creativeprojects.com.br\/shop\/wp-content\/uploads\/2024\/11\/S23.jpg?fit=300%2C225&ssl=1",300,225,true],"medium_large":["https:\/\/i0.wp.com\/www.creativeprojects.com.br\/shop\/wp-content\/uploads\/2024\/11\/S23.jpg?fit=640%2C480&ssl=1",640,480,true],"large":["https:\/\/i0.wp.com\/www.creativeprojects.com.br\/shop\/wp-content\/uploads\/2024\/11\/S23.jpg?fit=640%2C480&ssl=1",640,480,true],"1536x1536":["https:\/\/i0.wp.com\/www.creativeprojects.com.br\/shop\/wp-content\/uploads\/2024\/11\/S23.jpg?fit=747%2C560&ssl=1",747,560,true],"2048x2048":["https:\/\/i0.wp.com\/www.creativeprojects.com.br\/shop\/wp-content\/uploads\/2024\/11\/S23.jpg?fit=747%2C560&ssl=1",747,560,true],"orchid-store-thumbnail-extra-large":["https:\/\/i0.wp.com\/www.creativeprojects.com.br\/shop\/wp-content\/uploads\/2024\/11\/S23.jpg?resize=747%2C560&ssl=1",747,560,true],"orchid-store-thumbnail-large":["https:\/\/i0.wp.com\/www.creativeprojects.com.br\/shop\/wp-content\/uploads\/2024\/11\/S23.jpg?resize=747%2C450&ssl=1",747,450,true],"woocommerce_thumbnail":["https:\/\/i0.wp.com\/www.creativeprojects.com.br\/shop\/wp-content\/uploads\/2024\/11\/S23.jpg?resize=300%2C300&ssl=1",300,300,true],"woocommerce_single":["https:\/\/i0.wp.com\/www.creativeprojects.com.br\/shop\/wp-content\/uploads\/2024\/11\/S23.jpg?fit=600%2C449&ssl=1",600,449,true],"woocommerce_gallery_thumbnail":["https:\/\/i0.wp.com\/www.creativeprojects.com.br\/shop\/wp-content\/uploads\/2024\/11\/S23.jpg?resize=100%2C100&ssl=1",100,100,true],"quick_view_image_size":["https:\/\/i0.wp.com\/www.creativeprojects.com.br\/shop\/wp-content\/uploads\/2024\/11\/S23.jpg?resize=420%2C560&ssl=1",420,560,true]},"uagb_author_info":{"display_name":"creativeprojectsam","author_link":"https:\/\/www.creativeprojects.com.br\/shop\/author\/"},"uagb_comment_info":0,"uagb_excerpt":"Para voc\u00ea que est\u00e1 a procura de um smartphone e dar aquele upgrade no seu dia a dia no trabalho ou para navegar nas redes sociais, precisa conhecer o Samsung Galaxy S23 na cor preta. \u00c9 o smartphone top de linha pra quem quer um aparelho completo pra jogos, estudos e trabalho. Ele possui 256GB&hellip;","jetpack_sharing_enabled":true,"_links":{"self":[{"href":"https:\/\/www.creativeprojects.com.br\/shop\/wp-json\/wp\/v2\/product\/10147","targetHints":{"allow":["GET"]}}],"collection":[{"href":"https:\/\/www.creativeprojects.com.br\/shop\/wp-json\/wp\/v2\/product"}],"about":[{"href":"https:\/\/www.creativeprojects.com.br\/shop\/wp-json\/wp\/v2\/types\/product"}],"replies":[{"embeddable":true,"href":"https:\/\/www.creativeprojects.com.br\/shop\/wp-json\/wp\/v2\/comments?post=10147"}],"version-history":[{"count":1,"href":"https:\/\/www.creativeprojects.com.br\/shop\/wp-json\/wp\/v2\/product\/10147\/revisions"}],"predecessor-version":[{"id":10149,"href":"https:\/\/www.creativeprojects.com.br\/shop\/wp-json\/wp\/v2\/product\/10147\/revisions\/10149"}],"wp:featuredmedia":[{"embeddable":true,"href":"https:\/\/www.creativeprojects.com.br\/shop\/wp-json\/wp\/v2\/media\/10148"}],"wp:attachment":[{"href":"https:\/\/www.creativeprojects.com.br\/shop\/wp-json\/wp\/v2\/media?parent=10147"}],"wp:term":[{"taxonomy":"product_brand","embeddable":true,"href":"https:\/\/www.creativeprojects.com.br\/shop\/wp-json\/wp\/v2\/product_brand?post=10147"},{"taxonomy":"product_cat","embeddable":true,"href":"https:\/\/www.creativeprojects.com.br\/shop\/wp-json\/wp\/v2\/product_cat?post=10147"},{"taxonomy":"product_tag","embeddable":true,"href":"https:\/\/www.creativeprojects.com.br\/shop\/wp-json\/wp\/v2\/product_tag?post=10147"}],"curies":[{"name":"wp","href":"https:\/\/api.w.org\/{rel}","templated":true}]}}