{"id":10153,"date":"2024-11-09T16:53:53","date_gmt":"2024-11-09T19:53:53","guid":{"rendered":"https:\/\/www.creativeprojects.com.br\/shop\/?post_type=product&#038;p=10153"},"modified":"2024-11-13T11:22:18","modified_gmt":"2024-11-13T14:22:18","slug":"smart-tv-43-full-hd-dled-aoc-serie-5045-43s5045-78g-va-wi-fi-google-assistente-3-hdmi-1-usb","status":"publish","type":"product","link":"https:\/\/www.creativeprojects.com.br\/shop\/produto\/smart-tv-43-full-hd-dled-aoc-serie-5045-43s5045-78g-va-wi-fi-google-assistente-3-hdmi-1-usb\/","title":{"rendered":"Smart TV 43&#8243; Full HD DLED AOC S\u00e9rie 5045 43S5045\/78G VA Wi-Fi Google Assistente 3 HDMI 1 USB"},"content":{"rendered":"<table class=\"sc-iGgWBj iCEidV sc-bHnlcS eBGbJG\">\n<tbody>\n<tr>\n<td class=\"sc-cKXybt kHMerG\">Marca<\/td>\n<td class=\"sc-lgjHQU lnneGm\">\n<table class=\"sc-cgjDci yAnTW\">\n<tbody>\n<tr>\n<td><a class=\"sc-JrDLc gkEUmz sc-djTQaJ eOUcac sc-djTQaJ eOUcac\" href=\"https:\/\/www.magazinevoce.com.br\/magazineshopoffers\/marcas\/aoc\/\" data-testid=\"link\">AOC<\/a><\/td>\n<\/tr>\n<\/tbody>\n<\/table>\n<\/td>\n<\/tr>\n<tr>\n<td class=\"sc-cKXybt kHMerG\">Refer\u00eancia<\/td>\n<td class=\"sc-lgjHQU lnneGm\">\n<table class=\"sc-cgjDci yAnTW\">\n<tbody>\n<tr>\n<td>43S5045\/78G<\/td>\n<\/tr>\n<\/tbody>\n<\/table>\n<\/td>\n<\/tr>\n<tr>\n<td class=\"sc-cKXybt kHMerG\">Modelo<\/td>\n<td class=\"sc-lgjHQU lnneGm\">\n<table class=\"sc-cgjDci yAnTW\">\n<tbody>\n<tr>\n<td>43S5045\/78G<\/td>\n<\/tr>\n<\/tbody>\n<\/table>\n<\/td>\n<\/tr>\n<tr>\n<td class=\"sc-cKXybt kHMerG\">Linha<\/td>\n<td class=\"sc-lgjHQU lnneGm\">\n<table class=\"sc-cgjDci yAnTW\">\n<tbody>\n<tr>\n<td>S\u00e9rie 5045<\/td>\n<\/tr>\n<\/tbody>\n<\/table>\n<\/td>\n<\/tr>\n<tr>\n<td class=\"sc-cKXybt kHMerG\">Polegadas<\/td>\n<td class=\"sc-lgjHQU lnneGm\">\n<table class=\"sc-cgjDci yAnTW\">\n<tbody>\n<tr>\n<td>43&#8243;<\/td>\n<\/tr>\n<\/tbody>\n<\/table>\n<\/td>\n<\/tr>\n<tr>\n<td class=\"sc-cKXybt kHMerG\">Resolu\u00e7\u00e3o<\/td>\n<td class=\"sc-lgjHQU lnneGm\">\n<table class=\"sc-cgjDci yAnTW\">\n<tbody>\n<tr>\n<td>Full HD (1920&#215;1080)<\/td>\n<\/tr>\n<\/tbody>\n<\/table>\n<\/td>\n<\/tr>\n<tr>\n<td class=\"sc-cKXybt kHMerG\">Tipo de Painel<\/td>\n<td class=\"sc-lgjHQU lnneGm\">\n<table class=\"sc-cgjDci yAnTW\">\n<tbody>\n<tr>\n<td>VA<\/td>\n<\/tr>\n<\/tbody>\n<\/table>\n<\/td>\n<\/tr>\n<tr>\n<td class=\"sc-cKXybt kHMerG\">Tipo de Display<\/td>\n<td class=\"sc-lgjHQU lnneGm\">\n<table class=\"sc-cgjDci yAnTW\">\n<tbody>\n<tr>\n<td>DLED<\/td>\n<\/tr>\n<\/tbody>\n<\/table>\n<\/td>\n<\/tr>\n<tr>\n<td class=\"sc-cKXybt kHMerG\">Tipo<\/td>\n<td class=\"sc-lgjHQU lnneGm\">\n<table class=\"sc-cgjDci yAnTW\">\n<tbody>\n<tr>\n<td>Smart<\/td>\n<\/tr>\n<\/tbody>\n<\/table>\n<\/td>\n<\/tr>\n<tr>\n<td class=\"sc-cKXybt kHMerG\">Frequ\u00eancia<\/td>\n<td class=\"sc-lgjHQU lnneGm\">\n<table class=\"sc-cgjDci yAnTW\">\n<tbody>\n<tr>\n<td>60Hz<\/td>\n<\/tr>\n<\/tbody>\n<\/table>\n<\/td>\n<\/tr>\n<tr>\n<td class=\"sc-cKXybt kHMerG\">Sistema Operacional<\/td>\n<td class=\"sc-lgjHQU lnneGm\">\n<table class=\"sc-cgjDci yAnTW\">\n<tbody>\n<tr>\n<td>Roku TV<\/td>\n<\/tr>\n<\/tbody>\n<\/table>\n<\/td>\n<\/tr>\n<tr>\n<td class=\"sc-cKXybt kHMerG\">Conectividade<\/td>\n<td class=\"sc-lgjHQU lnneGm\">\n<table class=\"sc-cgjDci yAnTW\">\n<tbody>\n<tr>\n<td>Wi-Fi<\/td>\n<\/tr>\n<\/tbody>\n<\/table>\n<\/td>\n<\/tr>\n<tr>\n<td class=\"sc-cKXybt kHMerG\">Conex\u00f5es<\/td>\n<td class=\"sc-lgjHQU lnneGm\">\n<table class=\"sc-cgjDci yAnTW\">\n<tbody>\n<tr>\n<td>3 HDMI, 1 USB 2.0, 1 Entrada RF (Antena), 1 SPDIF (\u00c1udio \u00d3ptica), 1 Sa\u00edda Fone de Ouvido e 1 Ethernet RJ-45<\/td>\n<\/tr>\n<\/tbody>\n<\/table>\n<\/td>\n<\/tr>\n<tr>\n<td class=\"sc-cKXybt kHMerG\">Processador<\/td>\n<td class=\"sc-lgjHQU lnneGm\">\n<table class=\"sc-cgjDci yAnTW\">\n<tbody>\n<tr>\n<td>Quad Core<\/td>\n<\/tr>\n<\/tbody>\n<\/table>\n<\/td>\n<\/tr>\n<tr>\n<td class=\"sc-cKXybt kHMerG\">Controle Remoto<\/td>\n<td class=\"sc-lgjHQU lnneGm\">\n<table class=\"sc-cgjDci yAnTW\">\n<tbody>\n<tr>\n<td>Sim &#8211; Infravermelho e Padr\u00e3o definido pela Roku<\/td>\n<\/tr>\n<\/tbody>\n<\/table>\n<\/td>\n<\/tr>\n<tr>\n<td class=\"sc-cKXybt kHMerG\">Assistente Virtual<\/td>\n<td class=\"sc-lgjHQU lnneGm\">\n<table class=\"sc-cgjDci yAnTW\">\n<tbody>\n<tr>\n<td>Compat\u00edvel com Google Assistente, Works with Alexa, Works with Apple Homekit<\/td>\n<\/tr>\n<\/tbody>\n<\/table>\n<\/td>\n<\/tr>\n<tr>\n<td class=\"sc-cKXybt kHMerG\">Formato da Tela<\/td>\n<td class=\"sc-lgjHQU lnneGm\">\n<table class=\"sc-cgjDci yAnTW\">\n<tbody>\n<tr>\n<td>16:09<\/td>\n<\/tr>\n<\/tbody>\n<\/table>\n<\/td>\n<\/tr>\n<tr>\n<td class=\"sc-cKXybt kHMerG\">\u00c2ngulo de Vis\u00e3o<\/td>\n<td class=\"sc-lgjHQU lnneGm\">\n<table class=\"sc-cgjDci yAnTW\">\n<tbody>\n<tr>\n<td>178\u00b0<\/td>\n<\/tr>\n<\/tbody>\n<\/table>\n<\/td>\n<\/tr>\n<tr>\n<td class=\"sc-cKXybt kHMerG\">Sistema de Cor<\/td>\n<td class=\"sc-lgjHQU lnneGm\">\n<table class=\"sc-cgjDci yAnTW\">\n<tbody>\n<tr>\n<td>NTSC\/PAL-M<\/td>\n<\/tr>\n<\/tbody>\n<\/table>\n<\/td>\n<\/tr>\n<tr>\n<td class=\"sc-cKXybt kHMerG\">Ambiente<\/td>\n<td class=\"sc-lgjHQU lnneGm\">\n<table class=\"sc-cgjDci yAnTW\">\n<tbody>\n<tr>\n<td>Interno<\/td>\n<\/tr>\n<\/tbody>\n<\/table>\n<\/td>\n<\/tr>\n<tr>\n<td class=\"sc-cKXybt kHMerG\">Dist\u00e2ncia Recomendada de Visualiza\u00e7\u00e3o<\/td>\n<td class=\"sc-lgjHQU lnneGm\">\n<table class=\"sc-cgjDci yAnTW\">\n<tbody>\n<tr>\n<td>1,3m<\/td>\n<\/tr>\n<\/tbody>\n<\/table>\n<\/td>\n<\/tr>\n<tr>\n<td class=\"sc-cKXybt kHMerG\">Aplicativos Pr\u00e9-instalados<\/td>\n<td class=\"sc-lgjHQU lnneGm\">\n<table class=\"sc-cgjDci yAnTW\">\n<tbody>\n<tr>\n<td>Netflix, Youtube, Prime Video, Disney+, Star+, HBO Max, Apple TV, Spotify e outros milhares dispon\u00edveis na Roku Store (Os aplicativos s\u00e3o pass\u00edveis de altera\u00e7\u00e3o pelo fornecedor sem aviso pr\u00e9vio)<\/td>\n<\/tr>\n<\/tbody>\n<\/table>\n<\/td>\n<\/tr>\n<tr>\n<td class=\"sc-cKXybt kHMerG\">Voltagem<\/td>\n<td class=\"sc-lgjHQU lnneGm\">\n<table class=\"sc-cgjDci yAnTW\">\n<tbody>\n<tr>\n<td>Bivolt<\/td>\n<\/tr>\n<\/tbody>\n<\/table>\n<\/td>\n<\/tr>\n<tr>\n<td class=\"sc-cKXybt kHMerG\">Consumo Aproximado de Energia<\/td>\n<td class=\"sc-lgjHQU lnneGm\">\n<table class=\"sc-cgjDci yAnTW\">\n<tbody>\n<tr>\n<td>4,95 kWh\/m\u00eas<\/td>\n<\/tr>\n<\/tbody>\n<\/table>\n<\/td>\n<\/tr>\n<tr>\n<td class=\"sc-cKXybt kHMerG\">Aviso Importante<\/td>\n<td class=\"sc-lgjHQU lnneGm\">\n<table class=\"sc-cgjDci yAnTW\">\n<tbody>\n<tr>\n<td>A exposi\u00e7\u00e3o ao ru\u00eddo na pot\u00eancia acima de 85 decib\u00e9is pode causar danos ao sistema auditivo<\/td>\n<\/tr>\n<\/tbody>\n<\/table>\n<\/td>\n<\/tr>\n<tr>\n<td class=\"sc-cKXybt kHMerG\">Cor da Base<\/td>\n<td class=\"sc-lgjHQU lnneGm\">\n<table class=\"sc-cgjDci yAnTW\">\n<tbody>\n<tr>\n<td>Preto<\/td>\n<\/tr>\n<\/tbody>\n<\/table>\n<\/td>\n<\/tr>\n<tr>\n<td class=\"sc-cKXybt kHMerG\">Cor da Borda<\/td>\n<td class=\"sc-lgjHQU lnneGm\">\n<table class=\"sc-cgjDci yAnTW\">\n<tbody>\n<tr>\n<td>Preto<\/td>\n<\/tr>\n<\/tbody>\n<\/table>\n<\/td>\n<\/tr>\n<tr>\n<td class=\"sc-cKXybt kHMerG\">Padr\u00e3o de Fura\u00e7\u00e3o<\/td>\n<td class=\"sc-lgjHQU lnneGm\">\n<table class=\"sc-cgjDci yAnTW\">\n<tbody>\n<tr>\n<td>200x200mm<\/td>\n<\/tr>\n<\/tbody>\n<\/table>\n<\/td>\n<\/tr>\n<tr>\n<td class=\"sc-cKXybt kHMerG\">Ano de Lan\u00e7amento<\/td>\n<td class=\"sc-lgjHQU lnneGm\">\n<table class=\"sc-cgjDci yAnTW\">\n<tbody>\n<tr>\n<td>2024<\/td>\n<\/tr>\n<\/tbody>\n<\/table>\n<\/td>\n<\/tr>\n<tr>\n<td class=\"sc-cKXybt kHMerG\">Certificado Homologado pela Anatel N\u00famero<\/td>\n<td class=\"sc-lgjHQU lnneGm\">\n<table class=\"sc-cgjDci yAnTW\">\n<tbody>\n<tr>\n<td>02891-24-06714<\/td>\n<\/tr>\n<\/tbody>\n<\/table>\n<\/td>\n<\/tr>\n<tr>\n<td class=\"sc-cKXybt kHMerG\">Certificado Homologado pelo Inmetro N\u00famero<\/td>\n<td class=\"sc-lgjHQU lnneGm\">\n<table class=\"sc-cgjDci yAnTW\">\n<tbody>\n<tr>\n<td>005486\/2017<\/td>\n<\/tr>\n<\/tbody>\n<\/table>\n<\/td>\n<\/tr>\n<tr>\n<td class=\"sc-cKXybt kHMerG\">Peso do Produto<\/td>\n<td class=\"sc-lgjHQU lnneGm\">\n<table class=\"sc-cgjDci yAnTW\">\n<tbody>\n<tr>\n<td>6,4kg<\/td>\n<\/tr>\n<\/tbody>\n<\/table>\n<\/td>\n<\/tr>\n<tr>\n<td class=\"sc-cKXybt kHMerG\">Peso do Produto com Embalagem<\/td>\n<td class=\"sc-lgjHQU lnneGm\">\n<table class=\"sc-cgjDci yAnTW\">\n<tbody>\n<tr>\n<td>8,2kg<\/td>\n<\/tr>\n<\/tbody>\n<\/table>\n<\/td>\n<\/tr>\n<tr>\n<td class=\"sc-cKXybt kHMerG\">Dimens\u00f5es do Produto<\/td>\n<td class=\"sc-lgjHQU lnneGm\">\n<table class=\"sc-cgjDci yAnTW\">\n<tbody>\n<tr>\n<td>Sem base: Largura 95,6cm Altura 55,6cm Profundidade 8,7cm. Com base Largura 95,6cm Altura 60,9cm Profundidade 22,28cm<\/td>\n<\/tr>\n<\/tbody>\n<\/table>\n<\/td>\n<\/tr>\n<tr>\n<td class=\"sc-cKXybt kHMerG\">Dimens\u00f5es do Produto com Embalagem<\/td>\n<td class=\"sc-lgjHQU lnneGm\">\n<table class=\"sc-cgjDci yAnTW\">\n<tbody>\n<tr>\n<td>Largura 105,3cm Altura 61cm Profundidade 11,5cm<\/td>\n<\/tr>\n<\/tbody>\n<\/table>\n<\/td>\n<\/tr>\n<tr>\n<td class=\"sc-cKXybt kHMerG\">Prazo de Garantia<\/td>\n<td class=\"sc-lgjHQU lnneGm\">\n<table class=\"sc-cgjDci yAnTW\">\n<tbody>\n<tr>\n<td>03 meses de garantia legal<\/td>\n<\/tr>\n<\/tbody>\n<\/table>\n<\/td>\n<\/tr>\n<tr>\n<td class=\"sc-cKXybt kHMerG\">Conte\u00fado da Embalagem<\/td>\n<td class=\"sc-lgjHQU lnneGm\">\n<table class=\"sc-cgjDci yAnTW\">\n<tbody>\n<tr>\n<td>1 Smart TV, Base e 4 parafusos de fixa\u00e7\u00e3o de base, 1 Controle remoto e 2 pilhas<\/td>\n<\/tr>\n<\/tbody>\n<\/table>\n<\/td>\n<\/tr>\n<tr>\n<td class=\"sc-cKXybt kHMerG\">Recursos de \u00c1udio<\/td>\n<td class=\"sc-lgjHQU lnneGm\">\n<table class=\"sc-cgjDci yAnTW\">\n<tbody>\n<tr>\n<td>5 modos (Personalizado, Padr\u00e3o, M\u00fasica, Cinema, Esporte)<\/td>\n<\/tr>\n<\/tbody>\n<\/table>\n<\/td>\n<\/tr>\n<tr>\n<td class=\"sc-cKXybt kHMerG\">Sistema de Som<\/td>\n<td class=\"sc-lgjHQU lnneGm\">\n<table class=\"sc-cgjDci yAnTW\">\n<tbody>\n<tr>\n<td>16W RMS, Dolby Digital<\/td>\n<\/tr>\n<\/tbody>\n<\/table>\n<\/td>\n<\/tr>\n<\/tbody>\n<\/table>\n","protected":false},"excerpt":{"rendered":"<p>Assista a todos os seu conte\u00fados favoritos com muita qualidade de imagem e som com a Smart TV AOC S\u00e9rie 5045 43S5045\/78G de 43&#8243;. Com resolu\u00e7\u00e3o Full HD (1920&#215;1080), ela possui display DLED, painel VA e 60Hz de frequ\u00eancia. Conta com conectividade via Wi-Fi para acessar diversos conte\u00fados. Com milhares de aplicativos, s\u00e9ries e filmes dispon\u00edveis na plataforma, o sistema operacional Roku TV possui uma vasta biblioteca de conte\u00fados para n\u00e3o faltar entretenimento. Al\u00e9m de muito entretenimento, n\u00e3o vai faltar tecnologia e interatividade. Compat\u00edvel com todos os principais assistentes de voz como Google Assistente, Alexa e Apple Homekit, controle sua TV atrav\u00e9s de comando de voz usando o app Roku Mobile App para celular. Ainda possui 3 entras HDMI e 1 USB para conectar outros dispositivos eletr\u00f4nicos.<\/p>\n","protected":false},"featured_media":10154,"comment_status":"open","ping_status":"closed","template":"","meta":{"_uag_custom_page_level_css":""},"product_brand":[],"product_cat":[112,29],"product_tag":[229,228,227,115],"class_list":{"0":"post-10153","1":"product","2":"type-product","3":"status-publish","6":"product_cat-eletronico-audio-e-video","7":"product_cat-marketplace","8":"product_tag-229","9":"product_tag-aoc","10":"product_tag-roku-tv","11":"product_tag-smart-tv","13":"first","14":"instock","15":"sale","16":"taxable","17":"shipping-taxable","18":"purchasable","19":"product-type-simple"},"uagb_featured_image_src":{"full":["https:\/\/i0.wp.com\/www.creativeprojects.com.br\/shop\/wp-content\/uploads\/2024\/11\/TV-AOC.jpg?fit=747%2C560&ssl=1",747,560,false],"thumbnail":["https:\/\/i0.wp.com\/www.creativeprojects.com.br\/shop\/wp-content\/uploads\/2024\/11\/TV-AOC.jpg?resize=150%2C150&ssl=1",150,150,true],"medium":["https:\/\/i0.wp.com\/www.creativeprojects.com.br\/shop\/wp-content\/uploads\/2024\/11\/TV-AOC.jpg?fit=300%2C225&ssl=1",300,225,true],"medium_large":["https:\/\/i0.wp.com\/www.creativeprojects.com.br\/shop\/wp-content\/uploads\/2024\/11\/TV-AOC.jpg?fit=640%2C480&ssl=1",640,480,true],"large":["https:\/\/i0.wp.com\/www.creativeprojects.com.br\/shop\/wp-content\/uploads\/2024\/11\/TV-AOC.jpg?fit=640%2C480&ssl=1",640,480,true],"1536x1536":["https:\/\/i0.wp.com\/www.creativeprojects.com.br\/shop\/wp-content\/uploads\/2024\/11\/TV-AOC.jpg?fit=747%2C560&ssl=1",747,560,true],"2048x2048":["https:\/\/i0.wp.com\/www.creativeprojects.com.br\/shop\/wp-content\/uploads\/2024\/11\/TV-AOC.jpg?fit=747%2C560&ssl=1",747,560,true],"orchid-store-thumbnail-extra-large":["https:\/\/i0.wp.com\/www.creativeprojects.com.br\/shop\/wp-content\/uploads\/2024\/11\/TV-AOC.jpg?resize=747%2C560&ssl=1",747,560,true],"orchid-store-thumbnail-large":["https:\/\/i0.wp.com\/www.creativeprojects.com.br\/shop\/wp-content\/uploads\/2024\/11\/TV-AOC.jpg?resize=747%2C450&ssl=1",747,450,true],"woocommerce_thumbnail":["https:\/\/i0.wp.com\/www.creativeprojects.com.br\/shop\/wp-content\/uploads\/2024\/11\/TV-AOC.jpg?resize=300%2C300&ssl=1",300,300,true],"woocommerce_single":["https:\/\/i0.wp.com\/www.creativeprojects.com.br\/shop\/wp-content\/uploads\/2024\/11\/TV-AOC.jpg?fit=600%2C449&ssl=1",600,449,true],"woocommerce_gallery_thumbnail":["https:\/\/i0.wp.com\/www.creativeprojects.com.br\/shop\/wp-content\/uploads\/2024\/11\/TV-AOC.jpg?resize=100%2C100&ssl=1",100,100,true],"quick_view_image_size":["https:\/\/i0.wp.com\/www.creativeprojects.com.br\/shop\/wp-content\/uploads\/2024\/11\/TV-AOC.jpg?resize=420%2C560&ssl=1",420,560,true]},"uagb_author_info":{"display_name":"creativeprojectsam","author_link":"https:\/\/www.creativeprojects.com.br\/shop\/author\/"},"uagb_comment_info":0,"uagb_excerpt":"Assista a todos os seu conte\u00fados favoritos com muita qualidade de imagem e som com a Smart TV AOC S\u00e9rie 5045 43S5045\/78G de 43\". Com resolu\u00e7\u00e3o Full HD (1920x1080), ela possui display DLED, painel VA e 60Hz de frequ\u00eancia. Conta com conectividade via Wi-Fi para acessar diversos conte\u00fados. Com milhares de aplicativos, s\u00e9ries e filmes&hellip;","jetpack_sharing_enabled":true,"_links":{"self":[{"href":"https:\/\/www.creativeprojects.com.br\/shop\/wp-json\/wp\/v2\/product\/10153","targetHints":{"allow":["GET"]}}],"collection":[{"href":"https:\/\/www.creativeprojects.com.br\/shop\/wp-json\/wp\/v2\/product"}],"about":[{"href":"https:\/\/www.creativeprojects.com.br\/shop\/wp-json\/wp\/v2\/types\/product"}],"replies":[{"embeddable":true,"href":"https:\/\/www.creativeprojects.com.br\/shop\/wp-json\/wp\/v2\/comments?post=10153"}],"version-history":[{"count":1,"href":"https:\/\/www.creativeprojects.com.br\/shop\/wp-json\/wp\/v2\/product\/10153\/revisions"}],"predecessor-version":[{"id":10155,"href":"https:\/\/www.creativeprojects.com.br\/shop\/wp-json\/wp\/v2\/product\/10153\/revisions\/10155"}],"wp:featuredmedia":[{"embeddable":true,"href":"https:\/\/www.creativeprojects.com.br\/shop\/wp-json\/wp\/v2\/media\/10154"}],"wp:attachment":[{"href":"https:\/\/www.creativeprojects.com.br\/shop\/wp-json\/wp\/v2\/media?parent=10153"}],"wp:term":[{"taxonomy":"product_brand","embeddable":true,"href":"https:\/\/www.creativeprojects.com.br\/shop\/wp-json\/wp\/v2\/product_brand?post=10153"},{"taxonomy":"product_cat","embeddable":true,"href":"https:\/\/www.creativeprojects.com.br\/shop\/wp-json\/wp\/v2\/product_cat?post=10153"},{"taxonomy":"product_tag","embeddable":true,"href":"https:\/\/www.creativeprojects.com.br\/shop\/wp-json\/wp\/v2\/product_tag?post=10153"}],"curies":[{"name":"wp","href":"https:\/\/api.w.org\/{rel}","templated":true}]}}