{"id":10164,"date":"2024-11-09T19:48:28","date_gmt":"2024-11-09T22:48:28","guid":{"rendered":"https:\/\/www.creativeprojects.com.br\/shop\/?post_type=product&#038;p=10164"},"modified":"2024-11-13T11:22:29","modified_gmt":"2024-11-13T14:22:29","slug":"fritadeira-eletrica-sem-oleo-air-fryer-mondial-family-afn-40-bi-preto-4l-com-timer","status":"publish","type":"product","link":"https:\/\/www.creativeprojects.com.br\/shop\/produto\/fritadeira-eletrica-sem-oleo-air-fryer-mondial-family-afn-40-bi-preto-4l-com-timer\/","title":{"rendered":"Fritadeira El\u00e9trica sem \u00d3leo\/Air Fryer Mondial &#8211; Family AFN-40-BI Preto 4L com Timer"},"content":{"rendered":"<table class=\"sc-iGgWBj iCEidV sc-bHnlcS eBGbJG\">\n<tbody>\n<tr>\n<td class=\"sc-cKXybt kHMerG\">Marca<\/td>\n<td class=\"sc-lgjHQU lnneGm\">\n<table class=\"sc-cgjDci yAnTW\">\n<tbody>\n<tr>\n<td><a class=\"sc-JrDLc gkEUmz sc-djTQaJ eOUcac sc-djTQaJ eOUcac\" href=\"https:\/\/www.magazinevoce.com.br\/magazineshopoffers\/marcas\/mondial\/\" data-testid=\"link\">Mondial<\/a><\/td>\n<\/tr>\n<\/tbody>\n<\/table>\n<\/td>\n<\/tr>\n<tr>\n<td class=\"sc-cKXybt kHMerG\">Refer\u00eancia<\/td>\n<td class=\"sc-lgjHQU lnneGm\">\n<table class=\"sc-cgjDci yAnTW\">\n<tbody>\n<tr>\n<td>4012-02<\/td>\n<\/tr>\n<\/tbody>\n<\/table>\n<\/td>\n<\/tr>\n<tr>\n<td class=\"sc-cKXybt kHMerG\">Modelo<\/td>\n<td class=\"sc-lgjHQU lnneGm\">\n<table class=\"sc-cgjDci yAnTW\">\n<tbody>\n<tr>\n<td>AFN-40-BI<\/td>\n<\/tr>\n<\/tbody>\n<\/table>\n<\/td>\n<\/tr>\n<tr>\n<td class=\"sc-cKXybt kHMerG\">Linha<\/td>\n<td class=\"sc-lgjHQU lnneGm\">\n<table class=\"sc-cgjDci yAnTW\">\n<tbody>\n<tr>\n<td>Family<\/td>\n<\/tr>\n<\/tbody>\n<\/table>\n<\/td>\n<\/tr>\n<tr>\n<td class=\"sc-cKXybt kHMerG\">Modo de Fritura<\/td>\n<td class=\"sc-lgjHQU lnneGm\">\n<table class=\"sc-cgjDci yAnTW\">\n<tbody>\n<tr>\n<td>Sem \u00d3leo\/Air Fryer<\/td>\n<\/tr>\n<\/tbody>\n<\/table>\n<\/td>\n<\/tr>\n<tr>\n<td class=\"sc-cKXybt kHMerG\">Capacidade do Cesto<\/td>\n<td class=\"sc-lgjHQU lnneGm\">\n<table class=\"sc-cgjDci yAnTW\">\n<tbody>\n<tr>\n<td>4L<\/td>\n<\/tr>\n<\/tbody>\n<\/table>\n<\/td>\n<\/tr>\n<tr>\n<td class=\"sc-cKXybt kHMerG\">Cesto de Fritura<\/td>\n<td class=\"sc-lgjHQU lnneGm\">\n<table class=\"sc-cgjDci yAnTW\">\n<tbody>\n<tr>\n<td>Antiaderente Remov\u00edvel<\/td>\n<\/tr>\n<\/tbody>\n<\/table>\n<\/td>\n<\/tr>\n<tr>\n<td class=\"sc-cKXybt kHMerG\">Prepara<\/td>\n<td class=\"sc-lgjHQU lnneGm\">\n<table class=\"sc-cgjDci yAnTW\">\n<tbody>\n<tr>\n<td>Batatas congeladas: de 12 a 16 minutos, Nuggets: de 10 a 15 minutos, Peixes: de 6 a 15 minutos, Carnes: de 8 a 14 minutos, P\u00e3o de queijo: de 5 a 8 minutos.<\/td>\n<\/tr>\n<\/tbody>\n<\/table>\n<\/td>\n<\/tr>\n<tr>\n<td class=\"sc-cKXybt kHMerG\">Recursos<\/td>\n<td class=\"sc-lgjHQU lnneGm\">\n<table class=\"sc-cgjDci yAnTW\">\n<tbody>\n<tr>\n<td>Timer, Desliga o aparelho automaticamente ao t\u00e9rmino do preparo, Controle de temperatura<\/td>\n<\/tr>\n<\/tbody>\n<\/table>\n<\/td>\n<\/tr>\n<tr>\n<td class=\"sc-cKXybt kHMerG\">Pot\u00eancia<\/td>\n<td class=\"sc-lgjHQU lnneGm\">\n<table class=\"sc-cgjDci yAnTW\">\n<tbody>\n<tr>\n<td>1500W<\/td>\n<\/tr>\n<\/tbody>\n<\/table>\n<\/td>\n<\/tr>\n<tr>\n<td class=\"sc-cKXybt kHMerG\">Temperatura<\/td>\n<td class=\"sc-lgjHQU lnneGm\">\n<table class=\"sc-cgjDci yAnTW\">\n<tbody>\n<tr>\n<td>180\u00b0C \u00e1 200\u00b0C<\/td>\n<\/tr>\n<\/tbody>\n<\/table>\n<\/td>\n<\/tr>\n<tr>\n<td class=\"sc-cKXybt kHMerG\">Funcionalidades<\/td>\n<td class=\"sc-lgjHQU lnneGm\">\n<table class=\"sc-cgjDci yAnTW\">\n<tbody>\n<tr>\n<td>Assa, cozinha, gratina e frita<\/td>\n<\/tr>\n<\/tbody>\n<\/table>\n<\/td>\n<\/tr>\n<tr>\n<td class=\"sc-cKXybt kHMerG\">Voltagem<\/td>\n<td class=\"sc-lgjHQU lnneGm\">\n<table class=\"sc-cgjDci yAnTW\">\n<tbody>\n<tr>\n<td>220V<\/td>\n<\/tr>\n<\/tbody>\n<\/table>\n<\/td>\n<\/tr>\n<tr>\n<td class=\"sc-cKXybt kHMerG\">Consumo Aproximado de Energia<\/td>\n<td class=\"sc-lgjHQU lnneGm\">\n<table class=\"sc-cgjDci yAnTW\">\n<tbody>\n<tr>\n<td>1,5Kw\/h<\/td>\n<\/tr>\n<\/tbody>\n<\/table>\n<\/td>\n<\/tr>\n<tr>\n<td class=\"sc-cKXybt kHMerG\">Material<\/td>\n<td class=\"sc-lgjHQU lnneGm\">\n<table class=\"sc-cgjDci yAnTW\">\n<tbody>\n<tr>\n<td>Polipropileno e metal<\/td>\n<\/tr>\n<\/tbody>\n<\/table>\n<\/td>\n<\/tr>\n<tr>\n<td class=\"sc-cKXybt kHMerG\">Cor<\/td>\n<td class=\"sc-lgjHQU lnneGm\">\n<table class=\"sc-cgjDci yAnTW\">\n<tbody>\n<tr>\n<td>Preto e inox<\/td>\n<\/tr>\n<\/tbody>\n<\/table>\n<\/td>\n<\/tr>\n<tr>\n<td class=\"sc-cKXybt kHMerG\">Certificado Homologado pelo Inmetro N\u00famero<\/td>\n<td class=\"sc-lgjHQU lnneGm\">\n<table class=\"sc-cgjDci yAnTW\">\n<tbody>\n<tr>\n<td>UL-BR 21.0850<\/td>\n<\/tr>\n<\/tbody>\n<\/table>\n<\/td>\n<\/tr>\n<tr>\n<td class=\"sc-cKXybt kHMerG\">Peso do Produto<\/td>\n<td class=\"sc-lgjHQU lnneGm\">\n<table class=\"sc-cgjDci yAnTW\">\n<tbody>\n<tr>\n<td>4,59kg<\/td>\n<\/tr>\n<\/tbody>\n<\/table>\n<\/td>\n<\/tr>\n<tr>\n<td class=\"sc-cKXybt kHMerG\">Peso do Produto com Embalagem<\/td>\n<td class=\"sc-lgjHQU lnneGm\">\n<table class=\"sc-cgjDci yAnTW\">\n<tbody>\n<tr>\n<td>5,2kg<\/td>\n<\/tr>\n<\/tbody>\n<\/table>\n<\/td>\n<\/tr>\n<tr>\n<td class=\"sc-cKXybt kHMerG\">Dimens\u00f5es do Produto<\/td>\n<td class=\"sc-lgjHQU lnneGm\">\n<table class=\"sc-cgjDci yAnTW\">\n<tbody>\n<tr>\n<td>Largura: 28,5cm Altura: 29,5cm Profundidade: 36,5cm<\/td>\n<\/tr>\n<\/tbody>\n<\/table>\n<\/td>\n<\/tr>\n<tr>\n<td class=\"sc-cKXybt kHMerG\">Dimens\u00f5es do Produto com Embalagem<\/td>\n<td class=\"sc-lgjHQU lnneGm\">\n<table class=\"sc-cgjDci yAnTW\">\n<tbody>\n<tr>\n<td>Largura: 36cm Altura: 36,5cm Profundidade: 38cm<\/td>\n<\/tr>\n<\/tbody>\n<\/table>\n<\/td>\n<\/tr>\n<tr>\n<td class=\"sc-cKXybt kHMerG\">Prazo de Garantia<\/td>\n<td class=\"sc-lgjHQU lnneGm\">\n<table class=\"sc-cgjDci yAnTW\">\n<tbody>\n<tr>\n<td>01 ano (3 meses de garantia legal e mais 9 meses de garantia especial concedida pelo fabricante)<\/td>\n<\/tr>\n<\/tbody>\n<\/table>\n<\/td>\n<\/tr>\n<tr>\n<td class=\"sc-cKXybt kHMerG\">SAC do Fornecedor<\/td>\n<td class=\"sc-lgjHQU lnneGm\">\n<table class=\"sc-cgjDci yAnTW\">\n<tbody>\n<tr>\n<td>sac@emondial.com<\/td>\n<\/tr>\n<\/tbody>\n<\/table>\n<\/td>\n<\/tr>\n<tr>\n<td class=\"sc-cKXybt kHMerG\">Conte\u00fado da Embalagem<\/td>\n<td class=\"sc-lgjHQU lnneGm\">\n<table class=\"sc-cgjDci yAnTW\">\n<tbody>\n<tr>\n<td>1 Fritadeira El\u00e9trica<\/td>\n<\/tr>\n<\/tbody>\n<\/table>\n<\/td>\n<\/tr>\n<\/tbody>\n<\/table>\n","protected":false},"excerpt":{"rendered":"<p>Prepare receitas do caf\u00e9 da manh\u00e3 ao jantar com a Air Fryer Mondial. E o melhor: de forma pr\u00e1tica, r\u00e1pida e saud\u00e1vel! A Tecnologia de Circula\u00e7\u00e3o de Ar Quente cozinha, frita (a ar), assa ou tosta os alimentos sem precisar adicionar \u00f3leo ou manteiga. Aliada \u00e0 alta pot\u00eancia, a tecnologia da Fritadeira a Ar tamb\u00e9m possibilita rapidez nos preparos. O cesto quadro com capacidade de 4 litros acomoda melhor os alimentos, permitindo assar por igual. Saiba mais sobre a AFN-40-BI: PRATICIDADE + RAPIDEZ NA COZINHA: A Tecnologia de Circula\u00e7\u00e3o de Ar Quente e a alta pot\u00eancia possibilitam rapidez no preparo das receitas e praticidade em sua rotina na cozinha. CAPACIDADE DE 4 LITROS + CESTO QUADRADO: Considerado o cesto com a maior \u00e1rea plana da categoria*, ele acomoda melhor os alimentos, permitindo assar e fritar por igual. *Comparativo realizado com 80 modelos de Air Fryer (fritadeiras a ar), dispon\u00edveis no mercado at\u00e9 Agosto de 2022. DESIGN COMPACTO: A Air Fryer Mondial tem um design compacto e ocupa espa\u00e7o reduzido na bancada da cozinha. ANTIADERENTE: O cesto possui o antiaderente Duraflon, e os alimentos n\u00e3o grudam no fundo. ALIMENTA\u00c7\u00c3O + SAUD\u00c1VEL: Por n\u00e3o precisar de \u00f3leo ou manteiga no preparo das receitas, a Air Fryer permite uma rotina alimentar com mais sabor e sa\u00fade. F\u00c1CIL DE LIMPAR: A limpeza da parte interna \u00e9 f\u00e1cil, pois a cuba e o cesto s\u00e3o remov\u00edveis e antiaderentes. CONTROLE DE TEMPERATURA AT\u00c9 200\u00b0C: Permite a escolha da temperatura ideal para diferentes tipos de alimentos. TIMER DE 60 MINUTOS: Facilidade e comodidade de selecionar o tempo necess\u00e1rio de preparo das receitas. AVISO SONORO + DESLIGAMENTO AUTOM\u00c1TICO: Ap\u00f3s o tempo predefinido no Timer, h\u00e1 um aviso sonoro e a Fritadeira desliga automaticamente. MUITO AL\u00c9M DE BATATA FRITA: A Air Fryer \u00e9 vers\u00e1til e permite que voc\u00ea prepare pratos que v\u00e3o muito al\u00e9m da cl\u00e1ssica batata frita. \u00c9 poss\u00edvel preparar legumes, carnes, peixes, lasanha, pizzas, al\u00e9m de pratos doces, como pudim, bolo de chocolate e cookies. Use sua criatividade para fazer receitas deliciosas! UM ANO DE GARANTIA MONDIAL: A Mondial \u00e9 a escolha de milh\u00f5es de consumidores. Mondial, a escolha inteligente!<\/p>\n","protected":false},"featured_media":10165,"comment_status":"open","ping_status":"closed","template":"","meta":{"_uag_custom_page_level_css":""},"product_brand":[],"product_cat":[137,29],"product_tag":[232,231,230],"class_list":{"0":"post-10164","1":"product","2":"type-product","3":"status-publish","6":"product_cat-eletrodomesticos","7":"product_cat-marketplace","8":"product_tag-4l","9":"product_tag-air-fryer","10":"product_tag-mondial","12":"first","13":"instock","14":"sale","15":"taxable","16":"shipping-taxable","17":"purchasable","18":"product-type-simple"},"uagb_featured_image_src":{"full":["https:\/\/i0.wp.com\/www.creativeprojects.com.br\/shop\/wp-content\/uploads\/2024\/11\/AIR-FRYER.jpg?fit=560%2C560&ssl=1",560,560,false],"thumbnail":["https:\/\/i0.wp.com\/www.creativeprojects.com.br\/shop\/wp-content\/uploads\/2024\/11\/AIR-FRYER.jpg?resize=150%2C150&ssl=1",150,150,true],"medium":["https:\/\/i0.wp.com\/www.creativeprojects.com.br\/shop\/wp-content\/uploads\/2024\/11\/AIR-FRYER.jpg?fit=300%2C300&ssl=1",300,300,true],"medium_large":["https:\/\/i0.wp.com\/www.creativeprojects.com.br\/shop\/wp-content\/uploads\/2024\/11\/AIR-FRYER.jpg?fit=560%2C560&ssl=1",560,560,true],"large":["https:\/\/i0.wp.com\/www.creativeprojects.com.br\/shop\/wp-content\/uploads\/2024\/11\/AIR-FRYER.jpg?fit=560%2C560&ssl=1",560,560,true],"1536x1536":["https:\/\/i0.wp.com\/www.creativeprojects.com.br\/shop\/wp-content\/uploads\/2024\/11\/AIR-FRYER.jpg?fit=560%2C560&ssl=1",560,560,true],"2048x2048":["https:\/\/i0.wp.com\/www.creativeprojects.com.br\/shop\/wp-content\/uploads\/2024\/11\/AIR-FRYER.jpg?fit=560%2C560&ssl=1",560,560,true],"orchid-store-thumbnail-extra-large":["https:\/\/i0.wp.com\/www.creativeprojects.com.br\/shop\/wp-content\/uploads\/2024\/11\/AIR-FRYER.jpg?resize=560%2C420&ssl=1",560,420,true],"orchid-store-thumbnail-large":["https:\/\/i0.wp.com\/www.creativeprojects.com.br\/shop\/wp-content\/uploads\/2024\/11\/AIR-FRYER.jpg?resize=560%2C450&ssl=1",560,450,true],"woocommerce_thumbnail":["https:\/\/i0.wp.com\/www.creativeprojects.com.br\/shop\/wp-content\/uploads\/2024\/11\/AIR-FRYER.jpg?resize=300%2C300&ssl=1",300,300,true],"woocommerce_single":["https:\/\/i0.wp.com\/www.creativeprojects.com.br\/shop\/wp-content\/uploads\/2024\/11\/AIR-FRYER.jpg?fit=560%2C560&ssl=1",560,560,true],"woocommerce_gallery_thumbnail":["https:\/\/i0.wp.com\/www.creativeprojects.com.br\/shop\/wp-content\/uploads\/2024\/11\/AIR-FRYER.jpg?resize=100%2C100&ssl=1",100,100,true],"quick_view_image_size":["https:\/\/i0.wp.com\/www.creativeprojects.com.br\/shop\/wp-content\/uploads\/2024\/11\/AIR-FRYER.jpg?resize=420%2C560&ssl=1",420,560,true]},"uagb_author_info":{"display_name":"creativeprojectsam","author_link":"https:\/\/www.creativeprojects.com.br\/shop\/author\/"},"uagb_comment_info":0,"uagb_excerpt":"Prepare receitas do caf\u00e9 da manh\u00e3 ao jantar com a Air Fryer Mondial. E o melhor: de forma pr\u00e1tica, r\u00e1pida e saud\u00e1vel! A Tecnologia de Circula\u00e7\u00e3o de Ar Quente cozinha, frita (a ar), assa ou tosta os alimentos sem precisar adicionar \u00f3leo ou manteiga. Aliada \u00e0 alta pot\u00eancia, a tecnologia da Fritadeira a Ar tamb\u00e9m&hellip;","jetpack_sharing_enabled":true,"_links":{"self":[{"href":"https:\/\/www.creativeprojects.com.br\/shop\/wp-json\/wp\/v2\/product\/10164","targetHints":{"allow":["GET"]}}],"collection":[{"href":"https:\/\/www.creativeprojects.com.br\/shop\/wp-json\/wp\/v2\/product"}],"about":[{"href":"https:\/\/www.creativeprojects.com.br\/shop\/wp-json\/wp\/v2\/types\/product"}],"replies":[{"embeddable":true,"href":"https:\/\/www.creativeprojects.com.br\/shop\/wp-json\/wp\/v2\/comments?post=10164"}],"version-history":[{"count":1,"href":"https:\/\/www.creativeprojects.com.br\/shop\/wp-json\/wp\/v2\/product\/10164\/revisions"}],"predecessor-version":[{"id":10166,"href":"https:\/\/www.creativeprojects.com.br\/shop\/wp-json\/wp\/v2\/product\/10164\/revisions\/10166"}],"wp:featuredmedia":[{"embeddable":true,"href":"https:\/\/www.creativeprojects.com.br\/shop\/wp-json\/wp\/v2\/media\/10165"}],"wp:attachment":[{"href":"https:\/\/www.creativeprojects.com.br\/shop\/wp-json\/wp\/v2\/media?parent=10164"}],"wp:term":[{"taxonomy":"product_brand","embeddable":true,"href":"https:\/\/www.creativeprojects.com.br\/shop\/wp-json\/wp\/v2\/product_brand?post=10164"},{"taxonomy":"product_cat","embeddable":true,"href":"https:\/\/www.creativeprojects.com.br\/shop\/wp-json\/wp\/v2\/product_cat?post=10164"},{"taxonomy":"product_tag","embeddable":true,"href":"https:\/\/www.creativeprojects.com.br\/shop\/wp-json\/wp\/v2\/product_tag?post=10164"}],"curies":[{"name":"wp","href":"https:\/\/api.w.org\/{rel}","templated":true}]}}