{"id":10196,"date":"2024-11-27T17:25:14","date_gmt":"2024-11-27T20:25:14","guid":{"rendered":"https:\/\/www.creativeprojects.com.br\/shop\/produto\/luminaria-portatil-usb-ring-light-12-polegadas-com-tripe-e-2-adaptadores-para-smartphone-entregue-por-allever\/"},"modified":"2025-03-19T15:19:01","modified_gmt":"2025-03-19T18:19:01","slug":"luminaria-portatil-usb-ring-light-12-polegadas-com-tripe-e-2-adaptadores-para-smartphone-entregue-por-allever","status":"publish","type":"product","link":"https:\/\/www.creativeprojects.com.br\/shop\/produto\/luminaria-portatil-usb-ring-light-12-polegadas-com-tripe-e-2-adaptadores-para-smartphone-entregue-por-allever\/","title":{"rendered":"Lumin\u00e1ria port\u00e1til USB Ring Light 12 polegadas com trip\u00e9 e 2 adaptadores para Smartphone (Entregue por allever)"},"content":{"rendered":"","protected":false},"excerpt":{"rendered":"","protected":false},"featured_media":10197,"comment_status":"open","ping_status":"closed","template":"","meta":{"_uag_custom_page_level_css":""},"product_brand":[],"product_cat":[100],"product_tag":[],"class_list":{"0":"post-10196","1":"product","2":"type-product","3":"status-publish","6":"product_cat-geral","7":"lojas-externas-allever","9":"first","10":"instock","11":"taxable","12":"shipping-taxable","13":"product-type-external"},"uagb_featured_image_src":{"full":["https:\/\/i0.wp.com\/www.creativeprojects.com.br\/shop\/wp-content\/uploads\/2024\/11\/unnamed-file-1.png?fit=292%2C292&ssl=1",292,292,false],"thumbnail":["https:\/\/i0.wp.com\/www.creativeprojects.com.br\/shop\/wp-content\/uploads\/2024\/11\/unnamed-file-1.png?resize=150%2C150&ssl=1",150,150,true],"medium":["https:\/\/i0.wp.com\/www.creativeprojects.com.br\/shop\/wp-content\/uploads\/2024\/11\/unnamed-file-1.png?fit=292%2C292&ssl=1",292,292,true],"medium_large":["https:\/\/i0.wp.com\/www.creativeprojects.com.br\/shop\/wp-content\/uploads\/2024\/11\/unnamed-file-1.png?fit=292%2C292&ssl=1",292,292,true],"large":["https:\/\/i0.wp.com\/www.creativeprojects.com.br\/shop\/wp-content\/uploads\/2024\/11\/unnamed-file-1.png?fit=292%2C292&ssl=1",292,292,true],"1536x1536":["https:\/\/i0.wp.com\/www.creativeprojects.com.br\/shop\/wp-content\/uploads\/2024\/11\/unnamed-file-1.png?fit=292%2C292&ssl=1",292,292,true],"2048x2048":["https:\/\/i0.wp.com\/www.creativeprojects.com.br\/shop\/wp-content\/uploads\/2024\/11\/unnamed-file-1.png?fit=292%2C292&ssl=1",292,292,true],"orchid-store-thumbnail-extra-large":["https:\/\/i0.wp.com\/www.creativeprojects.com.br\/shop\/wp-content\/uploads\/2024\/11\/unnamed-file-1.png?resize=292%2C219&ssl=1",292,219,true],"orchid-store-thumbnail-large":["https:\/\/i0.wp.com\/www.creativeprojects.com.br\/shop\/wp-content\/uploads\/2024\/11\/unnamed-file-1.png?resize=292%2C164&ssl=1",292,164,true],"woocommerce_thumbnail":["https:\/\/i0.wp.com\/www.creativeprojects.com.br\/shop\/wp-content\/uploads\/2024\/11\/unnamed-file-1.png?resize=292%2C292&ssl=1",292,292,true],"woocommerce_single":["https:\/\/i0.wp.com\/www.creativeprojects.com.br\/shop\/wp-content\/uploads\/2024\/11\/unnamed-file-1.png?fit=292%2C292&ssl=1",292,292,true],"woocommerce_gallery_thumbnail":["https:\/\/i0.wp.com\/www.creativeprojects.com.br\/shop\/wp-content\/uploads\/2024\/11\/unnamed-file-1.png?resize=100%2C100&ssl=1",100,100,true],"quick_view_image_size":["https:\/\/i0.wp.com\/www.creativeprojects.com.br\/shop\/wp-content\/uploads\/2024\/11\/unnamed-file-1.png?resize=219%2C292&ssl=1",219,292,true]},"uagb_author_info":{"display_name":"creativeprojectsam","author_link":"https:\/\/www.creativeprojects.com.br\/shop\/author\/"},"uagb_comment_info":0,"uagb_excerpt":null,"jetpack_sharing_enabled":true,"_links":{"self":[{"href":"https:\/\/www.creativeprojects.com.br\/shop\/wp-json\/wp\/v2\/product\/10196","targetHints":{"allow":["GET"]}}],"collection":[{"href":"https:\/\/www.creativeprojects.com.br\/shop\/wp-json\/wp\/v2\/product"}],"about":[{"href":"https:\/\/www.creativeprojects.com.br\/shop\/wp-json\/wp\/v2\/types\/product"}],"replies":[{"embeddable":true,"href":"https:\/\/www.creativeprojects.com.br\/shop\/wp-json\/wp\/v2\/comments?post=10196"}],"version-history":[{"count":1,"href":"https:\/\/www.creativeprojects.com.br\/shop\/wp-json\/wp\/v2\/product\/10196\/revisions"}],"predecessor-version":[{"id":10531,"href":"https:\/\/www.creativeprojects.com.br\/shop\/wp-json\/wp\/v2\/product\/10196\/revisions\/10531"}],"wp:featuredmedia":[{"embeddable":true,"href":"https:\/\/www.creativeprojects.com.br\/shop\/wp-json\/wp\/v2\/media\/10197"}],"wp:attachment":[{"href":"https:\/\/www.creativeprojects.com.br\/shop\/wp-json\/wp\/v2\/media?parent=10196"}],"wp:term":[{"taxonomy":"product_brand","embeddable":true,"href":"https:\/\/www.creativeprojects.com.br\/shop\/wp-json\/wp\/v2\/product_brand?post=10196"},{"taxonomy":"product_cat","embeddable":true,"href":"https:\/\/www.creativeprojects.com.br\/shop\/wp-json\/wp\/v2\/product_cat?post=10196"},{"taxonomy":"product_tag","embeddable":true,"href":"https:\/\/www.creativeprojects.com.br\/shop\/wp-json\/wp\/v2\/product_tag?post=10196"}],"curies":[{"name":"wp","href":"https:\/\/api.w.org\/{rel}","templated":true}]}}