{"id":10751,"date":"2026-01-29T21:36:03","date_gmt":"2026-01-30T00:36:03","guid":{"rendered":"https:\/\/www.creativeprojects.com.br\/shop\/?post_type=product&#038;p=10751"},"modified":"2026-01-30T10:28:10","modified_gmt":"2026-01-30T13:28:10","slug":"antena-de-internet-via-satelite-starlink","status":"publish","type":"product","link":"https:\/\/www.creativeprojects.com.br\/shop\/produto\/antena-de-internet-via-satelite-starlink\/","title":{"rendered":"Antena de Internet Via Sat\u00e9lite Starlink Mini"},"content":{"rendered":"<p>O\u00a0<strong>Starlink Mini<\/strong>\u00a0\u00e9 a solu\u00e7\u00e3o compacta e port\u00e1til para quem precisa de internet de alta velocidade em qualquer lugar. Com cobertura de at\u00e9\u00a0<strong>112 m\u00b2<\/strong>\u00a0e velocidade de download superior a\u00a0<strong>100 Mbps<\/strong>, ele garante baixa lat\u00eancia e estabilidade, ideal para chamadas de v\u00eddeo, streaming e navega\u00e7\u00e3o sem interrup\u00e7\u00f5es. O kit vem com\u00a0<strong>roteador integrado Wi-Fi 5<\/strong>, suporta at\u00e9\u00a0<strong>128 dispositivos conectados<\/strong>\u00a0e conta com\u00a0<strong>1 porta Ethernet<\/strong>\u00a0para conex\u00f5es cabeadas. Al\u00e9m disso, tem baixo consumo de energia (25\u201340 W), sendo perfeito para resid\u00eancias, viagens e locais remotos. Projetado para resistir a diferentes condi\u00e7\u00f5es clim\u00e1ticas, possui\u00a0<strong>prote\u00e7\u00e3o IP67 Tipo 4<\/strong>, garantindo durabilidade e desempenho mesmo em ambientes externos. Para funcionar corretamente, a antena deve estar conectada a uma\u00a0<strong>fonte de energia<\/strong>\u00a0e posicionada em um local com\u00a0<strong>vista desobstru\u00edda do c\u00e9u<\/strong>, assegurando comunica\u00e7\u00e3o direta com os sat\u00e9lites. A ativa\u00e7\u00e3o do kit requer apenas a contrata\u00e7\u00e3o do\u00a0<strong>plano de servi\u00e7o Starlink diretamente no site oficial<\/strong>, com op\u00e7\u00f5es residenciais ou de mobilidade.<\/p>\n","protected":false},"excerpt":{"rendered":"<p>O\u00a0Starlink Mini\u00a0\u00e9 a solu\u00e7\u00e3o compacta e port\u00e1til para quem precisa de internet de alta velocidade em qualquer lugar. Com cobertura de at\u00e9\u00a0112 m\u00b2\u00a0e velocidade de download superior a\u00a0100 Mbps, ele<\/p>\n","protected":false},"featured_media":10750,"comment_status":"open","ping_status":"closed","template":"","meta":{"_uag_custom_page_level_css":""},"product_brand":[],"product_cat":[66],"product_tag":[233],"class_list":{"0":"post-10751","1":"product","2":"type-product","3":"status-publish","6":"product_cat-informatica","7":"product_tag-starlink-mini","9":"first","10":"instock","11":"sale","12":"featured","13":"taxable","14":"shipping-taxable","15":"purchasable","16":"product-type-simple"},"uagb_featured_image_src":{"full":["https:\/\/i0.wp.com\/www.creativeprojects.com.br\/shop\/wp-content\/uploads\/2026\/01\/images-1.jpg?fit=225%2C225&ssl=1",225,225,false],"thumbnail":["https:\/\/i0.wp.com\/www.creativeprojects.com.br\/shop\/wp-content\/uploads\/2026\/01\/images-1.jpg?resize=150%2C150&ssl=1",150,150,true],"medium":["https:\/\/i0.wp.com\/www.creativeprojects.com.br\/shop\/wp-content\/uploads\/2026\/01\/images-1.jpg?fit=225%2C225&ssl=1",225,225,true],"medium_large":["https:\/\/i0.wp.com\/www.creativeprojects.com.br\/shop\/wp-content\/uploads\/2026\/01\/images-1.jpg?fit=225%2C225&ssl=1",225,225,true],"large":["https:\/\/i0.wp.com\/www.creativeprojects.com.br\/shop\/wp-content\/uploads\/2026\/01\/images-1.jpg?fit=225%2C225&ssl=1",225,225,true],"1536x1536":["https:\/\/i0.wp.com\/www.creativeprojects.com.br\/shop\/wp-content\/uploads\/2026\/01\/images-1.jpg?fit=225%2C225&ssl=1",225,225,true],"2048x2048":["https:\/\/i0.wp.com\/www.creativeprojects.com.br\/shop\/wp-content\/uploads\/2026\/01\/images-1.jpg?fit=225%2C225&ssl=1",225,225,true],"orchid-store-thumbnail-extra-large":["https:\/\/i0.wp.com\/www.creativeprojects.com.br\/shop\/wp-content\/uploads\/2026\/01\/images-1.jpg?resize=225%2C168&ssl=1",225,168,true],"orchid-store-thumbnail-large":["https:\/\/i0.wp.com\/www.creativeprojects.com.br\/shop\/wp-content\/uploads\/2026\/01\/images-1.jpg?resize=225%2C126&ssl=1",225,126,true],"woocommerce_thumbnail":["https:\/\/i0.wp.com\/www.creativeprojects.com.br\/shop\/wp-content\/uploads\/2026\/01\/images-1.jpg?resize=225%2C225&ssl=1",225,225,true],"woocommerce_single":["https:\/\/i0.wp.com\/www.creativeprojects.com.br\/shop\/wp-content\/uploads\/2026\/01\/images-1.jpg?fit=225%2C225&ssl=1",225,225,true],"woocommerce_gallery_thumbnail":["https:\/\/i0.wp.com\/www.creativeprojects.com.br\/shop\/wp-content\/uploads\/2026\/01\/images-1.jpg?resize=100%2C100&ssl=1",100,100,true],"quick_view_image_size":["https:\/\/i0.wp.com\/www.creativeprojects.com.br\/shop\/wp-content\/uploads\/2026\/01\/images-1.jpg?resize=169%2C225&ssl=1",169,225,true]},"uagb_author_info":{"display_name":"creativeprojectsam","author_link":"https:\/\/www.creativeprojects.com.br\/shop\/author\/"},"uagb_comment_info":0,"uagb_excerpt":"O\u00a0Starlink Mini\u00a0\u00e9 a solu\u00e7\u00e3o compacta e port\u00e1til para quem precisa de internet de alta velocidade em qualquer lugar. Com cobertura de at\u00e9\u00a0112 m\u00b2\u00a0e velocidade de download superior a\u00a0100 Mbps, ele","jetpack_sharing_enabled":true,"_links":{"self":[{"href":"https:\/\/www.creativeprojects.com.br\/shop\/wp-json\/wp\/v2\/product\/10751","targetHints":{"allow":["GET"]}}],"collection":[{"href":"https:\/\/www.creativeprojects.com.br\/shop\/wp-json\/wp\/v2\/product"}],"about":[{"href":"https:\/\/www.creativeprojects.com.br\/shop\/wp-json\/wp\/v2\/types\/product"}],"replies":[{"embeddable":true,"href":"https:\/\/www.creativeprojects.com.br\/shop\/wp-json\/wp\/v2\/comments?post=10751"}],"version-history":[{"count":3,"href":"https:\/\/www.creativeprojects.com.br\/shop\/wp-json\/wp\/v2\/product\/10751\/revisions"}],"predecessor-version":[{"id":10754,"href":"https:\/\/www.creativeprojects.com.br\/shop\/wp-json\/wp\/v2\/product\/10751\/revisions\/10754"}],"wp:featuredmedia":[{"embeddable":true,"href":"https:\/\/www.creativeprojects.com.br\/shop\/wp-json\/wp\/v2\/media\/10750"}],"wp:attachment":[{"href":"https:\/\/www.creativeprojects.com.br\/shop\/wp-json\/wp\/v2\/media?parent=10751"}],"wp:term":[{"taxonomy":"product_brand","embeddable":true,"href":"https:\/\/www.creativeprojects.com.br\/shop\/wp-json\/wp\/v2\/product_brand?post=10751"},{"taxonomy":"product_cat","embeddable":true,"href":"https:\/\/www.creativeprojects.com.br\/shop\/wp-json\/wp\/v2\/product_cat?post=10751"},{"taxonomy":"product_tag","embeddable":true,"href":"https:\/\/www.creativeprojects.com.br\/shop\/wp-json\/wp\/v2\/product_tag?post=10751"}],"curies":[{"name":"wp","href":"https:\/\/api.w.org\/{rel}","templated":true}]}}