{"id":1088,"date":"2020-09-02T21:48:41","date_gmt":"2020-09-03T00:48:41","guid":{"rendered":"https:\/\/www.creativeprojects.com.br\/shop\/?post_type=product&#038;p=1088"},"modified":"2022-10-18T17:42:37","modified_gmt":"2022-10-18T20:42:37","slug":"google-play-saldo-de-3000","status":"publish","type":"product","link":"https:\/\/www.creativeprojects.com.br\/shop\/produto\/google-play-saldo-de-3000\/","title":{"rendered":"Google Play &#8211; Recarga de 30,00"},"content":{"rendered":"<p>Curta mais de um milh\u00e3o de apps e jogos no\u00a0<strong>Google Play<\/strong>, a maior plataforma de jogos para dispositivos m\u00f3veis do mundo. Use os Google Play recarga para avan\u00e7ar nos seus jogos favoritos, como Clash Royale ou Pok\u00e9mon GO. Voc\u00ea tamb\u00e9m pode resgatar seu cart\u00e3o para comprar apps, filmes, m\u00fasicas, livros e muito mais. N\u00e3o \u00e9 preciso ter cart\u00e3o de cr\u00e9dito, e o saldo nunca expira. Aproveite j\u00e1 toda a divers\u00e3o do Google Play e d\u00ea presente para quem voc\u00ea gosta.<\/p>\n<p><strong>Classifica\u00e7\u00e3o indicativa: <\/strong>13 anos<\/p>\n","protected":false},"excerpt":{"rendered":"<p>Um presente. Infinitas possibilidades de aproveit\u00e1-lo.<\/p>\n","protected":false},"featured_media":1084,"comment_status":"open","ping_status":"closed","template":"","meta":{"_uag_custom_page_level_css":""},"product_brand":[],"product_cat":[61],"product_tag":[25,62,40,63],"class_list":{"0":"post-1088","1":"product","2":"type-product","3":"status-publish","6":"product_cat-google-play","7":"product_tag-gift-card","8":"product_tag-google-play","9":"product_tag-recarga-de-jogos","10":"product_tag-vale-presente","11":"lojas-externas-creative-projects","13":"first","14":"instock","15":"sale","16":"featured","17":"virtual","18":"taxable","19":"purchasable","20":"product-type-simple"},"uagb_featured_image_src":{"full":["https:\/\/i0.wp.com\/www.creativeprojects.com.br\/shop\/wp-content\/uploads\/2020\/09\/unnamed.png?fit=530%2C733&ssl=1",530,733,false],"thumbnail":["https:\/\/i0.wp.com\/www.creativeprojects.com.br\/shop\/wp-content\/uploads\/2020\/09\/unnamed.png?resize=150%2C150&ssl=1",150,150,true],"medium":["https:\/\/i0.wp.com\/www.creativeprojects.com.br\/shop\/wp-content\/uploads\/2020\/09\/unnamed.png?fit=217%2C300&ssl=1",217,300,true],"medium_large":["https:\/\/i0.wp.com\/www.creativeprojects.com.br\/shop\/wp-content\/uploads\/2020\/09\/unnamed.png?fit=530%2C733&ssl=1",530,733,true],"large":["https:\/\/i0.wp.com\/www.creativeprojects.com.br\/shop\/wp-content\/uploads\/2020\/09\/unnamed.png?fit=530%2C733&ssl=1",530,733,true],"1536x1536":["https:\/\/i0.wp.com\/www.creativeprojects.com.br\/shop\/wp-content\/uploads\/2020\/09\/unnamed.png?fit=530%2C733&ssl=1",530,733,true],"2048x2048":["https:\/\/i0.wp.com\/www.creativeprojects.com.br\/shop\/wp-content\/uploads\/2020\/09\/unnamed.png?fit=530%2C733&ssl=1",530,733,true],"orchid-store-thumbnail-extra-large":["https:\/\/i0.wp.com\/www.creativeprojects.com.br\/shop\/wp-content\/uploads\/2020\/09\/unnamed.png?resize=530%2C600&ssl=1",530,600,true],"orchid-store-thumbnail-large":["https:\/\/i0.wp.com\/www.creativeprojects.com.br\/shop\/wp-content\/uploads\/2020\/09\/unnamed.png?resize=530%2C450&ssl=1",530,450,true],"woocommerce_thumbnail":["https:\/\/i0.wp.com\/www.creativeprojects.com.br\/shop\/wp-content\/uploads\/2020\/09\/unnamed.png?resize=300%2C300&ssl=1",300,300,true],"woocommerce_single":["https:\/\/i0.wp.com\/www.creativeprojects.com.br\/shop\/wp-content\/uploads\/2020\/09\/unnamed.png?fit=530%2C733&ssl=1",530,733,true],"woocommerce_gallery_thumbnail":["https:\/\/i0.wp.com\/www.creativeprojects.com.br\/shop\/wp-content\/uploads\/2020\/09\/unnamed.png?resize=100%2C100&ssl=1",100,100,true],"quick_view_image_size":["https:\/\/i0.wp.com\/www.creativeprojects.com.br\/shop\/wp-content\/uploads\/2020\/09\/unnamed.png?resize=450%2C600&ssl=1",450,600,true]},"uagb_author_info":{"display_name":"creativeprojectsam","author_link":"https:\/\/www.creativeprojects.com.br\/shop\/author\/"},"uagb_comment_info":0,"uagb_excerpt":"Um presente. Infinitas possibilidades de aproveit\u00e1-lo.","jetpack_sharing_enabled":true,"_links":{"self":[{"href":"https:\/\/www.creativeprojects.com.br\/shop\/wp-json\/wp\/v2\/product\/1088","targetHints":{"allow":["GET"]}}],"collection":[{"href":"https:\/\/www.creativeprojects.com.br\/shop\/wp-json\/wp\/v2\/product"}],"about":[{"href":"https:\/\/www.creativeprojects.com.br\/shop\/wp-json\/wp\/v2\/types\/product"}],"replies":[{"embeddable":true,"href":"https:\/\/www.creativeprojects.com.br\/shop\/wp-json\/wp\/v2\/comments?post=1088"}],"version-history":[{"count":3,"href":"https:\/\/www.creativeprojects.com.br\/shop\/wp-json\/wp\/v2\/product\/1088\/revisions"}],"predecessor-version":[{"id":1100,"href":"https:\/\/www.creativeprojects.com.br\/shop\/wp-json\/wp\/v2\/product\/1088\/revisions\/1100"}],"wp:featuredmedia":[{"embeddable":true,"href":"https:\/\/www.creativeprojects.com.br\/shop\/wp-json\/wp\/v2\/media\/1084"}],"wp:attachment":[{"href":"https:\/\/www.creativeprojects.com.br\/shop\/wp-json\/wp\/v2\/media?parent=1088"}],"wp:term":[{"taxonomy":"product_brand","embeddable":true,"href":"https:\/\/www.creativeprojects.com.br\/shop\/wp-json\/wp\/v2\/product_brand?post=1088"},{"taxonomy":"product_cat","embeddable":true,"href":"https:\/\/www.creativeprojects.com.br\/shop\/wp-json\/wp\/v2\/product_cat?post=1088"},{"taxonomy":"product_tag","embeddable":true,"href":"https:\/\/www.creativeprojects.com.br\/shop\/wp-json\/wp\/v2\/product_tag?post=1088"}],"curies":[{"name":"wp","href":"https:\/\/api.w.org\/{rel}","templated":true}]}}