{"id":1109,"date":"2020-09-03T02:17:39","date_gmt":"2020-09-03T05:17:39","guid":{"rendered":"https:\/\/www.creativeprojects.com.br\/shop\/?post_type=product&#038;p=1109"},"modified":"2022-10-18T17:41:33","modified_gmt":"2022-10-18T20:41:33","slug":"caneca-personalizada","status":"publish","type":"product","link":"https:\/\/www.creativeprojects.com.br\/shop\/produto\/caneca-personalizada\/","title":{"rendered":"Caneca Personalizada + Brinde Gr\u00e1tis (Arte)"},"content":{"rendered":"\t\t<div data-elementor-type=\"wp-post\" data-elementor-id=\"1109\" class=\"elementor elementor-1109\">\n\t\t\t\t\t\t<section class=\"elementor-section elementor-top-section elementor-element elementor-element-4429098a elementor-section-boxed elementor-section-height-default elementor-section-height-default\" data-id=\"4429098a\" data-element_type=\"section\" data-e-type=\"section\">\n\t\t\t\t\t\t<div class=\"elementor-container elementor-column-gap-default\">\n\t\t\t\t\t<div class=\"elementor-column elementor-col-100 elementor-top-column elementor-element elementor-element-1dd9b0e2\" data-id=\"1dd9b0e2\" data-element_type=\"column\" data-e-type=\"column\">\n\t\t\t<div class=\"elementor-widget-wrap elementor-element-populated\">\n\t\t\t\t\t\t<div class=\"elementor-element elementor-element-19a4cfc9 elementor-widget elementor-widget-text-editor\" data-id=\"19a4cfc9\" data-element_type=\"widget\" data-e-type=\"widget\" data-widget_type=\"text-editor.default\">\n\t\t\t\t<div class=\"elementor-widget-container\">\n\t\t\t\t\t\t\t\t\t<ul>\n \t<li class=\"category_information_content_texts_title\"><strong>Um jeito especial de eternizar suas lembran\u00e7as<\/strong>\nFa\u00e7a uma caneca especial com suas melhores fotos e reviva seus melhores momentos de um jeito criativo e especial.<\/li>\n \t<li class=\"category_information_content_texts_title\"><strong>Fa\u00e7a para voc\u00ea ou presenteie quem voc\u00ea ama<\/strong>\nEscolha uma foto especial e fa\u00e7a uma caneca personalizada para quem voc\u00ea ama. Surpreenda com um presente criativo, feito com muito amor e carinho.<\/li>\n \t<li class=\"category_information_content_texts_title\"><strong>Para relembrar os melhores momentos<\/strong>\nCelebre a vida acompanhado de boas recorda\u00e7\u00f5es. Comece o dia revivendo os melhores momentos, apreciando uma boa bebida com sua caneca personalizada.<\/li>\n<\/ul>\n&nbsp;\t\t\t\t\t\t\t\t<\/div>\n\t\t\t\t<\/div>\n\t\t\t\t\t<\/div>\n\t\t<\/div>\n\t\t\t\t\t<\/div>\n\t\t<\/section>\n\t\t\t\t<section class=\"elementor-section elementor-top-section elementor-element elementor-element-791be4a elementor-section-boxed elementor-section-height-default elementor-section-height-default\" data-id=\"791be4a\" data-element_type=\"section\" data-e-type=\"section\">\n\t\t\t\t\t\t<div class=\"elementor-container elementor-column-gap-default\">\n\t\t\t\t\t<div class=\"elementor-column elementor-col-100 elementor-top-column elementor-element elementor-element-d783c8a\" data-id=\"d783c8a\" data-element_type=\"column\" data-e-type=\"column\">\n\t\t\t<div class=\"elementor-widget-wrap elementor-element-populated\">\n\t\t\t\t\t\t<div class=\"elementor-element elementor-element-73f6e5b elementor-widget elementor-widget-heading\" data-id=\"73f6e5b\" data-element_type=\"widget\" data-e-type=\"widget\" data-widget_type=\"heading.default\">\n\t\t\t\t<div class=\"elementor-widget-container\">\n\t\t\t\t\t<h2 class=\"elementor-heading-title elementor-size-default\">Sugerimos alguns modelos prontos,<br><span style=\"font-size: 18px;text-align: center\">\u00c9 S\u00d3 NOS ENVIAR O <b>N\u00ba DO MODELO<\/b> DESEJADO.<\/span><\/h2>\t\t\t\t<\/div>\n\t\t\t\t<\/div>\n\t\t\t\t\t<\/div>\n\t\t<\/div>\n\t\t\t\t\t<\/div>\n\t\t<\/section>\n\t\t\t\t<section class=\"elementor-section elementor-top-section elementor-element elementor-element-1389d66 elementor-section-full_width elementor-section-height-default elementor-section-height-default\" data-id=\"1389d66\" data-element_type=\"section\" data-e-type=\"section\">\n\t\t\t\t\t\t<div class=\"elementor-container elementor-column-gap-default\">\n\t\t\t\t\t<div class=\"elementor-column elementor-col-100 elementor-top-column elementor-element elementor-element-0ed9fb7\" data-id=\"0ed9fb7\" data-element_type=\"column\" data-e-type=\"column\">\n\t\t\t<div class=\"elementor-widget-wrap elementor-element-populated\">\n\t\t\t\t\t\t<div class=\"elementor-element elementor-element-010c143 elementor-arrows-position-inside elementor-pagination-position-outside elementor-widget elementor-widget-image-carousel\" data-id=\"010c143\" data-element_type=\"widget\" data-e-type=\"widget\" data-settings=\"{&quot;image_spacing_custom&quot;:{&quot;unit&quot;:&quot;px&quot;,&quot;size&quot;:5,&quot;sizes&quot;:[]},&quot;navigation&quot;:&quot;both&quot;,&quot;autoplay&quot;:&quot;yes&quot;,&quot;pause_on_hover&quot;:&quot;yes&quot;,&quot;pause_on_interaction&quot;:&quot;yes&quot;,&quot;autoplay_speed&quot;:5000,&quot;infinite&quot;:&quot;yes&quot;,&quot;speed&quot;:500,&quot;image_spacing_custom_tablet&quot;:{&quot;unit&quot;:&quot;px&quot;,&quot;size&quot;:&quot;&quot;,&quot;sizes&quot;:[]},&quot;image_spacing_custom_mobile&quot;:{&quot;unit&quot;:&quot;px&quot;,&quot;size&quot;:&quot;&quot;,&quot;sizes&quot;:[]}}\" data-widget_type=\"image-carousel.default\">\n\t\t\t\t<div class=\"elementor-widget-container\">\n\t\t\t\t\t\t\t<div class=\"elementor-image-carousel-wrapper swiper\" role=\"region\" aria-roledescription=\"carousel\" aria-label=\"Carrossel de imagens\" dir=\"ltr\">\n\t\t\t<div class=\"elementor-image-carousel swiper-wrapper\" aria-live=\"off\">\n\t\t\t\t\t\t\t\t<div class=\"swiper-slide\" role=\"group\" aria-roledescription=\"slide\" aria-label=\"1 de 23\"><figure class=\"swiper-slide-inner\"><img data-recalc-dims=\"1\" height=\"300\" width=\"300\" decoding=\"async\" class=\"swiper-slide-image\" src=\"https:\/\/i0.wp.com\/www.creativeprojects.com.br\/shop\/wp-content\/uploads\/2020\/09\/MOCKUP-EU-AMO-VOCEcirc-MAIS-QUE-PIZZA.png?resize=300%2C300&#038;ssl=1\" alt=\"Modelo 01\" \/><figcaption class=\"elementor-image-carousel-caption\">Modelo 01<\/figcaption><\/figure><\/div><div class=\"swiper-slide\" role=\"group\" aria-roledescription=\"slide\" aria-label=\"2 de 23\"><figure class=\"swiper-slide-inner\"><img data-recalc-dims=\"1\" height=\"300\" width=\"300\" decoding=\"async\" class=\"swiper-slide-image\" src=\"https:\/\/i0.wp.com\/www.creativeprojects.com.br\/shop\/wp-content\/uploads\/2020\/09\/MOCKUP-ARTE-NOW-UNITED-01.png?resize=300%2C300&#038;ssl=1\" alt=\"Modelo 02\" \/><figcaption class=\"elementor-image-carousel-caption\">Modelo 02<\/figcaption><\/figure><\/div><div class=\"swiper-slide\" role=\"group\" aria-roledescription=\"slide\" aria-label=\"3 de 23\"><figure class=\"swiper-slide-inner\"><img data-recalc-dims=\"1\" height=\"300\" width=\"300\" decoding=\"async\" class=\"swiper-slide-image\" src=\"https:\/\/i0.wp.com\/www.creativeprojects.com.br\/shop\/wp-content\/uploads\/2020\/09\/MOCKUP-ARTE-CANECA-LUIGI.png?resize=300%2C300&#038;ssl=1\" alt=\"Modelo 03\" \/><figcaption class=\"elementor-image-carousel-caption\">Modelo 03<\/figcaption><\/figure><\/div><div class=\"swiper-slide\" role=\"group\" aria-roledescription=\"slide\" aria-label=\"4 de 23\"><figure class=\"swiper-slide-inner\"><img data-recalc-dims=\"1\" height=\"300\" width=\"300\" decoding=\"async\" class=\"swiper-slide-image\" src=\"https:\/\/i0.wp.com\/www.creativeprojects.com.br\/shop\/wp-content\/uploads\/2020\/09\/MOCKUP-ARTE-CANECA-HOMERSAPIENS.png?resize=300%2C300&#038;ssl=1\" alt=\"Modelo 04\" \/><figcaption class=\"elementor-image-carousel-caption\">Modelo 04<\/figcaption><\/figure><\/div><div class=\"swiper-slide\" role=\"group\" aria-roledescription=\"slide\" aria-label=\"5 de 23\"><figure class=\"swiper-slide-inner\"><img data-recalc-dims=\"1\" height=\"300\" width=\"300\" decoding=\"async\" class=\"swiper-slide-image\" src=\"https:\/\/i0.wp.com\/www.creativeprojects.com.br\/shop\/wp-content\/uploads\/2020\/09\/MoCkUP-ARTE-CANECA-HEROIS-MARVEL.png?resize=300%2C300&#038;ssl=1\" alt=\"Modelo 05\" \/><figcaption class=\"elementor-image-carousel-caption\">Modelo 05<\/figcaption><\/figure><\/div><div class=\"swiper-slide\" role=\"group\" aria-roledescription=\"slide\" aria-label=\"6 de 23\"><figure class=\"swiper-slide-inner\"><img data-recalc-dims=\"1\" height=\"300\" width=\"300\" decoding=\"async\" class=\"swiper-slide-image\" src=\"https:\/\/i0.wp.com\/www.creativeprojects.com.br\/shop\/wp-content\/uploads\/2020\/09\/MOCKUP-ARTE-CANECA-HEROIS-MARVEL-BLACK.png?resize=300%2C300&#038;ssl=1\" alt=\"Modelo 06\" \/><figcaption class=\"elementor-image-carousel-caption\">Modelo 06<\/figcaption><\/figure><\/div><div class=\"swiper-slide\" role=\"group\" aria-roledescription=\"slide\" aria-label=\"7 de 23\"><figure class=\"swiper-slide-inner\"><img data-recalc-dims=\"1\" height=\"300\" width=\"300\" decoding=\"async\" class=\"swiper-slide-image\" src=\"https:\/\/i0.wp.com\/www.creativeprojects.com.br\/shop\/wp-content\/uploads\/2020\/09\/MOCKUP-ARTE-CANECA-CORINTHIANS-SERIE-ESTADIOS-300x300.png?resize=300%2C300&#038;ssl=1\" alt=\"Modelo 07\" \/><figcaption class=\"elementor-image-carousel-caption\">Modelo 07<\/figcaption><\/figure><\/div><div class=\"swiper-slide\" role=\"group\" aria-roledescription=\"slide\" aria-label=\"8 de 23\"><figure class=\"swiper-slide-inner\"><img data-recalc-dims=\"1\" height=\"300\" width=\"300\" decoding=\"async\" class=\"swiper-slide-image\" src=\"https:\/\/i0.wp.com\/www.creativeprojects.com.br\/shop\/wp-content\/uploads\/2020\/09\/MOCKUP-ARTE-CANECA-CONTROLE-XBOX-ONE.png?resize=300%2C300&#038;ssl=1\" alt=\"Modelo 08\" \/><figcaption class=\"elementor-image-carousel-caption\">Modelo 08<\/figcaption><\/figure><\/div><div class=\"swiper-slide\" role=\"group\" aria-roledescription=\"slide\" aria-label=\"9 de 23\"><figure class=\"swiper-slide-inner\"><img data-recalc-dims=\"1\" height=\"300\" width=\"300\" decoding=\"async\" class=\"swiper-slide-image\" src=\"https:\/\/i0.wp.com\/www.creativeprojects.com.br\/shop\/wp-content\/uploads\/2020\/09\/MOCKUP-ARTE-CANECA-CONTROLE-PLAYSTATION-1.png?resize=300%2C300&#038;ssl=1\" alt=\"Modelo 09\" \/><figcaption class=\"elementor-image-carousel-caption\">Modelo 09<\/figcaption><\/figure><\/div><div class=\"swiper-slide\" role=\"group\" aria-roledescription=\"slide\" aria-label=\"10 de 23\"><figure class=\"swiper-slide-inner\"><img data-recalc-dims=\"1\" height=\"300\" width=\"300\" decoding=\"async\" class=\"swiper-slide-image\" src=\"https:\/\/i0.wp.com\/www.creativeprojects.com.br\/shop\/wp-content\/uploads\/2020\/09\/MOCKUP-ARTE-CANECA-CINDERELA.png?resize=300%2C300&#038;ssl=1\" alt=\"Modelo 10\" \/><figcaption class=\"elementor-image-carousel-caption\">Modelo 10<\/figcaption><\/figure><\/div><div class=\"swiper-slide\" role=\"group\" aria-roledescription=\"slide\" aria-label=\"11 de 23\"><figure class=\"swiper-slide-inner\"><img data-recalc-dims=\"1\" height=\"300\" width=\"300\" decoding=\"async\" class=\"swiper-slide-image\" src=\"https:\/\/i0.wp.com\/www.creativeprojects.com.br\/shop\/wp-content\/uploads\/2020\/09\/MOCKUP-ARTE-CANECA-CAMISA-TORCEDOR-INTERNACIONAL-N-10.png?resize=300%2C300&#038;ssl=1\" alt=\"Modelo 11\" \/><figcaption class=\"elementor-image-carousel-caption\">Modelo 11<\/figcaption><\/figure><\/div><div class=\"swiper-slide\" role=\"group\" aria-roledescription=\"slide\" aria-label=\"12 de 23\"><figure class=\"swiper-slide-inner\"><img data-recalc-dims=\"1\" height=\"300\" width=\"300\" decoding=\"async\" class=\"swiper-slide-image\" src=\"https:\/\/i0.wp.com\/www.creativeprojects.com.br\/shop\/wp-content\/uploads\/2020\/09\/MOCKUP-ARTE-CANECA-CAMISA-SANTOS-N-10.png?resize=300%2C300&#038;ssl=1\" alt=\"Modelo 12\" \/><figcaption class=\"elementor-image-carousel-caption\">Modelo 12<\/figcaption><\/figure><\/div><div class=\"swiper-slide\" role=\"group\" aria-roledescription=\"slide\" aria-label=\"13 de 23\"><figure class=\"swiper-slide-inner\"><img data-recalc-dims=\"1\" height=\"300\" width=\"300\" decoding=\"async\" class=\"swiper-slide-image\" src=\"https:\/\/i0.wp.com\/www.creativeprojects.com.br\/shop\/wp-content\/uploads\/2020\/09\/MOCKUP-ARTE-CANECA-CAMISA-PONTE-PRETA-N-10.png?resize=300%2C300&#038;ssl=1\" alt=\"Modelo 13\" \/><figcaption class=\"elementor-image-carousel-caption\">Modelo 13<\/figcaption><\/figure><\/div><div class=\"swiper-slide\" role=\"group\" aria-roledescription=\"slide\" aria-label=\"14 de 23\"><figure class=\"swiper-slide-inner\"><img data-recalc-dims=\"1\" height=\"300\" width=\"300\" decoding=\"async\" class=\"swiper-slide-image\" src=\"https:\/\/i0.wp.com\/www.creativeprojects.com.br\/shop\/wp-content\/uploads\/2020\/09\/MOCKUP-ARTE-CANECA-CAMISA-PALMEIRAS-N-10.png?resize=300%2C300&#038;ssl=1\" alt=\"Modelo 14\" \/><figcaption class=\"elementor-image-carousel-caption\">Modelo 14<\/figcaption><\/figure><\/div><div class=\"swiper-slide\" role=\"group\" aria-roledescription=\"slide\" aria-label=\"15 de 23\"><figure class=\"swiper-slide-inner\"><img data-recalc-dims=\"1\" height=\"300\" width=\"300\" decoding=\"async\" class=\"swiper-slide-image\" src=\"https:\/\/i0.wp.com\/www.creativeprojects.com.br\/shop\/wp-content\/uploads\/2020\/09\/MOCKUP-ARTE-CANECA-CAMISA-GREcircMIO-N-10.png?resize=300%2C300&#038;ssl=1\" alt=\"Modelo 15\" \/><figcaption class=\"elementor-image-carousel-caption\">Modelo 15<\/figcaption><\/figure><\/div><div class=\"swiper-slide\" role=\"group\" aria-roledescription=\"slide\" aria-label=\"16 de 23\"><figure class=\"swiper-slide-inner\"><img data-recalc-dims=\"1\" height=\"300\" width=\"300\" decoding=\"async\" class=\"swiper-slide-image\" src=\"https:\/\/i0.wp.com\/www.creativeprojects.com.br\/shop\/wp-content\/uploads\/2020\/09\/MOCKUP-ARTE-CANECA-CAMISA-FLUMINENSE-N-10.png?resize=300%2C300&#038;ssl=1\" alt=\"Modelo 16\" \/><figcaption class=\"elementor-image-carousel-caption\">Modelo 16<\/figcaption><\/figure><\/div><div class=\"swiper-slide\" role=\"group\" aria-roledescription=\"slide\" aria-label=\"17 de 23\"><figure class=\"swiper-slide-inner\"><img data-recalc-dims=\"1\" height=\"300\" width=\"300\" decoding=\"async\" class=\"swiper-slide-image\" src=\"https:\/\/i0.wp.com\/www.creativeprojects.com.br\/shop\/wp-content\/uploads\/2020\/09\/MOCKUP-ARTE-CANECA-CAMISA-FLAMENGO-N-10.png?resize=300%2C300&#038;ssl=1\" alt=\"Modelo 17\" \/><figcaption class=\"elementor-image-carousel-caption\">Modelo 17<\/figcaption><\/figure><\/div><div class=\"swiper-slide\" role=\"group\" aria-roledescription=\"slide\" aria-label=\"18 de 23\"><figure class=\"swiper-slide-inner\"><img data-recalc-dims=\"1\" height=\"300\" width=\"300\" decoding=\"async\" class=\"swiper-slide-image\" src=\"https:\/\/i0.wp.com\/www.creativeprojects.com.br\/shop\/wp-content\/uploads\/2020\/09\/MOCKUP-ARTE-CANECA-CAMISA-CORINTHIANS-N-10.png?resize=300%2C300&#038;ssl=1\" alt=\"Modelo 18\" \/><figcaption class=\"elementor-image-carousel-caption\">Modelo 18<\/figcaption><\/figure><\/div><div class=\"swiper-slide\" role=\"group\" aria-roledescription=\"slide\" aria-label=\"19 de 23\"><figure class=\"swiper-slide-inner\"><img data-recalc-dims=\"1\" height=\"300\" width=\"300\" decoding=\"async\" class=\"swiper-slide-image\" src=\"https:\/\/i0.wp.com\/www.creativeprojects.com.br\/shop\/wp-content\/uploads\/2020\/09\/MOCKUP-ARTE-CANECA-CAMINHAtildeO-SCANIA-AZUL.png?resize=300%2C300&#038;ssl=1\" alt=\"Modelo 19\" \/><figcaption class=\"elementor-image-carousel-caption\">Modelo 19<\/figcaption><\/figure><\/div><div class=\"swiper-slide\" role=\"group\" aria-roledescription=\"slide\" aria-label=\"20 de 23\"><figure class=\"swiper-slide-inner\"><img data-recalc-dims=\"1\" height=\"300\" width=\"300\" decoding=\"async\" class=\"swiper-slide-image\" src=\"https:\/\/i0.wp.com\/www.creativeprojects.com.br\/shop\/wp-content\/uploads\/2020\/09\/MOCKUP-ARTE-CANECA-BREAKING-BAD.png?resize=300%2C300&#038;ssl=1\" alt=\"Modelo 20\" \/><figcaption class=\"elementor-image-carousel-caption\">Modelo 20<\/figcaption><\/figure><\/div><div class=\"swiper-slide\" role=\"group\" aria-roledescription=\"slide\" aria-label=\"21 de 23\"><figure class=\"swiper-slide-inner\"><img data-recalc-dims=\"1\" height=\"300\" width=\"300\" decoding=\"async\" class=\"swiper-slide-image\" src=\"https:\/\/i0.wp.com\/www.creativeprojects.com.br\/shop\/wp-content\/uploads\/2020\/09\/MOCKUP-ARTE-CANECA-BRANCA-DE-NEVE.png?resize=300%2C300&#038;ssl=1\" alt=\"Modelo 21\" \/><figcaption class=\"elementor-image-carousel-caption\">Modelo 21<\/figcaption><\/figure><\/div><div class=\"swiper-slide\" role=\"group\" aria-roledescription=\"slide\" aria-label=\"22 de 23\"><figure class=\"swiper-slide-inner\"><img data-recalc-dims=\"1\" height=\"300\" width=\"300\" decoding=\"async\" class=\"swiper-slide-image\" src=\"https:\/\/i0.wp.com\/www.creativeprojects.com.br\/shop\/wp-content\/uploads\/2020\/09\/MOCKUP-ARTE-CANECA-BOB-ESPONJA-300x300.png?resize=300%2C300&#038;ssl=1\" alt=\"Modelo 22\" \/><figcaption class=\"elementor-image-carousel-caption\">Modelo 22<\/figcaption><\/figure><\/div><div class=\"swiper-slide\" role=\"group\" aria-roledescription=\"slide\" aria-label=\"23 de 23\"><figure class=\"swiper-slide-inner\"><img data-recalc-dims=\"1\" height=\"300\" width=\"300\" decoding=\"async\" class=\"swiper-slide-image\" src=\"https:\/\/i0.wp.com\/www.creativeprojects.com.br\/shop\/wp-content\/uploads\/2020\/09\/MOCKUP-ARTE-CANECA-BELA-ADORMECIDA.png?resize=300%2C300&#038;ssl=1\" alt=\"Modelo 23\" \/><figcaption class=\"elementor-image-carousel-caption\">Modelo 23<\/figcaption><\/figure><\/div>\t\t\t<\/div>\n\t\t\t\t\t\t\t\t\t\t\t\t<div class=\"elementor-swiper-button elementor-swiper-button-prev\" role=\"button\" tabindex=\"0\">\n\t\t\t\t\t\t<i aria-hidden=\"true\" class=\"eicon-chevron-left\"><\/i>\t\t\t\t\t<\/div>\n\t\t\t\t\t<div class=\"elementor-swiper-button elementor-swiper-button-next\" role=\"button\" tabindex=\"0\">\n\t\t\t\t\t\t<i aria-hidden=\"true\" class=\"eicon-chevron-right\"><\/i>\t\t\t\t\t<\/div>\n\t\t\t\t\n\t\t\t\t\t\t\t\t\t<div class=\"swiper-pagination\"><\/div>\n\t\t\t\t\t\t\t\t\t<\/div>\n\t\t\t\t\t\t<\/div>\n\t\t\t\t<\/div>\n\t\t\t\t\t<\/div>\n\t\t<\/div>\n\t\t\t\t\t<\/div>\n\t\t<\/section>\n\t\t\t\t<\/div>\n\t\t","protected":false},"excerpt":{"rendered":"<p><strong>Cria\u00e7\u00e3o de arte-final profissional.<\/strong><br \/>\nEntraremos em contato via WhatsApp somente ap\u00f3s confirma\u00e7\u00e3o do pagamento. Ap\u00f3s confirmado o pagamento, entraremos em contato solicitando as fotos para cria\u00e7\u00e3o da arte.<\/p>\n<p><strong>Criaremos a arte e enviaremos para aprova\u00e7\u00e3o, ap\u00f3s aprovado, daremos o inicio a produ\u00e7\u00e3o. Aguardamos o seu pedido!<\/strong><\/p>\n","protected":false},"featured_media":1124,"comment_status":"open","ping_status":"closed","template":"","meta":{"_uag_custom_page_level_css":""},"product_brand":[],"product_cat":[71,89],"product_tag":[73,74,72,39],"class_list":{"0":"post-1109","1":"product","2":"type-product","3":"status-publish","6":"product_cat-brindes-personalizados","7":"product_cat-dias-das-criancas","8":"product_tag-brindes-personalizados","9":"product_tag-camisas-personalizadas","10":"product_tag-caneca-personalizada","11":"product_tag-creative-projects","12":"product_shipping_class-correios","13":"lojas-externas-creative-projects","15":"first","16":"instock","17":"sale","18":"taxable","19":"shipping-taxable","20":"purchasable","21":"product-type-simple"},"uagb_featured_image_src":{"full":["https:\/\/i0.wp.com\/www.creativeprojects.com.br\/shop\/wp-content\/uploads\/2020\/09\/MOCKUP-ARTE-CANECA-HOMEM-ARANHA-e1599114464594.png?fit=1440%2C1440&ssl=1",1440,1440,false],"thumbnail":["https:\/\/i0.wp.com\/www.creativeprojects.com.br\/shop\/wp-content\/uploads\/2020\/09\/MOCKUP-ARTE-CANECA-HOMEM-ARANHA-e1599114464594.png?resize=150%2C150&ssl=1",150,150,true],"medium":["https:\/\/i0.wp.com\/www.creativeprojects.com.br\/shop\/wp-content\/uploads\/2020\/09\/MOCKUP-ARTE-CANECA-HOMEM-ARANHA-e1599114464594.png?fit=300%2C300&ssl=1",300,300,true],"medium_large":["https:\/\/i0.wp.com\/www.creativeprojects.com.br\/shop\/wp-content\/uploads\/2020\/09\/MOCKUP-ARTE-CANECA-HOMEM-ARANHA-e1599114464594.png?fit=640%2C640&ssl=1",640,640,true],"large":["https:\/\/i0.wp.com\/www.creativeprojects.com.br\/shop\/wp-content\/uploads\/2020\/09\/MOCKUP-ARTE-CANECA-HOMEM-ARANHA-e1599114464594.png?fit=640%2C640&ssl=1",640,640,true],"1536x1536":["https:\/\/i0.wp.com\/www.creativeprojects.com.br\/shop\/wp-content\/uploads\/2020\/09\/MOCKUP-ARTE-CANECA-HOMEM-ARANHA-e1599114464594.png?fit=1536%2C864&ssl=1",1536,864,true],"2048x2048":["https:\/\/i0.wp.com\/www.creativeprojects.com.br\/shop\/wp-content\/uploads\/2020\/09\/MOCKUP-ARTE-CANECA-HOMEM-ARANHA-e1599114464594.png?fit=2048%2C1152&ssl=1",2048,1152,true],"orchid-store-thumbnail-extra-large":["https:\/\/i0.wp.com\/www.creativeprojects.com.br\/shop\/wp-content\/uploads\/2020\/09\/MOCKUP-ARTE-CANECA-HOMEM-ARANHA-e1599114464594.png?resize=800%2C600&ssl=1",800,600,true],"orchid-store-thumbnail-large":["https:\/\/i0.wp.com\/www.creativeprojects.com.br\/shop\/wp-content\/uploads\/2020\/09\/MOCKUP-ARTE-CANECA-HOMEM-ARANHA-e1599114464594.png?resize=800%2C450&ssl=1",800,450,true],"woocommerce_thumbnail":["https:\/\/i0.wp.com\/www.creativeprojects.com.br\/shop\/wp-content\/uploads\/2020\/09\/MOCKUP-ARTE-CANECA-HOMEM-ARANHA-e1599114464594.png?resize=300%2C300&ssl=1",300,300,true],"woocommerce_single":["https:\/\/i0.wp.com\/www.creativeprojects.com.br\/shop\/wp-content\/uploads\/2020\/09\/MOCKUP-ARTE-CANECA-HOMEM-ARANHA-e1599114464594.png?fit=600%2C600&ssl=1",600,600,true],"woocommerce_gallery_thumbnail":["https:\/\/i0.wp.com\/www.creativeprojects.com.br\/shop\/wp-content\/uploads\/2020\/09\/MOCKUP-ARTE-CANECA-HOMEM-ARANHA-e1599114464594.png?resize=100%2C100&ssl=1",100,100,true],"quick_view_image_size":["https:\/\/i0.wp.com\/www.creativeprojects.com.br\/shop\/wp-content\/uploads\/2020\/09\/MOCKUP-ARTE-CANECA-HOMEM-ARANHA-e1599114464594.png?resize=450%2C600&ssl=1",450,600,true]},"uagb_author_info":{"display_name":"creativeprojectsam","author_link":"https:\/\/www.creativeprojects.com.br\/shop\/author\/"},"uagb_comment_info":0,"uagb_excerpt":"Cria\u00e7\u00e3o de arte-final profissional. Entraremos em contato via WhatsApp somente ap\u00f3s confirma\u00e7\u00e3o do pagamento. Ap\u00f3s confirmado o pagamento, entraremos em contato solicitando as fotos para cria\u00e7\u00e3o da arte. Criaremos a arte e enviaremos para aprova\u00e7\u00e3o, ap\u00f3s aprovado, daremos o inicio a produ\u00e7\u00e3o. Aguardamos o seu pedido!","jetpack_sharing_enabled":true,"_links":{"self":[{"href":"https:\/\/www.creativeprojects.com.br\/shop\/wp-json\/wp\/v2\/product\/1109","targetHints":{"allow":["GET"]}}],"collection":[{"href":"https:\/\/www.creativeprojects.com.br\/shop\/wp-json\/wp\/v2\/product"}],"about":[{"href":"https:\/\/www.creativeprojects.com.br\/shop\/wp-json\/wp\/v2\/types\/product"}],"replies":[{"embeddable":true,"href":"https:\/\/www.creativeprojects.com.br\/shop\/wp-json\/wp\/v2\/comments?post=1109"}],"version-history":[{"count":10,"href":"https:\/\/www.creativeprojects.com.br\/shop\/wp-json\/wp\/v2\/product\/1109\/revisions"}],"predecessor-version":[{"id":1308,"href":"https:\/\/www.creativeprojects.com.br\/shop\/wp-json\/wp\/v2\/product\/1109\/revisions\/1308"}],"wp:featuredmedia":[{"embeddable":true,"href":"https:\/\/www.creativeprojects.com.br\/shop\/wp-json\/wp\/v2\/media\/1124"}],"wp:attachment":[{"href":"https:\/\/www.creativeprojects.com.br\/shop\/wp-json\/wp\/v2\/media?parent=1109"}],"wp:term":[{"taxonomy":"product_brand","embeddable":true,"href":"https:\/\/www.creativeprojects.com.br\/shop\/wp-json\/wp\/v2\/product_brand?post=1109"},{"taxonomy":"product_cat","embeddable":true,"href":"https:\/\/www.creativeprojects.com.br\/shop\/wp-json\/wp\/v2\/product_cat?post=1109"},{"taxonomy":"product_tag","embeddable":true,"href":"https:\/\/www.creativeprojects.com.br\/shop\/wp-json\/wp\/v2\/product_tag?post=1109"}],"curies":[{"name":"wp","href":"https:\/\/api.w.org\/{rel}","templated":true}]}}