{"id":1159,"date":"2020-09-03T16:33:17","date_gmt":"2020-09-03T19:33:17","guid":{"rendered":"https:\/\/www.creativeprojects.com.br\/shop\/?post_type=product&#038;p=1159"},"modified":"2022-10-18T17:41:33","modified_gmt":"2022-10-18T20:41:33","slug":"carregador-portatil-original-da-samsung-10-000mah","status":"publish","type":"product","link":"https:\/\/www.creativeprojects.com.br\/shop\/produto\/carregador-portatil-original-da-samsung-10-000mah\/","title":{"rendered":"Carregador Port\u00e1til Original da Samsung 10.000mAh"},"content":{"rendered":"<div class=\"ptabs\">\n<div class=\"product-factsheet \" data-factsheet-id=\"224400200\">\n<div class=\"tab-content\">\n<div id=\"tab-ficha-tecnica224400200\" class=\"tab-pane active\">\n\n<table class=\"tab ficha-tecnica\">\n<tbody>\n<tr class=\"element level1 odd\">\n<td class=\"name\">Informa\u00e7\u00f5es t\u00e9cnicas<\/td>\n<td class=\"element\">\n<table>\n<tbody>\n<tr class=\"attribute level2 odd\">\n<td>Marca<\/td>\n<td>Samsung<\/td>\n<\/tr>\n<tr class=\"attribute level2 even\">\n<td>Refer\u00eancia<\/td>\n<td>EB-P1100CSPGBR<\/td>\n<\/tr>\n<tr class=\"attribute level2 odd\">\n<td>Modelo<\/td>\n<td>Fast Charge<\/td>\n<\/tr>\n<\/tbody>\n<\/table>\n<\/td>\n<\/tr>\n<tr class=\"element level1 even\">\n<td class=\"name\">Conex\u00f5es<\/td>\n<td class=\"element\">\n<table>\n<tbody>\n<tr class=\"attribute level2 even\">\n<td>Entrada<\/td>\n<td>USB Tipo C<\/td>\n<\/tr>\n<\/tbody>\n<\/table>\n<\/td>\n<\/tr>\n<tr class=\"attribute level1 odd\">\n<td class=\"name\">Capacidade<\/td>\n<td class=\"element\">10000 mAh<\/td>\n<\/tr>\n<tr class=\"attribute level1 even\">\n<td class=\"name\">Compatibilidade<\/td>\n<td class=\"element\">Universal<\/td>\n<\/tr>\n<tr class=\"attribute level1 odd\">\n<td class=\"name\">Tempo de recarga<\/td>\n<td class=\"element\">R\u00e1pida<\/td>\n<\/tr>\n<tr class=\"attribute level1 even\">\n<td class=\"name\">Frequ\u00eancia de entrada<\/td>\n<td class=\"element\">5V 2A, 9V 1.67A, 12V 1.25A<\/td>\n<\/tr>\n<tr class=\"attribute level1 odd\">\n<td class=\"name\">Luz indicadora de carga<\/td>\n<td class=\"element\">Sim<\/td>\n<\/tr>\n<tr class=\"attribute level1 even\">\n<td class=\"name\">Quantidade m\u00e9dia de carga<\/td>\n<td class=\"element\">2x a 2x e meia<\/td>\n<\/tr>\n<tr class=\"attribute level1 odd\">\n<td class=\"name\">Indicado para<\/td>\n<td class=\"element\">Carregamento r\u00e1pido<\/td>\n<\/tr>\n<tr class=\"attribute level1 even\">\n<td class=\"name\">Voltagem<\/td>\n<td class=\"element\">Bivolt<\/td>\n<\/tr>\n<tr class=\"attribute level1 odd\">\n<td class=\"name\">Cor<\/td>\n<td class=\"element\">Prata<\/td>\n<\/tr>\n<tr class=\"element level1 even\">\n<td class=\"name\">Peso aproximado<\/td>\n<td class=\"element\">\n<table>\n<tbody>\n<tr class=\"attribute level2 odd\">\n<td>\u00a0Peso do produto<\/td>\n<td>220 gramas<\/td>\n<\/tr>\n<tr class=\"attribute level2 even\">\n<td>\u00a0Peso do produto com embalagem<\/td>\n<td>235 gramas<\/td>\n<\/tr>\n<\/tbody>\n<\/table>\n<\/td>\n<\/tr>\n<tr class=\"element level1 odd\">\n<td class=\"name\">Dimens\u00f5es do produto<\/td>\n<td class=\"element\">\n<table>\n<tbody>\n<tr class=\"attribute level2 odd\">\n<td>\u00a0Largura<\/td>\n<td>9,57cm<\/td>\n<\/tr>\n<tr class=\"attribute level2 even\">\n<td>\u00a0Altura<\/td>\n<td>24,3cm<\/td>\n<\/tr>\n<tr class=\"attribute level2 odd\">\n<td>\u00a0Profundidade<\/td>\n<td>2,96cm<\/td>\n<\/tr>\n<\/tbody>\n<\/table>\n<\/td>\n<\/tr>\n<tr class=\"element level1 even\">\n<td class=\"name\">Dimens\u00f5es do produto com embalagem<\/td>\n<td class=\"element\">\n<table>\n<tbody>\n<tr class=\"attribute level2 even\">\n<td>\u00a0Largura<\/td>\n<td>23,2cm<\/td>\n<\/tr>\n<tr class=\"attribute level2 odd\">\n<td>\u00a0Altura<\/td>\n<td>45,4cm<\/td>\n<\/tr>\n<tr class=\"attribute level2 even\">\n<td>\u00a0Profundidade<\/td>\n<td>26,6cm<\/td>\n<\/tr>\n<\/tbody>\n<\/table>\n<\/td>\n<\/tr>\n<tr class=\"element level1 odd\">\n<td class=\"name\">Garantia<\/td>\n<td class=\"element\">\n<table>\n<tbody>\n<tr class=\"attribute level2 odd\">\n<td>Prazo de Garantia<\/td>\n<td>06 meses (3 meses de garantia legal e mais 3 meses de garantia especial concedida pelo fabricante).<\/td>\n<\/tr>\n<\/tbody>\n<\/table>\n<\/td>\n<\/tr>\n<\/tbody>\n<\/table>\n<\/div>\n<\/div>\n<\/div>\n<\/div>\n<div class=\"fbcomments\">\n<p><strong class=\"blue-dark\">D\u00ea sua opini\u00e3o sobre este produto<\/strong><\/p>\n<\/div>\n","protected":false},"excerpt":{"rendered":"<p>O Carregador Port\u00e1til Fast Charge da Samsung ajudar\u00e1 voc\u00ea a ficar sempre com a bateria do Smartphone ou Smartwatch cheia e dispon\u00edvel para o uso di\u00e1rio. Ela possui carregamento r\u00e1pido e tamb\u00e9m simult\u00e2neo, pois voc\u00ea pode optar por carregar atrav\u00e9s de duas portas USB. Ela possui 04 LEDs indicadores de carga e prote\u00e7\u00e3o sobre corrente e tens\u00e3o. A capacidade de 10000mAh permite que voc\u00ea carregue de duas vezes a duas vezes e meia.Agora voc\u00ea n\u00e3o precisar\u00e1 mais se preocupar com a falta de bateria nas horas mais importantes.<\/p>\n","protected":false},"featured_media":1160,"comment_status":"open","ping_status":"closed","template":"","meta":{"_uag_custom_page_level_css":""},"product_brand":[],"product_cat":[54,64],"product_tag":[77,56,55,39,76],"class_list":{"0":"post-1159","1":"product","2":"type-product","3":"status-publish","6":"product_cat-acessorios","7":"product_cat-pecas-e-acessorios","8":"product_tag-10000mah","9":"product_tag-carregador","10":"product_tag-carregador-portatil","11":"product_tag-creative-projects","12":"product_tag-samsung","13":"product_shipping_class-correios","14":"lojas-externas-creative-projects","16":"first","17":"instock","18":"featured","19":"taxable","20":"shipping-taxable","21":"purchasable","22":"product-type-simple"},"uagb_featured_image_src":{"full":["https:\/\/i0.wp.com\/www.creativeprojects.com.br\/shop\/wp-content\/uploads\/2020\/09\/IMG_20200903_160506_824.jpg?fit=720%2C720&ssl=1",720,720,false],"thumbnail":["https:\/\/i0.wp.com\/www.creativeprojects.com.br\/shop\/wp-content\/uploads\/2020\/09\/IMG_20200903_160506_824.jpg?resize=150%2C150&ssl=1",150,150,true],"medium":["https:\/\/i0.wp.com\/www.creativeprojects.com.br\/shop\/wp-content\/uploads\/2020\/09\/IMG_20200903_160506_824.jpg?fit=300%2C300&ssl=1",300,300,true],"medium_large":["https:\/\/i0.wp.com\/www.creativeprojects.com.br\/shop\/wp-content\/uploads\/2020\/09\/IMG_20200903_160506_824.jpg?fit=640%2C640&ssl=1",640,640,true],"large":["https:\/\/i0.wp.com\/www.creativeprojects.com.br\/shop\/wp-content\/uploads\/2020\/09\/IMG_20200903_160506_824.jpg?fit=640%2C640&ssl=1",640,640,true],"1536x1536":["https:\/\/i0.wp.com\/www.creativeprojects.com.br\/shop\/wp-content\/uploads\/2020\/09\/IMG_20200903_160506_824.jpg?fit=720%2C720&ssl=1",720,720,true],"2048x2048":["https:\/\/i0.wp.com\/www.creativeprojects.com.br\/shop\/wp-content\/uploads\/2020\/09\/IMG_20200903_160506_824.jpg?fit=720%2C720&ssl=1",720,720,true],"orchid-store-thumbnail-extra-large":["https:\/\/i0.wp.com\/www.creativeprojects.com.br\/shop\/wp-content\/uploads\/2020\/09\/IMG_20200903_160506_824.jpg?resize=720%2C600&ssl=1",720,600,true],"orchid-store-thumbnail-large":["https:\/\/i0.wp.com\/www.creativeprojects.com.br\/shop\/wp-content\/uploads\/2020\/09\/IMG_20200903_160506_824.jpg?resize=720%2C450&ssl=1",720,450,true],"woocommerce_thumbnail":["https:\/\/i0.wp.com\/www.creativeprojects.com.br\/shop\/wp-content\/uploads\/2020\/09\/IMG_20200903_160506_824.jpg?resize=300%2C300&ssl=1",300,300,true],"woocommerce_single":["https:\/\/i0.wp.com\/www.creativeprojects.com.br\/shop\/wp-content\/uploads\/2020\/09\/IMG_20200903_160506_824.jpg?fit=600%2C600&ssl=1",600,600,true],"woocommerce_gallery_thumbnail":["https:\/\/i0.wp.com\/www.creativeprojects.com.br\/shop\/wp-content\/uploads\/2020\/09\/IMG_20200903_160506_824.jpg?resize=100%2C100&ssl=1",100,100,true],"quick_view_image_size":["https:\/\/i0.wp.com\/www.creativeprojects.com.br\/shop\/wp-content\/uploads\/2020\/09\/IMG_20200903_160506_824.jpg?resize=450%2C600&ssl=1",450,600,true]},"uagb_author_info":{"display_name":"creativeprojectsam","author_link":"https:\/\/www.creativeprojects.com.br\/shop\/author\/"},"uagb_comment_info":0,"uagb_excerpt":"O Carregador Port\u00e1til Fast Charge da Samsung ajudar\u00e1 voc\u00ea a ficar sempre com a bateria do Smartphone ou Smartwatch cheia e dispon\u00edvel para o uso di\u00e1rio. Ela possui carregamento r\u00e1pido e tamb\u00e9m simult\u00e2neo, pois voc\u00ea pode optar por carregar atrav\u00e9s de duas portas USB. Ela possui 04 LEDs indicadores de carga e prote\u00e7\u00e3o sobre corrente&hellip;","jetpack_sharing_enabled":true,"_links":{"self":[{"href":"https:\/\/www.creativeprojects.com.br\/shop\/wp-json\/wp\/v2\/product\/1159","targetHints":{"allow":["GET"]}}],"collection":[{"href":"https:\/\/www.creativeprojects.com.br\/shop\/wp-json\/wp\/v2\/product"}],"about":[{"href":"https:\/\/www.creativeprojects.com.br\/shop\/wp-json\/wp\/v2\/types\/product"}],"replies":[{"embeddable":true,"href":"https:\/\/www.creativeprojects.com.br\/shop\/wp-json\/wp\/v2\/comments?post=1159"}],"version-history":[{"count":5,"href":"https:\/\/www.creativeprojects.com.br\/shop\/wp-json\/wp\/v2\/product\/1159\/revisions"}],"predecessor-version":[{"id":1760,"href":"https:\/\/www.creativeprojects.com.br\/shop\/wp-json\/wp\/v2\/product\/1159\/revisions\/1760"}],"wp:featuredmedia":[{"embeddable":true,"href":"https:\/\/www.creativeprojects.com.br\/shop\/wp-json\/wp\/v2\/media\/1160"}],"wp:attachment":[{"href":"https:\/\/www.creativeprojects.com.br\/shop\/wp-json\/wp\/v2\/media?parent=1159"}],"wp:term":[{"taxonomy":"product_brand","embeddable":true,"href":"https:\/\/www.creativeprojects.com.br\/shop\/wp-json\/wp\/v2\/product_brand?post=1159"},{"taxonomy":"product_cat","embeddable":true,"href":"https:\/\/www.creativeprojects.com.br\/shop\/wp-json\/wp\/v2\/product_cat?post=1159"},{"taxonomy":"product_tag","embeddable":true,"href":"https:\/\/www.creativeprojects.com.br\/shop\/wp-json\/wp\/v2\/product_tag?post=1159"}],"curies":[{"name":"wp","href":"https:\/\/api.w.org\/{rel}","templated":true}]}}