{"id":1314,"date":"2020-09-13T03:56:21","date_gmt":"2020-09-13T06:56:21","guid":{"rendered":"https:\/\/www.creativeprojects.com.br\/shop\/?post_type=product&#038;p=1314"},"modified":"2022-10-18T17:42:59","modified_gmt":"2022-10-18T20:42:59","slug":"quebra-cabeca-personalizado-com-35-pecas","status":"publish","type":"product","link":"https:\/\/www.creativeprojects.com.br\/shop\/produto\/quebra-cabeca-personalizado-com-35-pecas\/","title":{"rendered":"Quebra-Cabe\u00e7a Personalizado com 35 Pe\u00e7as"},"content":{"rendered":"<p>A forma como essa esp\u00e9cie de jogo estimula o c\u00e9rebro \u00e9 fant\u00e1stica e acaba gerando in\u00fameras benesses para pessoas de diferentes idades.<\/p>\n<p><strong>Quais os benef\u00edcios do Quebra-Cabe\u00e7a?<\/strong><\/p>\n<p><strong>1 &#8211;<\/strong> Estimula o c\u00e9rebro &#8211; Desenvolvimento das habilidades cognitivas e\u00a0aumentando o racioc\u00ednio\u00a0e melhorando as suas habilidades<\/p>\n<p><strong>2 &#8211;<\/strong> Bom para a Mem\u00f3ria &#8211; achar as pe\u00e7as de encaixe uma para outras faz com que a pessoa acumule informa\u00e7\u00f5es sobre os formatos e quais seus poss\u00edveis pares.<\/p>\n<p><strong>3 &#8211;<\/strong> Coordena\u00e7\u00e3o Motora &#8211;\u00a0\u00a0Estimula\u00a0a coordena\u00e7\u00e3o motora ainda na primeira inf\u00e2ncia. O fato de tentar encaixar uma pecinha na outra, \u00e9 um grande est\u00edmulo para o controle dos movimentos dos bra\u00e7os, dos olhos e das m\u00e3os.<\/p>\n<p><strong>4 &#8211;<\/strong> Intera\u00e7\u00e3o Social &#8211; \u00c9\u00a0um \u00f3timo instrumento de socializa\u00e7\u00e3o. Durante a brincadeira h\u00e1 intera\u00e7\u00e3o, colabora\u00e7\u00e3o, competi\u00e7\u00e3o, conquistas e\u00a0compartilhamento\u00a0de acertos e erros com toda a turma.<\/p>\n<p><strong>5 &#8211;<\/strong> Fomenta Percep\u00e7\u00e3o &#8211; capacidades de observar, comparar, analisar e sintetizar as ideias.<\/p>\n","protected":false},"excerpt":{"rendered":"<p>O Quebra-Cabe\u00e7a personalizado \u00e9 um \u00d3timo passatempo, brinquedo\u00a0e entretenimento para pais e filhos, jovens e adultos.<\/p>\n<p>Nosso Quebra-Cabe\u00e7a pode ser personalizado com a foto da sua fam\u00edlia ou algum momento importante da sua vida, que a ser montado poder\u00e1 ser colocado em um quadro decorativo em sua casa.<\/p>\n","protected":false},"featured_media":1316,"comment_status":"open","ping_status":"closed","template":"","meta":{"_uag_custom_page_level_css":""},"product_brand":[],"product_cat":[71,89,84],"product_tag":[],"class_list":{"0":"post-1314","1":"product","2":"type-product","3":"status-publish","6":"product_cat-brindes-personalizados","7":"product_cat-dias-das-criancas","8":"product_cat-quebra-cabeca","9":"product_shipping_class-correios","10":"lojas-externas-creative-projects","12":"first","13":"instock","14":"sale","15":"taxable","16":"shipping-taxable","17":"purchasable","18":"product-type-simple"},"uagb_featured_image_src":{"full":["https:\/\/i0.wp.com\/www.creativeprojects.com.br\/shop\/wp-content\/uploads\/2020\/09\/254673d.jpg?fit=800%2C800&ssl=1",800,800,false],"thumbnail":["https:\/\/i0.wp.com\/www.creativeprojects.com.br\/shop\/wp-content\/uploads\/2020\/09\/254673d.jpg?resize=150%2C150&ssl=1",150,150,true],"medium":["https:\/\/i0.wp.com\/www.creativeprojects.com.br\/shop\/wp-content\/uploads\/2020\/09\/254673d.jpg?fit=300%2C300&ssl=1",300,300,true],"medium_large":["https:\/\/i0.wp.com\/www.creativeprojects.com.br\/shop\/wp-content\/uploads\/2020\/09\/254673d.jpg?fit=640%2C640&ssl=1",640,640,true],"large":["https:\/\/i0.wp.com\/www.creativeprojects.com.br\/shop\/wp-content\/uploads\/2020\/09\/254673d.jpg?fit=640%2C640&ssl=1",640,640,true],"1536x1536":["https:\/\/i0.wp.com\/www.creativeprojects.com.br\/shop\/wp-content\/uploads\/2020\/09\/254673d.jpg?fit=800%2C800&ssl=1",800,800,true],"2048x2048":["https:\/\/i0.wp.com\/www.creativeprojects.com.br\/shop\/wp-content\/uploads\/2020\/09\/254673d.jpg?fit=800%2C800&ssl=1",800,800,true],"orchid-store-thumbnail-extra-large":["https:\/\/i0.wp.com\/www.creativeprojects.com.br\/shop\/wp-content\/uploads\/2020\/09\/254673d.jpg?resize=800%2C600&ssl=1",800,600,true],"orchid-store-thumbnail-large":["https:\/\/i0.wp.com\/www.creativeprojects.com.br\/shop\/wp-content\/uploads\/2020\/09\/254673d.jpg?resize=800%2C450&ssl=1",800,450,true],"woocommerce_thumbnail":["https:\/\/i0.wp.com\/www.creativeprojects.com.br\/shop\/wp-content\/uploads\/2020\/09\/254673d.jpg?resize=300%2C300&ssl=1",300,300,true],"woocommerce_single":["https:\/\/i0.wp.com\/www.creativeprojects.com.br\/shop\/wp-content\/uploads\/2020\/09\/254673d.jpg?fit=600%2C600&ssl=1",600,600,true],"woocommerce_gallery_thumbnail":["https:\/\/i0.wp.com\/www.creativeprojects.com.br\/shop\/wp-content\/uploads\/2020\/09\/254673d.jpg?resize=100%2C100&ssl=1",100,100,true],"quick_view_image_size":["https:\/\/i0.wp.com\/www.creativeprojects.com.br\/shop\/wp-content\/uploads\/2020\/09\/254673d.jpg?resize=450%2C600&ssl=1",450,600,true]},"uagb_author_info":{"display_name":"creativeprojectsam","author_link":"https:\/\/www.creativeprojects.com.br\/shop\/author\/"},"uagb_comment_info":0,"uagb_excerpt":"O Quebra-Cabe\u00e7a personalizado \u00e9 um \u00d3timo passatempo, brinquedo\u00a0e entretenimento para pais e filhos, jovens e adultos. Nosso Quebra-Cabe\u00e7a pode ser personalizado com a foto da sua fam\u00edlia ou algum momento importante da sua vida, que a ser montado poder\u00e1 ser colocado em um quadro decorativo em sua casa.","jetpack_sharing_enabled":true,"_links":{"self":[{"href":"https:\/\/www.creativeprojects.com.br\/shop\/wp-json\/wp\/v2\/product\/1314","targetHints":{"allow":["GET"]}}],"collection":[{"href":"https:\/\/www.creativeprojects.com.br\/shop\/wp-json\/wp\/v2\/product"}],"about":[{"href":"https:\/\/www.creativeprojects.com.br\/shop\/wp-json\/wp\/v2\/types\/product"}],"replies":[{"embeddable":true,"href":"https:\/\/www.creativeprojects.com.br\/shop\/wp-json\/wp\/v2\/comments?post=1314"}],"version-history":[{"count":4,"href":"https:\/\/www.creativeprojects.com.br\/shop\/wp-json\/wp\/v2\/product\/1314\/revisions"}],"predecessor-version":[{"id":1318,"href":"https:\/\/www.creativeprojects.com.br\/shop\/wp-json\/wp\/v2\/product\/1314\/revisions\/1318"}],"wp:featuredmedia":[{"embeddable":true,"href":"https:\/\/www.creativeprojects.com.br\/shop\/wp-json\/wp\/v2\/media\/1316"}],"wp:attachment":[{"href":"https:\/\/www.creativeprojects.com.br\/shop\/wp-json\/wp\/v2\/media?parent=1314"}],"wp:term":[{"taxonomy":"product_brand","embeddable":true,"href":"https:\/\/www.creativeprojects.com.br\/shop\/wp-json\/wp\/v2\/product_brand?post=1314"},{"taxonomy":"product_cat","embeddable":true,"href":"https:\/\/www.creativeprojects.com.br\/shop\/wp-json\/wp\/v2\/product_cat?post=1314"},{"taxonomy":"product_tag","embeddable":true,"href":"https:\/\/www.creativeprojects.com.br\/shop\/wp-json\/wp\/v2\/product_tag?post=1314"}],"curies":[{"name":"wp","href":"https:\/\/api.w.org\/{rel}","templated":true}]}}