{"id":1707,"date":"2020-10-30T18:10:24","date_gmt":"2020-10-30T21:10:24","guid":{"rendered":"https:\/\/www.creativeprojects.com.br\/shop\/?post_type=product&#038;p=1707"},"modified":"2023-03-19T19:32:28","modified_gmt":"2023-03-19T22:32:28","slug":"tele-sena","status":"publish","type":"product","link":"https:\/\/www.creativeprojects.com.br\/shop\/produto\/tele-sena\/","title":{"rendered":"Tele Sena"},"content":{"rendered":"<p><span class=\"text-nowrap\">Tele Sena<\/span>\u00a0\u00e9 um t\u00edtulo de capitaliza\u00e7\u00e3o de Pagamento \u00danico (PU), lan\u00e7ado em novembro de 1991 pela Lideran\u00e7a Capitaliza\u00e7\u00e3o S\/A.<\/p>\n<p>O produto pode ser adquirido em casas Lot\u00e9ricas, ag\u00eancias dos Correios, Pontos de Vendas Credenciados e tamb\u00e9m por meio do site\u00a0<a title=\"Comprar Tele Sena digital\" href=\"https:\/\/www.telesena.com.br\/#\/checkout\/passo-1.html\"><strong><u>telesena.com.br<\/u><\/strong><\/a>\u00a0por apenas\u00a0<strong>R$ 12,00<\/strong>\u00a0e ap\u00f3s um ano, pode-se resgatar 50% do valor, com juros e corre\u00e7\u00e3o monet\u00e1ria, ou acrescentar a diferen\u00e7a do valor e trocar pela\u00a0<span class=\"text-nowrap\">Tele Sena<\/span>\u00a0em vigor.<\/p>\n<p class=\"text-center\"><strong><u>Nesta edi\u00e7\u00e3o haver\u00e1 muitas formas de premia\u00e7\u00f5es:<\/u><\/strong><\/p>\n<p><strong>Ganhe J\u00e1<\/strong><\/p>\n<p>\u00c9 uma premia\u00e7\u00e3o instant\u00e2nea na qual voc\u00ea raspa as sete pel\u00edculas protetoras e, se achar a frase contemplat\u00f3ria descrita nas condi\u00e7\u00f5es gerais do produto, ganha o pr\u00eamio indicado. Nesta edi\u00e7\u00e3o de Natal voc\u00ea concorre a pr\u00eamios de R$ 100,00, R$ 300,00, R$ 500,00, R$ 1.000,00, R$ 2.000,00, R$ 3.000,00 e R$ 5.000,00. S\u00e3o quase 6 Mil pr\u00eamios!<\/p>\n<p><strong>(PREMIA\u00c7\u00c3O POR PONTUA\u00c7\u00c3O)<\/strong><\/p>\n<p><strong>Mais Pontos<\/strong><\/p>\n<p>\u00c9 um quadro com 25 dezenas, no qual voc\u00ea pode marcar os n\u00fameros sorteados durante os cinco sorteios da campanha, veiculados aos domingos no SBT. O pr\u00eamio \u00e9 de\u00a0<strong>R$ 1.000.000,00<\/strong>\u00a0para quem fizer Mais Pontos. Se houver mais de um ganhador, o pr\u00eamio ser\u00e1 dividido em partes iguais.<\/p>\n<p><strong>Menos Pontos<\/strong><\/p>\n<p>Al\u00e9m de concorrer com Mais Pontos, no mesmo quadro voc\u00ea concorre a\u00a0<strong>R$ 700.000,00<\/strong>\u00a0com Menos Pontos. Se houver mais de um ganhador, o pr\u00eamio ser\u00e1 dividido em partes iguais.<\/p>\n<p><strong><span class=\"text-nowrap\">Tele Sena<\/span>\u00a0Completa<\/strong><\/p>\n<p>Completando este quadro voc\u00ea pode ganhar\u00a0<strong>R$ 900.000,00<\/strong>. Ser\u00e3o sorteadas dezenas at\u00e9 que um ou mais t\u00edtulo(s) complete(m) o quadro. Se houver mais de um ganhador, o pr\u00eamio ser\u00e1 dividido em partes iguais.<\/p>\n<p><strong>PROMO\u00c7\u00c3O \u201cCUPOM DO MILH\u00c3O\u201d<\/strong><\/p>\n<p>Preparem-se para uma promo\u00e7\u00e3o cheia de novidades que podem mudar a sua vida! Uma delas \u00e9 que, comprando a\u00a0<span class=\"text-nowrap\">Tele Sena<\/span>\u00a0de Natal 2020 nos pontos de venda, voc\u00ea encontrar\u00e1 na parte interna do seu t\u00edtulo um cupom da promo\u00e7\u00e3o com uma das seguintes cores\u00a0<strong>Bronze<\/strong>,\u00a0<strong>Prata<\/strong>\u00a0ou\u00a0<strong>Ouro<\/strong>. J\u00e1 imaginou voc\u00ea abrindo a sua\u00a0<span class=\"text-nowrap\">Tele Sena<\/span>\u00a0de Natal e dando de cara com um desses cupons? Cada cupom corresponde \u00e0 disputa por um determinado pr\u00eamio. O Cupom Bronze corresponde \u00e0 disputa por pr\u00eamios de R$ 1.500,00. O Cupom Prata corresponde \u00e0 disputa pelos pr\u00eamios de R$ 2.500,00 e o Cupom Ouro corresponde \u00e0 disputa pelos pr\u00eamios de R$ 5.000,00. Al\u00e9m disso o Cupom Ouro te d\u00e1 a chance de ir para uma disputa emocionante pelo super pr\u00eamio de R$ 1 Milh\u00e3o. Mas aten\u00e7\u00e3o! Apenas o\u00a0<strong>Cupom Ouro<\/strong>\u00a0pode te levar \u00e0 disputa desse pr\u00eamio especial.<\/p>\n<p>A outra novidade \u00e9 que as chances de ganhar s\u00e3o ainda maiores, pois a\u00a0<span class=\"text-nowrap\">Tele Sena<\/span>\u00a0garante que todas as regi\u00f5es do Brasil ser\u00e3o premiadas. Portanto, se voc\u00ea \u00e9 da regi\u00e3o Nordeste, por exemplo, vai disputar com os cupons somente da sua regi\u00e3o, ou seja, n\u00e3o vai ter que concorrer com gente de todo o Brasil pelo pr\u00eamio correspondente ao cupom, apenas com quem mora na sua regi\u00e3o, aumentando as chances de voc\u00ea ser sorteado. Veja abaixo como ser\u00e3o divididos os sorteios por cores e regi\u00f5es:<\/p>\n<p>&nbsp;<\/p>\n<ul class=\"list-unstyled\">\n<li>De segunda-feira \u00e0 sexta-feira ser\u00e3o sorteados apenas CUPONS BRONZE (R$ 1.500,00) e PRATA (R$ 2.500,00). S\u00e3o 5 pr\u00eamios di\u00e1rios de cada uma das cores descritas acima, sendo sorteado um Cupom 1 do Norte, 1 do Sul, 1 do Sudeste, 1 do Nordeste e 1 do Centro-Oeste.<\/li>\n<li>Aos domingos ser\u00e3o sorteados apenas CUPONS OURO, que al\u00e9m de disputarem os pr\u00eamios de R$ 5.000,00, ainda seguem para a disputa final pelo pr\u00eamio de R$ 1.000.000,00. Todo domingo ser\u00e3o 5 pr\u00eamios de R$ 5.000,00 e a chance de participar em S\u00e3o Paulo, no SBT, do programa que vai revelar o novo milion\u00e1rio da\u00a0<span class=\"text-nowrap\">Tele Sena<\/span>.<\/li>\n<\/ul>\n<p>&nbsp;<\/p>\n<p>Mas prestem\u00a0<strong>MUITA ATEN\u00c7\u00c3O!<\/strong>\u00a0Para validar seus cupons e participar da promo\u00e7\u00e3o voc\u00ea precisa acessar\u00a0<strong>telesena.com.br<\/strong>, cadastrar seu t\u00edtulo e responder corretamente \u00e0 pergunta:\u00a0<i>\u201cQual \u00e9 o t\u00edtulo de capitaliza\u00e7\u00e3o mais conhecido do Brasil\u201d<\/i>, a\u00ed pronto, seu cupom ser\u00e1 enviado automaticamente para as urnas do SBT. Ent\u00e3o \u00e9 s\u00f3 acompanhar os sorteios pra saber se foi premiado . Se preferir, pode comprar a\u00a0<span class=\"text-nowrap\">Tele Sena<\/span>\u00a0Digital\u00a0<a title=\"Comprar Tele Sena digital\" href=\"https:\/\/www.telesena.com.br\/#\/checkout\/passo-1.html\"><strong><u>aqui<\/u><\/strong><\/a>\u00a0diretamente no site e o seu t\u00edtulo j\u00e1 estar\u00e1 automaticamente cadastrado, bastando apenas acessar\u00a0<strong>\u201cminhas tele senas\u201d<\/strong>, clicar na sua\u00a0<span class=\"text-nowrap\">Tele Sena<\/span>\u00a0de Natal, em seguida na Aba \u201cCupom do Milh\u00e3o\u201d, responder corretamente \u00e0 mesma pergunta citada acima e pronto! Seu cupom ser\u00e1 enviado automaticamente para as urnas do SBT. Para maiores detalhes sobre como participar, valores de premia\u00e7\u00f5es, entre outras d\u00favidas, clique\u00a0<a title=\"Promo\u00e7\u00e3o Cupom do Milh\u00e3o\" href=\"https:\/\/promocoes.telesena.com.br\/cupom-do-milhao.html\" target=\"_blank\" rel=\"noopener noreferrer\"><strong><u>aqui<\/u><\/strong><\/a>\u00a0ou ligue para a nossa Central de Atendimento.<\/p>\n","protected":false},"excerpt":{"rendered":"<div class=\"col-xs-12\">\n<p><strong>UM NATAL \u201cDUPLAMENTE MILION\u00c1RIO\u201d \u00c9 TUDO O QUE O BRASIL PRECISA!<\/strong><\/p>\n<p>Preparem-se para uma Edi\u00e7\u00e3o Super Especial da Tele Sena!<br \/>\nAgora em 2020 tivemos grandes desafios, por isso a Tele Sena decidiu que as festas de final de ano precisam ser INCR\u00cdVEIS!<\/p>\n<p>Pra come\u00e7ar, essa edi\u00e7\u00e3o poder\u00e1 fazer MILHAAARES de ganhadores pelo pa\u00eds! Ser\u00e3o v\u00e1rias premia\u00e7\u00f5es numa mesma Tele Sena, mas com grandes novidades chegando! As premia\u00e7\u00f5es que voc\u00ea j\u00e1 conhece continuar\u00e3o mudando a vida de muita gente. Os quadros de \u201cMais e Menos Pontos\u201d e da \u201cTele Sena Completa\u201d v\u00e3o dar mais de DOIS MILH\u00d5ES E MEIO DE REAIS em pr\u00eamios! Al\u00e9m disso, a premia\u00e7\u00e3o instant\u00e2nea vai pegar MILHARES de pessoas de surpresa com at\u00e9 R$ 5 Mil na hora! Raspou, achou, ganhou!<\/p>\n<p>Juntando todas as premia\u00e7\u00f5es desta edi\u00e7\u00e3o ser\u00e3o mais de R$ 5 Milh\u00f5es em pr\u00eamios! Ah, e com uma GRANDE novidade! Podemos ter DOIS NOVOS MILION\u00c1RIOS nesta edi\u00e7\u00e3o! \u00c9 isso mesmo! Voc\u00ea ter\u00e1 2 chances de ficar MILION\u00c1RIO com a Tele Sena de Natal!<\/p>\n<p>\u00c9 que al\u00e9m de R$ 1 Milh\u00e3o com o quadro de \u201cMais Pontos\u201d, esta edi\u00e7\u00e3o traz a MAIOR PROMO\u00c7\u00c3O MILION\u00c1RIA j\u00e1 feita pela Tele Sena. Ela vai dar\u00a0<strong>pr\u00eamios para todas as regi\u00f5es do Brasil<\/strong>\u00a0e ainda ter\u00e1 uma disputa emocionante por UM MILH\u00c3O DE REAIS! E \u00e9 muito f\u00e1cil participar!<\/p>\n<p>Logo que comprar a sua Tele Sena de Natal vai se surpreender com uma das grandes novidades desta edi\u00e7\u00e3o! Voc\u00ea encontrar\u00e1\u00a0<strong>1 Cupom Bronze<\/strong>, ou\u00a0<strong>1 Cupom Prata<\/strong>\u00a0ou\u00a0<strong>1 Cupom Ouro<\/strong>\u00a0impresso dentro do seu t\u00edtulo. S\u00e3o pr\u00eamios de diferentes valores pra voc\u00ea concorrer, de acordo com a cor do cupom encontrado em sua Tele Sena , com a diferen\u00e7a que o\u00a0<strong><u>Cupom Ouro<\/u><\/strong> ainda pode te levar \u00e0 disputa de R$ 1 Milh\u00e3o.<\/p>\n<p>Viu quantos pr\u00eamios incr\u00edveis e chances de ficar MILION\u00c1RIO? Ent\u00e3o n\u00e3o espere mais! Garanta j\u00e1 a sua Tele Sena Digital\u00a0aqui\u00a0e feche o ano com chave de OURO!<\/p>\n<\/div>\n","protected":false},"featured_media":1749,"comment_status":"open","ping_status":"closed","template":"","meta":{"_uag_custom_page_level_css":""},"product_brand":[],"product_cat":[101],"product_tag":[103],"class_list":{"0":"post-1707","1":"product","2":"type-product","3":"status-publish","6":"product_cat-tele-sena","7":"product_tag-tele-sena","8":"lojas-externas-tele-sena","10":"first","11":"instock","12":"featured","13":"taxable","14":"shipping-taxable","15":"product-type-external"},"uagb_featured_image_src":{"full":["https:\/\/i0.wp.com\/www.creativeprojects.com.br\/shop\/wp-content\/uploads\/2020\/10\/2020-10-02.png?fit=1280%2C1280&ssl=1",1280,1280,false],"thumbnail":["https:\/\/i0.wp.com\/www.creativeprojects.com.br\/shop\/wp-content\/uploads\/2020\/10\/2020-10-02.png?resize=150%2C150&ssl=1",150,150,true],"medium":["https:\/\/i0.wp.com\/www.creativeprojects.com.br\/shop\/wp-content\/uploads\/2020\/10\/2020-10-02.png?fit=300%2C300&ssl=1",300,300,true],"medium_large":["https:\/\/i0.wp.com\/www.creativeprojects.com.br\/shop\/wp-content\/uploads\/2020\/10\/2020-10-02.png?fit=640%2C640&ssl=1",640,640,true],"large":["https:\/\/i0.wp.com\/www.creativeprojects.com.br\/shop\/wp-content\/uploads\/2020\/10\/2020-10-02.png?fit=640%2C640&ssl=1",640,640,true],"1536x1536":["https:\/\/i0.wp.com\/www.creativeprojects.com.br\/shop\/wp-content\/uploads\/2020\/10\/2020-10-02.png?fit=1280%2C1280&ssl=1",1280,1280,true],"2048x2048":["https:\/\/i0.wp.com\/www.creativeprojects.com.br\/shop\/wp-content\/uploads\/2020\/10\/2020-10-02.png?fit=1280%2C1280&ssl=1",1280,1280,true],"orchid-store-thumbnail-extra-large":["https:\/\/i0.wp.com\/www.creativeprojects.com.br\/shop\/wp-content\/uploads\/2020\/10\/2020-10-02.png?resize=800%2C600&ssl=1",800,600,true],"orchid-store-thumbnail-large":["https:\/\/i0.wp.com\/www.creativeprojects.com.br\/shop\/wp-content\/uploads\/2020\/10\/2020-10-02.png?resize=800%2C450&ssl=1",800,450,true],"woocommerce_thumbnail":["https:\/\/i0.wp.com\/www.creativeprojects.com.br\/shop\/wp-content\/uploads\/2020\/10\/2020-10-02.png?resize=300%2C300&ssl=1",300,300,true],"woocommerce_single":["https:\/\/i0.wp.com\/www.creativeprojects.com.br\/shop\/wp-content\/uploads\/2020\/10\/2020-10-02.png?fit=600%2C600&ssl=1",600,600,true],"woocommerce_gallery_thumbnail":["https:\/\/i0.wp.com\/www.creativeprojects.com.br\/shop\/wp-content\/uploads\/2020\/10\/2020-10-02.png?resize=100%2C100&ssl=1",100,100,true],"quick_view_image_size":["https:\/\/i0.wp.com\/www.creativeprojects.com.br\/shop\/wp-content\/uploads\/2020\/10\/2020-10-02.png?resize=450%2C600&ssl=1",450,600,true]},"uagb_author_info":{"display_name":"creativeprojectsam","author_link":"https:\/\/www.creativeprojects.com.br\/shop\/author\/"},"uagb_comment_info":0,"uagb_excerpt":"UM NATAL \u201cDUPLAMENTE MILION\u00c1RIO\u201d \u00c9 TUDO O QUE O BRASIL PRECISA! Preparem-se para uma Edi\u00e7\u00e3o Super Especial da Tele Sena! Agora em 2020 tivemos grandes desafios, por isso a Tele Sena decidiu que as festas de final de ano precisam ser INCR\u00cdVEIS! Pra come\u00e7ar, essa edi\u00e7\u00e3o poder\u00e1 fazer MILHAAARES de ganhadores pelo pa\u00eds! Ser\u00e3o v\u00e1rias&hellip;","jetpack_sharing_enabled":true,"_links":{"self":[{"href":"https:\/\/www.creativeprojects.com.br\/shop\/wp-json\/wp\/v2\/product\/1707","targetHints":{"allow":["GET"]}}],"collection":[{"href":"https:\/\/www.creativeprojects.com.br\/shop\/wp-json\/wp\/v2\/product"}],"about":[{"href":"https:\/\/www.creativeprojects.com.br\/shop\/wp-json\/wp\/v2\/types\/product"}],"replies":[{"embeddable":true,"href":"https:\/\/www.creativeprojects.com.br\/shop\/wp-json\/wp\/v2\/comments?post=1707"}],"version-history":[{"count":4,"href":"https:\/\/www.creativeprojects.com.br\/shop\/wp-json\/wp\/v2\/product\/1707\/revisions"}],"predecessor-version":[{"id":6399,"href":"https:\/\/www.creativeprojects.com.br\/shop\/wp-json\/wp\/v2\/product\/1707\/revisions\/6399"}],"wp:featuredmedia":[{"embeddable":true,"href":"https:\/\/www.creativeprojects.com.br\/shop\/wp-json\/wp\/v2\/media\/1749"}],"wp:attachment":[{"href":"https:\/\/www.creativeprojects.com.br\/shop\/wp-json\/wp\/v2\/media?parent=1707"}],"wp:term":[{"taxonomy":"product_brand","embeddable":true,"href":"https:\/\/www.creativeprojects.com.br\/shop\/wp-json\/wp\/v2\/product_brand?post=1707"},{"taxonomy":"product_cat","embeddable":true,"href":"https:\/\/www.creativeprojects.com.br\/shop\/wp-json\/wp\/v2\/product_cat?post=1707"},{"taxonomy":"product_tag","embeddable":true,"href":"https:\/\/www.creativeprojects.com.br\/shop\/wp-json\/wp\/v2\/product_tag?post=1707"}],"curies":[{"name":"wp","href":"https:\/\/api.w.org\/{rel}","templated":true}]}}