{"id":1735,"date":"2020-10-30T19:33:47","date_gmt":"2020-10-30T22:33:47","guid":{"rendered":"https:\/\/www.creativeprojects.com.br\/shop\/?post_type=product&#038;p=1735"},"modified":"2021-09-05T17:36:07","modified_gmt":"2021-09-05T20:36:07","slug":"point-pro","status":"publish","type":"product","link":"https:\/\/www.creativeprojects.com.br\/shop\/produto\/point-pro\/","title":{"rendered":"Point Pro 2"},"content":{"rendered":"<section id=\"s-animated-howto \" class=\"s-animated-howto \">\n<div class=\"ui-content-wrapper\">\n<div class=\"ui-content\">\n<h1 class=\"ly-title animated-steps__title\">Como funciona a Point Pro?<\/h1>\n<div id=\"animated-steps\" class=\"ui-animated-steps ui-animated-steps__animate\">\n<div class=\"ui-animated-steps__container\">\n<div class=\"ui-animated-steps__circle ui-animated-steps__animate--step1\"><img data-recalc-dims=\"1\" decoding=\"async\" class=\"step__image\" src=\"https:\/\/i0.wp.com\/http2.mlstatic.com\/frontend-assets\/growth-sellers-landings\/animated-steps-3g.png?w=640&#038;ssl=1\" srcset=\"https:\/\/http2.mlstatic.com\/frontend-assets\/growth-sellers-landings\/animated-steps-3g.png 1x,https:\/\/http2.mlstatic.com\/frontend-assets\/growth-sellers-landings\/animated-steps-3g@2x.png 2x\" alt=\"animated step 1\" \/><img data-recalc-dims=\"1\" decoding=\"async\" class=\"step__image\" src=\"https:\/\/i0.wp.com\/http2.mlstatic.com\/frontend-assets\/growth-sellers-landings\/animated-steps-card.png?w=640&#038;ssl=1\" srcset=\"https:\/\/http2.mlstatic.com\/frontend-assets\/growth-sellers-landings\/animated-steps-card.png 1x,https:\/\/http2.mlstatic.com\/frontend-assets\/growth-sellers-landings\/animated-steps-card@2x.png 2x\" alt=\"animated step 2\" \/><img data-recalc-dims=\"1\" decoding=\"async\" class=\"step__image\" src=\"https:\/\/i0.wp.com\/http2.mlstatic.com\/frontend-assets\/growth-sellers-landings\/animated-steps-receipt.png?w=640&#038;ssl=1\" srcset=\"https:\/\/http2.mlstatic.com\/frontend-assets\/growth-sellers-landings\/animated-steps-receipt.png 1x,https:\/\/http2.mlstatic.com\/frontend-assets\/growth-sellers-landings\/animated-steps-receipt@2x.png 2x\" alt=\"animated step 3\" \/><\/div>\n<\/div>\n<div class=\"ui-animated-steps__text-container\">\n<div class=\"ui-animated-steps__step-text\">\n<h4 class=\"ui-animated-steps__title ui-animated-steps__animate--text-step1\">Digite o valor e escolha a forma de pagamento<\/h4>\n<p class=\"ui-animated-steps__description ui-animated-steps__animate--text-step1\">Pode ser d\u00e9bito ou cr\u00e9dito, mas, em tempos de preven\u00e7\u00e3o, sugerimos c\u00f3digo\u00a0QR.<\/p>\n<\/div>\n<div class=\"ui-animated-steps__step-text\">\n<h4 class=\"ui-animated-steps__title ui-animated-steps__animate--text-step2\">Pe\u00e7a ao seu cliente para pagar<\/h4>\n<p class=\"ui-animated-steps__description ui-animated-steps__animate--text-step2\">Inserindo o cart\u00e3o ou usando o app do Mercado Livre\/ Mercado Pago.<\/p>\n<\/div>\n<div class=\"ui-animated-steps__step-text\">\n<h4 class=\"ui-animated-steps__title ui-animated-steps__animate--text-step3\">Pronto! O comprovante ser\u00e1 impresso<\/h4>\n<p class=\"ui-animated-steps__description ui-animated-steps__animate--text-step3\">E o dinheiro estar\u00e1 no seu app do Mercado Pago de forma r\u00e1pida e segura.<\/p>\n<\/div>\n<\/div>\n<\/div>\n<\/div>\n<div class=\"disclaimer\">\n<p class=\"ly-description\">\n<\/div>\n<\/div>\n<\/section>\n<section id=\"s-loyalty \" class=\"s-loyalty \">\n<div class=\"ui-content-wrapper\">\n<div class=\"ui-box ui-box--shadow \">\n<div class=\"ui-box__body\">\n<div class=\"s-loyalty__picture-container\"><img data-recalc-dims=\"1\" decoding=\"async\" class=\"s-loyalty__picture\" src=\"https:\/\/i0.wp.com\/http2.mlstatic.com\/frontend-assets\/growth-sellers-landings\/loyalty-small%402x.png?w=640&#038;ssl=1\" srcset=\"https:\/\/http2.mlstatic.com\/frontend-assets\/growth-sellers-landings\/loyalty-small@2x.png 1x,https:\/\/http2.mlstatic.com\/frontend-assets\/growth-sellers-landings\/loyalty-large@2x.png 2x\" alt=\"loyalty-picture\" \/><\/div>\n<div class=\"s-loyalty__wrapper-content\">\n<h2 class=\"ly-subtitle\">Vender com a Point te d\u00e1 benef\u00edcios exclusivos do Mercado Pontos<\/h2>\n<ul>\n<li class=\"s-loyalty__item\">\n<div class=\"item-whith-icon\">\n<p>&nbsp;<\/p>\n<p class=\"ui-item__text\"><strong>Frete gr\u00e1tis<\/strong>\u00a0em compras no Mercado\u00a0Livre<\/p>\n<\/div>\n<\/li>\n<li class=\"s-loyalty__item\">\n<div class=\"item-whith-icon\">\n<p>&nbsp;<\/p>\n<p class=\"ui-item__text\"><strong>Ofertas exclusivas em milhares de produtos<\/strong>\u00a0no Mercado\u00a0Livre<\/p>\n<\/div>\n<\/li>\n<li class=\"s-loyalty__item\">\n<div class=\"item-whith-icon\">\n<p>&nbsp;<\/p>\n<p class=\"ui-item__text\"><strong>Descontos em pagamentos com c\u00f3digo QR\u00a0<\/strong>pelo app do Mercado\u00a0Pago.<\/p>\n<\/div>\n<\/li>\n<li class=\"s-loyalty__item\">\n<div class=\"item-whith-icon\">\n<p>&nbsp;<\/p>\n<p class=\"ui-item__text\"><strong>Benef\u00edcios nas assinaturas<\/strong>\u00a0das suas plataformas favoritas.<\/p>\n<\/div>\n<\/li>\n<\/ul>\n<\/div>\n<\/div>\n<\/div>\n<\/div>\n<\/section>\n<section id=\"s-credits \" class=\"s-credits \">\n<div class=\"ui-content-wrapper\">\n<div class=\"ui-box ui-box--clean \">\n<div class=\"ui-box__body\">\n<div class=\"s-credits__picture-container\"><img data-recalc-dims=\"1\" decoding=\"async\" class=\"s-credits__picture\" src=\"https:\/\/i0.wp.com\/http2.mlstatic.com\/frontend-assets\/growth-sellers-landings\/prepaid-pro-mlb.png?w=640&#038;ssl=1\" srcset=\"https:\/\/http2.mlstatic.com\/frontend-assets\/growth-sellers-landings\/prepaid-pro-mlb.png 1x,https:\/\/http2.mlstatic.com\/frontend-assets\/growth-sellers-landings\/prepaid-pro-mlb@2x.png 2x\" alt=\"credit-picture\" \/><\/div>\n<div class=\"s-credits__wrapper-content\">\n<h2 class=\"ly-subtitle\">Voc\u00ea pode ter um cr\u00e9dito com apenas 3 meses de vendas<\/h2>\n<ul>\n<li class=\"s-credits__item\">\n<div class=\"item-whith-icon\">\n<p>&nbsp;<\/p>\n<p class=\"ui-item__text\">100% online. Sem pap\u00e9is nem burocracia.<\/p>\n<\/div>\n<\/li>\n<li class=\"s-credits__item\">\n<div class=\"item-whith-icon\">\n<p>&nbsp;<\/p>\n<p class=\"ui-item__text\">Emprestamos at\u00e9 R$ 50.000 com base nas suas vendas com o Point.<\/p>\n<\/div>\n<\/li>\n<li class=\"s-credits__item\">\n<div class=\"item-whith-icon\">\n<p>&nbsp;<\/p>\n<p class=\"ui-item__text\">Voc\u00ea pode usar o dinheiro para o que o seu neg\u00f3cio precisar.<\/p>\n<\/div>\n<\/li>\n<\/ul>\n<\/div>\n<\/div>\n<\/div>\n<\/div>\n<\/section>\n","protected":false},"excerpt":{"rendered":"<p>N\u00d3S DA<strong>\u00a0CREATIVE PROJECTS<\/strong>\u00a0ESTAMOS DISPONIBILIZANDO UM\u00a0<strong>DESCONTO DE R$ 420,00<\/strong>\u00a0NA SUA MAQUININHA<\/p>\n","protected":false},"featured_media":1736,"comment_status":"open","ping_status":"closed","template":"","meta":{"_uag_custom_page_level_css":""},"product_brand":[],"product_cat":[105,29],"product_tag":[108,106,107,109,110],"class_list":{"0":"post-1735","1":"product","2":"type-product","3":"status-publish","6":"product_cat-maquinas-de-cartoes","7":"product_cat-marketplace","8":"product_tag-maquina-de-cartao","9":"product_tag-maquina-de-cartao-de-credito-e-debito","10":"product_tag-mercado-pago","11":"product_tag-ofertas","12":"product_tag-promocoes-maquinas-de-cartoes","13":"lojas-externas-creative-projects","15":"first","16":"instock","17":"sale","18":"taxable","19":"shipping-taxable","20":"product-type-external"},"uagb_featured_image_src":{"full":["https:\/\/i0.wp.com\/www.creativeprojects.com.br\/shop\/wp-content\/uploads\/2020\/10\/smalpg.png?fit=552%2C580&ssl=1",552,580,false],"thumbnail":["https:\/\/i0.wp.com\/www.creativeprojects.com.br\/shop\/wp-content\/uploads\/2020\/10\/smalpg.png?resize=150%2C150&ssl=1",150,150,true],"medium":["https:\/\/i0.wp.com\/www.creativeprojects.com.br\/shop\/wp-content\/uploads\/2020\/10\/smalpg.png?fit=286%2C300&ssl=1",286,300,true],"medium_large":["https:\/\/i0.wp.com\/www.creativeprojects.com.br\/shop\/wp-content\/uploads\/2020\/10\/smalpg.png?fit=552%2C580&ssl=1",552,580,true],"large":["https:\/\/i0.wp.com\/www.creativeprojects.com.br\/shop\/wp-content\/uploads\/2020\/10\/smalpg.png?fit=552%2C580&ssl=1",552,580,true],"1536x1536":["https:\/\/i0.wp.com\/www.creativeprojects.com.br\/shop\/wp-content\/uploads\/2020\/10\/smalpg.png?fit=552%2C580&ssl=1",552,580,true],"2048x2048":["https:\/\/i0.wp.com\/www.creativeprojects.com.br\/shop\/wp-content\/uploads\/2020\/10\/smalpg.png?fit=552%2C580&ssl=1",552,580,true],"orchid-store-thumbnail-extra-large":["https:\/\/i0.wp.com\/www.creativeprojects.com.br\/shop\/wp-content\/uploads\/2020\/10\/smalpg.png?resize=552%2C414&ssl=1",552,414,true],"orchid-store-thumbnail-large":["https:\/\/i0.wp.com\/www.creativeprojects.com.br\/shop\/wp-content\/uploads\/2020\/10\/smalpg.png?resize=552%2C450&ssl=1",552,450,true],"woocommerce_thumbnail":["https:\/\/i0.wp.com\/www.creativeprojects.com.br\/shop\/wp-content\/uploads\/2020\/10\/smalpg.png?resize=300%2C300&ssl=1",300,300,true],"woocommerce_single":["https:\/\/i0.wp.com\/www.creativeprojects.com.br\/shop\/wp-content\/uploads\/2020\/10\/smalpg.png?fit=552%2C580&ssl=1",552,580,true],"woocommerce_gallery_thumbnail":["https:\/\/i0.wp.com\/www.creativeprojects.com.br\/shop\/wp-content\/uploads\/2020\/10\/smalpg.png?resize=100%2C100&ssl=1",100,100,true],"quick_view_image_size":["https:\/\/i0.wp.com\/www.creativeprojects.com.br\/shop\/wp-content\/uploads\/2020\/10\/smalpg.png?resize=435%2C580&ssl=1",435,580,true]},"uagb_author_info":{"display_name":"creativeprojectsam","author_link":"https:\/\/www.creativeprojects.com.br\/shop\/author\/"},"uagb_comment_info":0,"uagb_excerpt":"N\u00d3S DA\u00a0CREATIVE PROJECTS\u00a0ESTAMOS DISPONIBILIZANDO UM\u00a0DESCONTO DE R$ 420,00\u00a0NA SUA MAQUININHA","jetpack_sharing_enabled":true,"_links":{"self":[{"href":"https:\/\/www.creativeprojects.com.br\/shop\/wp-json\/wp\/v2\/product\/1735","targetHints":{"allow":["GET"]}}],"collection":[{"href":"https:\/\/www.creativeprojects.com.br\/shop\/wp-json\/wp\/v2\/product"}],"about":[{"href":"https:\/\/www.creativeprojects.com.br\/shop\/wp-json\/wp\/v2\/types\/product"}],"replies":[{"embeddable":true,"href":"https:\/\/www.creativeprojects.com.br\/shop\/wp-json\/wp\/v2\/comments?post=1735"}],"version-history":[{"count":4,"href":"https:\/\/www.creativeprojects.com.br\/shop\/wp-json\/wp\/v2\/product\/1735\/revisions"}],"predecessor-version":[{"id":1783,"href":"https:\/\/www.creativeprojects.com.br\/shop\/wp-json\/wp\/v2\/product\/1735\/revisions\/1783"}],"wp:featuredmedia":[{"embeddable":true,"href":"https:\/\/www.creativeprojects.com.br\/shop\/wp-json\/wp\/v2\/media\/1736"}],"wp:attachment":[{"href":"https:\/\/www.creativeprojects.com.br\/shop\/wp-json\/wp\/v2\/media?parent=1735"}],"wp:term":[{"taxonomy":"product_brand","embeddable":true,"href":"https:\/\/www.creativeprojects.com.br\/shop\/wp-json\/wp\/v2\/product_brand?post=1735"},{"taxonomy":"product_cat","embeddable":true,"href":"https:\/\/www.creativeprojects.com.br\/shop\/wp-json\/wp\/v2\/product_cat?post=1735"},{"taxonomy":"product_tag","embeddable":true,"href":"https:\/\/www.creativeprojects.com.br\/shop\/wp-json\/wp\/v2\/product_tag?post=1735"}],"curies":[{"name":"wp","href":"https:\/\/api.w.org\/{rel}","templated":true}]}}