{"id":1738,"date":"2020-10-30T19:37:30","date_gmt":"2020-10-30T22:37:30","guid":{"rendered":"https:\/\/www.creativeprojects.com.br\/shop\/?post_type=product&#038;p=1738"},"modified":"2021-09-05T17:36:06","modified_gmt":"2021-09-05T20:36:06","slug":"point-mini","status":"publish","type":"product","link":"https:\/\/www.creativeprojects.com.br\/shop\/produto\/point-mini\/","title":{"rendered":"Point Mini"},"content":{"rendered":"<div class=\"ui-content\">\n<h1 class=\"ly-title animated-steps__title\">Como funciona a Point Mini?<\/h1>\n<div id=\"animated-steps\" class=\"ui-animated-steps ui-animated-steps__animate\">\n<div class=\"ui-animated-steps__container\">\n<div class=\"ui-animated-steps__circle ui-animated-steps__animate--step1\"><img data-recalc-dims=\"1\" decoding=\"async\" class=\"step__image\" src=\"https:\/\/i0.wp.com\/http2.mlstatic.com\/frontend-assets\/growth-sellers-landings\/animated-steps-download.png?w=640&#038;ssl=1\" srcset=\"https:\/\/http2.mlstatic.com\/frontend-assets\/growth-sellers-landings\/animated-steps-download.png 1x,https:\/\/http2.mlstatic.com\/frontend-assets\/growth-sellers-landings\/animated-steps-download@2x.png 2x\" alt=\"animated step 1\" \/><img data-recalc-dims=\"1\" decoding=\"async\" class=\"step__image\" src=\"https:\/\/i0.wp.com\/http2.mlstatic.com\/frontend-assets\/growth-sellers-landings\/animated-steps-bluetooth.png?w=640&#038;ssl=1\" srcset=\"https:\/\/http2.mlstatic.com\/frontend-assets\/growth-sellers-landings\/animated-steps-bluetooth.png 1x,https:\/\/http2.mlstatic.com\/frontend-assets\/growth-sellers-landings\/animated-steps-bluetooth@2x.png 2x\" alt=\"animated step 2\" \/><img data-recalc-dims=\"1\" decoding=\"async\" class=\"step__image\" src=\"https:\/\/i0.wp.com\/http2.mlstatic.com\/frontend-assets\/growth-sellers-landings\/mla-step-3.png?w=640&#038;ssl=1\" srcset=\"https:\/\/http2.mlstatic.com\/frontend-assets\/growth-sellers-landings\/mla-step-3.png 1x,https:\/\/http2.mlstatic.com\/frontend-assets\/growth-sellers-landings\/mla-step-3@2x.png 2x\" alt=\"animated step 3\" \/><\/div>\n<\/div>\n<div class=\"ui-animated-steps__text-container\">\n<div class=\"ui-animated-steps__step-text\">\n<h4 class=\"ui-animated-steps__title ui-animated-steps__animate--text-step1\">Baixe o aplicativo do Mercado Pago<\/h4>\n<p class=\"ui-animated-steps__description ui-animated-steps__animate--text-step1\">E crie uma conta gr\u00e1tis ou use a sua do Mercado Livre.<\/p>\n<\/div>\n<div class=\"ui-animated-steps__step-text\">\n<h4 class=\"ui-animated-steps__title ui-animated-steps__animate--text-step2\">Conecte seu celular ou tablet \u00e0 maquininha<\/h4>\n<p class=\"ui-animated-steps__description ui-animated-steps__animate--text-step2\">Para isso, use o Bluetooth do seu dispositivo m\u00f3vel.<\/p>\n<\/div>\n<div class=\"ui-animated-steps__step-text\">\n<h4 class=\"ui-animated-steps__title ui-animated-steps__animate--text-step3\">Venda e receba o dinheiro no Mercado Pago<\/h4>\n<p class=\"ui-animated-steps__description ui-animated-steps__animate--text-step3\">Voc\u00ea poder\u00e1 us\u00e1-lo assim que estiver dispon\u00edvel.<\/p>\n<\/div>\n<\/div>\n<\/div>\n<\/div>\n<div class=\"disclaimer\">\n<p class=\"ly-description\">A maquininha funciona com celulares e tablets que tenham, no m\u00ednimo, Android 4.4 ou vers\u00f5es superiores ou iOS 10 ou vers\u00f5es superiores, e internet.<\/p>\n<\/div>\n","protected":false},"excerpt":{"rendered":"<p>N\u00d3S DA<strong>\u00a0CREATIVE PROJECTS<\/strong>\u00a0ESTAMOS DISPONIBILIZANDO UM\u00a0<strong>DESCONTO DE R$ 60,00<\/strong>\u00a0NA SUA MAQUININHA<\/p>\n","protected":false},"featured_media":1739,"comment_status":"open","ping_status":"closed","template":"","meta":{"_uag_custom_page_level_css":""},"product_brand":[],"product_cat":[105,29],"product_tag":[108,106,107,109,110],"class_list":{"0":"post-1738","1":"product","2":"type-product","3":"status-publish","6":"product_cat-maquinas-de-cartoes","7":"product_cat-marketplace","8":"product_tag-maquina-de-cartao","9":"product_tag-maquina-de-cartao-de-credito-e-debito","10":"product_tag-mercado-pago","11":"product_tag-ofertas","12":"product_tag-promocoes-maquinas-de-cartoes","13":"lojas-externas-mercado-pago","15":"first","16":"instock","17":"sale","18":"taxable","19":"shipping-taxable","20":"product-type-external"},"uagb_featured_image_src":{"full":["https:\/\/i0.wp.com\/www.creativeprojects.com.br\/shop\/wp-content\/uploads\/2020\/10\/mpaz.jpg?fit=409%2C500&ssl=1",409,500,false],"thumbnail":["https:\/\/i0.wp.com\/www.creativeprojects.com.br\/shop\/wp-content\/uploads\/2020\/10\/mpaz.jpg?resize=150%2C150&ssl=1",150,150,true],"medium":["https:\/\/i0.wp.com\/www.creativeprojects.com.br\/shop\/wp-content\/uploads\/2020\/10\/mpaz.jpg?fit=245%2C300&ssl=1",245,300,true],"medium_large":["https:\/\/i0.wp.com\/www.creativeprojects.com.br\/shop\/wp-content\/uploads\/2020\/10\/mpaz.jpg?fit=409%2C500&ssl=1",409,500,true],"large":["https:\/\/i0.wp.com\/www.creativeprojects.com.br\/shop\/wp-content\/uploads\/2020\/10\/mpaz.jpg?fit=409%2C500&ssl=1",409,500,true],"1536x1536":["https:\/\/i0.wp.com\/www.creativeprojects.com.br\/shop\/wp-content\/uploads\/2020\/10\/mpaz.jpg?fit=409%2C500&ssl=1",409,500,true],"2048x2048":["https:\/\/i0.wp.com\/www.creativeprojects.com.br\/shop\/wp-content\/uploads\/2020\/10\/mpaz.jpg?fit=409%2C500&ssl=1",409,500,true],"orchid-store-thumbnail-extra-large":["https:\/\/i0.wp.com\/www.creativeprojects.com.br\/shop\/wp-content\/uploads\/2020\/10\/mpaz.jpg?resize=409%2C306&ssl=1",409,306,true],"orchid-store-thumbnail-large":["https:\/\/i0.wp.com\/www.creativeprojects.com.br\/shop\/wp-content\/uploads\/2020\/10\/mpaz.jpg?resize=409%2C450&ssl=1",409,450,true],"woocommerce_thumbnail":["https:\/\/i0.wp.com\/www.creativeprojects.com.br\/shop\/wp-content\/uploads\/2020\/10\/mpaz.jpg?resize=300%2C300&ssl=1",300,300,true],"woocommerce_single":["https:\/\/i0.wp.com\/www.creativeprojects.com.br\/shop\/wp-content\/uploads\/2020\/10\/mpaz.jpg?fit=409%2C500&ssl=1",409,500,true],"woocommerce_gallery_thumbnail":["https:\/\/i0.wp.com\/www.creativeprojects.com.br\/shop\/wp-content\/uploads\/2020\/10\/mpaz.jpg?resize=100%2C100&ssl=1",100,100,true],"quick_view_image_size":["https:\/\/i0.wp.com\/www.creativeprojects.com.br\/shop\/wp-content\/uploads\/2020\/10\/mpaz.jpg?resize=375%2C500&ssl=1",375,500,true]},"uagb_author_info":{"display_name":"creativeprojectsam","author_link":"https:\/\/www.creativeprojects.com.br\/shop\/author\/"},"uagb_comment_info":0,"uagb_excerpt":"N\u00d3S DA\u00a0CREATIVE PROJECTS\u00a0ESTAMOS DISPONIBILIZANDO UM\u00a0DESCONTO DE R$ 60,00\u00a0NA SUA MAQUININHA","jetpack_sharing_enabled":true,"_links":{"self":[{"href":"https:\/\/www.creativeprojects.com.br\/shop\/wp-json\/wp\/v2\/product\/1738","targetHints":{"allow":["GET"]}}],"collection":[{"href":"https:\/\/www.creativeprojects.com.br\/shop\/wp-json\/wp\/v2\/product"}],"about":[{"href":"https:\/\/www.creativeprojects.com.br\/shop\/wp-json\/wp\/v2\/types\/product"}],"replies":[{"embeddable":true,"href":"https:\/\/www.creativeprojects.com.br\/shop\/wp-json\/wp\/v2\/comments?post=1738"}],"version-history":[{"count":1,"href":"https:\/\/www.creativeprojects.com.br\/shop\/wp-json\/wp\/v2\/product\/1738\/revisions"}],"predecessor-version":[{"id":1740,"href":"https:\/\/www.creativeprojects.com.br\/shop\/wp-json\/wp\/v2\/product\/1738\/revisions\/1740"}],"wp:featuredmedia":[{"embeddable":true,"href":"https:\/\/www.creativeprojects.com.br\/shop\/wp-json\/wp\/v2\/media\/1739"}],"wp:attachment":[{"href":"https:\/\/www.creativeprojects.com.br\/shop\/wp-json\/wp\/v2\/media?parent=1738"}],"wp:term":[{"taxonomy":"product_brand","embeddable":true,"href":"https:\/\/www.creativeprojects.com.br\/shop\/wp-json\/wp\/v2\/product_brand?post=1738"},{"taxonomy":"product_cat","embeddable":true,"href":"https:\/\/www.creativeprojects.com.br\/shop\/wp-json\/wp\/v2\/product_cat?post=1738"},{"taxonomy":"product_tag","embeddable":true,"href":"https:\/\/www.creativeprojects.com.br\/shop\/wp-json\/wp\/v2\/product_tag?post=1738"}],"curies":[{"name":"wp","href":"https:\/\/api.w.org\/{rel}","templated":true}]}}