{"id":1762,"date":"2021-01-15T08:26:55","date_gmt":"2021-01-15T11:26:55","guid":{"rendered":"https:\/\/www.creativeprojects.com.br\/shop\/produto\/tv-box-4gb-ram-64gb-de-armazenamento-e-5g-conexao\/"},"modified":"2022-10-18T17:42:59","modified_gmt":"2022-10-18T20:42:59","slug":"tv-box-4gb-ram-64gb-de-armazenamento-e-5g-conexao","status":"publish","type":"product","link":"https:\/\/www.creativeprojects.com.br\/shop\/produto\/tv-box-4gb-ram-64gb-de-armazenamento-e-5g-conexao\/","title":{"rendered":"TV BOX 4GB RAM, 64GB DE ARMAZENAMENTO E CONEX\u00c3O 2G\/5G"},"content":{"rendered":"<div class=\"page-info-product\">\n<div id=\"ProdBlock\" class=\"product-tabs\">\n<div id=\"descricao\" class=\"prodBox\">\n<div class=\"board\">\n<div class=\"board_htm description\">\n<p><strong>ACOMPANHA:<\/strong><br \/>\n1 TV BOX<br \/>\n&#8211; 1 CONTROLE REMOTO<br \/>\n&#8211; 1 FONTE<br \/>\n&#8211; 1 CABO HDMI<br \/>\n&#8211; 1 MANUAL DE INTRU\u00c7\u00d5ES<\/p>\n<p><strong>ESPECIFICA\u00c7\u00d5ES T\u00c9CNICAS:<\/strong><br \/>\nAndroid 10.1<br \/>\nMem\u00f3ria Ram: 4Gb<br \/>\nMem\u00f3ria: 64Gb<br \/>\nWifi 2.4G\/5G<\/p>\n<p><strong>GARANTIA:<\/strong><br \/>\n6\u00a0Meses<\/p>\n<\/div>\n<\/div>\n<\/div>\n<\/div>\n<\/div>\n","protected":false},"excerpt":{"rendered":"<p>O Smart TV Box transforma a sua antiga TV em uma Smart TV. Os Seus recursos possibilitar\u00e3o uma maior interatividade, j\u00e1 que ser\u00e1 poss\u00edvel fazer o uso de aplicativos, desfrutando da mesma experi\u00eancia que se tem ao usar um smartphone. O acesso \u00e0 internet, trar\u00e1 \u00e0 tela da sua TV um mundo de informa\u00e7\u00f5es.<\/p>\n<p>Realiza pareamento com dispositivos m\u00f3veis e \u00e9 compat\u00edvel com diversos formatos de \u00e1udio e v\u00eddeo. A qualidade de v\u00eddeo em Full HD vai permitir o acesso a imagens em alt\u00edssima qualidade. Tamb\u00e9m ser\u00e1 poss\u00edvel fazer o uso de dispositivos de armazenamento como pen drives, cart\u00f5es de mem\u00f3ria e HDs externos.<\/p>\n<p>A tecnologia baseada no sistema Android vai permitir a navega\u00e7\u00e3o na internet por meio de wer browsers e a participa\u00e7\u00e3o do usu\u00e1rio em jogos on e off-line.<\/p>\n","protected":false},"featured_media":1761,"comment_status":"open","ping_status":"closed","template":"","meta":{"_uag_custom_page_level_css":""},"product_brand":[],"product_cat":[112,113],"product_tag":[116,115,114],"class_list":{"0":"post-1762","1":"product","2":"type-product","3":"status-publish","6":"product_cat-eletronico-audio-e-video","7":"product_cat-media-streaming","8":"product_tag-canais-liberados","9":"product_tag-smart-tv","10":"product_tag-tv-box","11":"product_shipping_class-correios","12":"lojas-externas-creative-projects","14":"first","15":"outofstock","16":"sale","17":"featured","18":"taxable","19":"shipping-taxable","20":"purchasable","21":"product-type-simple"},"uagb_featured_image_src":{"full":["https:\/\/i0.wp.com\/www.creativeprojects.com.br\/shop\/wp-content\/uploads\/2021\/01\/IMG_20210106_125601_571.jpg?fit=670%2C458&ssl=1",670,458,false],"thumbnail":["https:\/\/i0.wp.com\/www.creativeprojects.com.br\/shop\/wp-content\/uploads\/2021\/01\/IMG_20210106_125601_571.jpg?resize=150%2C150&ssl=1",150,150,true],"medium":["https:\/\/i0.wp.com\/www.creativeprojects.com.br\/shop\/wp-content\/uploads\/2021\/01\/IMG_20210106_125601_571.jpg?fit=300%2C205&ssl=1",300,205,true],"medium_large":["https:\/\/i0.wp.com\/www.creativeprojects.com.br\/shop\/wp-content\/uploads\/2021\/01\/IMG_20210106_125601_571.jpg?fit=640%2C437&ssl=1",640,437,true],"large":["https:\/\/i0.wp.com\/www.creativeprojects.com.br\/shop\/wp-content\/uploads\/2021\/01\/IMG_20210106_125601_571.jpg?fit=640%2C437&ssl=1",640,437,true],"1536x1536":["https:\/\/i0.wp.com\/www.creativeprojects.com.br\/shop\/wp-content\/uploads\/2021\/01\/IMG_20210106_125601_571.jpg?fit=670%2C458&ssl=1",670,458,true],"2048x2048":["https:\/\/i0.wp.com\/www.creativeprojects.com.br\/shop\/wp-content\/uploads\/2021\/01\/IMG_20210106_125601_571.jpg?fit=670%2C458&ssl=1",670,458,true],"orchid-store-thumbnail-extra-large":["https:\/\/i0.wp.com\/www.creativeprojects.com.br\/shop\/wp-content\/uploads\/2021\/01\/IMG_20210106_125601_571.jpg?resize=611%2C458&ssl=1",611,458,true],"orchid-store-thumbnail-large":["https:\/\/i0.wp.com\/www.creativeprojects.com.br\/shop\/wp-content\/uploads\/2021\/01\/IMG_20210106_125601_571.jpg?resize=670%2C450&ssl=1",670,450,true],"woocommerce_thumbnail":["https:\/\/i0.wp.com\/www.creativeprojects.com.br\/shop\/wp-content\/uploads\/2021\/01\/IMG_20210106_125601_571.jpg?resize=300%2C300&ssl=1",300,300,true],"woocommerce_single":["https:\/\/i0.wp.com\/www.creativeprojects.com.br\/shop\/wp-content\/uploads\/2021\/01\/IMG_20210106_125601_571.jpg?fit=600%2C410&ssl=1",600,410,true],"woocommerce_gallery_thumbnail":["https:\/\/i0.wp.com\/www.creativeprojects.com.br\/shop\/wp-content\/uploads\/2021\/01\/IMG_20210106_125601_571.jpg?resize=100%2C100&ssl=1",100,100,true],"quick_view_image_size":["https:\/\/i0.wp.com\/www.creativeprojects.com.br\/shop\/wp-content\/uploads\/2021\/01\/IMG_20210106_125601_571.jpg?resize=344%2C458&ssl=1",344,458,true]},"uagb_author_info":{"display_name":"creativeprojectsam","author_link":"https:\/\/www.creativeprojects.com.br\/shop\/author\/"},"uagb_comment_info":0,"uagb_excerpt":"O Smart TV Box transforma a sua antiga TV em uma Smart TV. Os Seus recursos possibilitar\u00e3o uma maior interatividade, j\u00e1 que ser\u00e1 poss\u00edvel fazer o uso de aplicativos, desfrutando da mesma experi\u00eancia que se tem ao usar um smartphone. O acesso \u00e0 internet, trar\u00e1 \u00e0 tela da sua TV um mundo de informa\u00e7\u00f5es. Realiza&hellip;","jetpack_sharing_enabled":true,"_links":{"self":[{"href":"https:\/\/www.creativeprojects.com.br\/shop\/wp-json\/wp\/v2\/product\/1762","targetHints":{"allow":["GET"]}}],"collection":[{"href":"https:\/\/www.creativeprojects.com.br\/shop\/wp-json\/wp\/v2\/product"}],"about":[{"href":"https:\/\/www.creativeprojects.com.br\/shop\/wp-json\/wp\/v2\/types\/product"}],"replies":[{"embeddable":true,"href":"https:\/\/www.creativeprojects.com.br\/shop\/wp-json\/wp\/v2\/comments?post=1762"}],"version-history":[{"count":7,"href":"https:\/\/www.creativeprojects.com.br\/shop\/wp-json\/wp\/v2\/product\/1762\/revisions"}],"predecessor-version":[{"id":1768,"href":"https:\/\/www.creativeprojects.com.br\/shop\/wp-json\/wp\/v2\/product\/1762\/revisions\/1768"}],"wp:featuredmedia":[{"embeddable":true,"href":"https:\/\/www.creativeprojects.com.br\/shop\/wp-json\/wp\/v2\/media\/1761"}],"wp:attachment":[{"href":"https:\/\/www.creativeprojects.com.br\/shop\/wp-json\/wp\/v2\/media?parent=1762"}],"wp:term":[{"taxonomy":"product_brand","embeddable":true,"href":"https:\/\/www.creativeprojects.com.br\/shop\/wp-json\/wp\/v2\/product_brand?post=1762"},{"taxonomy":"product_cat","embeddable":true,"href":"https:\/\/www.creativeprojects.com.br\/shop\/wp-json\/wp\/v2\/product_cat?post=1762"},{"taxonomy":"product_tag","embeddable":true,"href":"https:\/\/www.creativeprojects.com.br\/shop\/wp-json\/wp\/v2\/product_tag?post=1762"}],"curies":[{"name":"wp","href":"https:\/\/api.w.org\/{rel}","templated":true}]}}