{"id":1835,"date":"2021-06-18T00:23:36","date_gmt":"2021-06-18T03:23:36","guid":{"rendered":"https:\/\/www.creativeprojects.com.br\/shop\/produto\/carregador-wireless-charger\/"},"modified":"2022-10-18T17:41:34","modified_gmt":"2022-10-18T20:41:34","slug":"carregador-wireless-charger","status":"publish","type":"product","link":"https:\/\/www.creativeprojects.com.br\/shop\/produto\/carregador-wireless-charger\/","title":{"rendered":"Carregador Wireless Charger"},"content":{"rendered":"<p><strong>ESPECIFICA\u00c7\u00d5ES:<\/strong><\/p>\n<ul>\n<li>1. Entrada: 110-240v | 50~60 Hz<\/li>\n<li>2. Sa\u00edda: 5v == 2.4A<\/li>\n<\/ul>\n<p><strong>CARACTER\u00cdSTICAS:<\/strong><\/p>\n<ul>\n<li>1. Tecnologia carregamento wireless<\/li>\n<li>2. Confeccionado em polipropileno<\/li>\n<li>3. Acompanha cabo de micro usb<\/li>\n<\/ul>\n","protected":false},"excerpt":{"rendered":"<p>ESPECIFICA\u00c7\u00d5ES: 1. Entrada: 110-240v | 50~60 Hz 2. Sa\u00edda: 5v == 2.4A CARACTER\u00cdSTICAS: 1. Tecnologia carregamento wireless 2. Confeccionado em polipropileno 3. Acompanha cabo de micro usb<\/p>\n","protected":false},"featured_media":1836,"comment_status":"open","ping_status":"closed","template":"","meta":{"_uag_custom_page_level_css":""},"product_brand":[],"product_cat":[54,64],"product_tag":[],"class_list":{"0":"post-1835","1":"product","2":"type-product","3":"status-publish","6":"product_cat-acessorios","7":"product_cat-pecas-e-acessorios","8":"lojas-externas-creative-projects","10":"first","11":"instock","12":"sold-individually","13":"shipping-taxable","14":"purchasable","15":"product-type-simple"},"uagb_featured_image_src":{"full":["https:\/\/i0.wp.com\/www.creativeprojects.com.br\/shop\/wp-content\/uploads\/2021\/06\/images.jpeg?fit=554%2C554&ssl=1",554,554,false],"thumbnail":["https:\/\/i0.wp.com\/www.creativeprojects.com.br\/shop\/wp-content\/uploads\/2021\/06\/images.jpeg?resize=150%2C150&ssl=1",150,150,true],"medium":["https:\/\/i0.wp.com\/www.creativeprojects.com.br\/shop\/wp-content\/uploads\/2021\/06\/images.jpeg?fit=300%2C300&ssl=1",300,300,true],"medium_large":["https:\/\/i0.wp.com\/www.creativeprojects.com.br\/shop\/wp-content\/uploads\/2021\/06\/images.jpeg?fit=554%2C554&ssl=1",554,554,true],"large":["https:\/\/i0.wp.com\/www.creativeprojects.com.br\/shop\/wp-content\/uploads\/2021\/06\/images.jpeg?fit=554%2C554&ssl=1",554,554,true],"1536x1536":["https:\/\/i0.wp.com\/www.creativeprojects.com.br\/shop\/wp-content\/uploads\/2021\/06\/images.jpeg?fit=554%2C554&ssl=1",554,554,true],"2048x2048":["https:\/\/i0.wp.com\/www.creativeprojects.com.br\/shop\/wp-content\/uploads\/2021\/06\/images.jpeg?fit=554%2C554&ssl=1",554,554,true],"orchid-store-thumbnail-extra-large":["https:\/\/i0.wp.com\/www.creativeprojects.com.br\/shop\/wp-content\/uploads\/2021\/06\/images.jpeg?resize=554%2C415&ssl=1",554,415,true],"orchid-store-thumbnail-large":["https:\/\/i0.wp.com\/www.creativeprojects.com.br\/shop\/wp-content\/uploads\/2021\/06\/images.jpeg?resize=554%2C450&ssl=1",554,450,true],"woocommerce_thumbnail":["https:\/\/i0.wp.com\/www.creativeprojects.com.br\/shop\/wp-content\/uploads\/2021\/06\/images.jpeg?resize=300%2C300&ssl=1",300,300,true],"woocommerce_single":["https:\/\/i0.wp.com\/www.creativeprojects.com.br\/shop\/wp-content\/uploads\/2021\/06\/images.jpeg?fit=554%2C554&ssl=1",554,554,true],"woocommerce_gallery_thumbnail":["https:\/\/i0.wp.com\/www.creativeprojects.com.br\/shop\/wp-content\/uploads\/2021\/06\/images.jpeg?resize=100%2C100&ssl=1",100,100,true],"quick_view_image_size":["https:\/\/i0.wp.com\/www.creativeprojects.com.br\/shop\/wp-content\/uploads\/2021\/06\/images.jpeg?resize=416%2C554&ssl=1",416,554,true]},"uagb_author_info":{"display_name":"creativeprojectsam","author_link":"https:\/\/www.creativeprojects.com.br\/shop\/author\/"},"uagb_comment_info":0,"uagb_excerpt":"ESPECIFICA\u00c7\u00d5ES: 1. Entrada: 110-240v | 50~60 Hz 2. Sa\u00edda: 5v == 2.4A CARACTER\u00cdSTICAS: 1. Tecnologia carregamento wireless 2. Confeccionado em polipropileno 3. Acompanha cabo de micro usb","jetpack_sharing_enabled":true,"_links":{"self":[{"href":"https:\/\/www.creativeprojects.com.br\/shop\/wp-json\/wp\/v2\/product\/1835","targetHints":{"allow":["GET"]}}],"collection":[{"href":"https:\/\/www.creativeprojects.com.br\/shop\/wp-json\/wp\/v2\/product"}],"about":[{"href":"https:\/\/www.creativeprojects.com.br\/shop\/wp-json\/wp\/v2\/types\/product"}],"replies":[{"embeddable":true,"href":"https:\/\/www.creativeprojects.com.br\/shop\/wp-json\/wp\/v2\/comments?post=1835"}],"version-history":[{"count":1,"href":"https:\/\/www.creativeprojects.com.br\/shop\/wp-json\/wp\/v2\/product\/1835\/revisions"}],"predecessor-version":[{"id":1870,"href":"https:\/\/www.creativeprojects.com.br\/shop\/wp-json\/wp\/v2\/product\/1835\/revisions\/1870"}],"wp:featuredmedia":[{"embeddable":true,"href":"https:\/\/www.creativeprojects.com.br\/shop\/wp-json\/wp\/v2\/media\/1836"}],"wp:attachment":[{"href":"https:\/\/www.creativeprojects.com.br\/shop\/wp-json\/wp\/v2\/media?parent=1835"}],"wp:term":[{"taxonomy":"product_brand","embeddable":true,"href":"https:\/\/www.creativeprojects.com.br\/shop\/wp-json\/wp\/v2\/product_brand?post=1835"},{"taxonomy":"product_cat","embeddable":true,"href":"https:\/\/www.creativeprojects.com.br\/shop\/wp-json\/wp\/v2\/product_cat?post=1835"},{"taxonomy":"product_tag","embeddable":true,"href":"https:\/\/www.creativeprojects.com.br\/shop\/wp-json\/wp\/v2\/product_tag?post=1835"}],"curies":[{"name":"wp","href":"https:\/\/api.w.org\/{rel}","templated":true}]}}