{"id":1840,"date":"2021-06-18T01:00:24","date_gmt":"2021-06-18T04:00:24","guid":{"rendered":"https:\/\/www.creativeprojects.com.br\/shop\/produto\/teclado-multilaser\/"},"modified":"2022-10-18T17:42:59","modified_gmt":"2022-10-18T20:42:59","slug":"teclado-multilaser","status":"publish","type":"product","link":"https:\/\/www.creativeprojects.com.br\/shop\/produto\/teclado-multilaser\/","title":{"rendered":"Teclado Multilaser"},"content":{"rendered":"<p><strong>SUPER RESISTENTE<\/strong><\/p>\n<p>Ideal para o seu dia a dia<\/p>\n<p><strong>PLUG &amp; PLAY<\/strong><\/p>\n<p>Conex\u00e3o autom\u00e1tica, conecte a entrada USB e come\u00e7e a usar.<\/p>\n<p><strong>PERFIL SLIM<\/strong><\/p>\n<p>Possui design elegante al\u00e9m de manter suas m\u00e3os em uma posi\u00e7\u00e3o agrad\u00e1vel.<\/p>\n","protected":false},"excerpt":{"rendered":"<p>SUPER RESISTENTE Ideal para o seu dia a dia PLUG &amp; PLAY Conex\u00e3o autom\u00e1tica, conecte a entrada USB e come\u00e7e a usar. PERFIL SLIM Possui design elegante al\u00e9m de manter<\/p>\n","protected":false},"featured_media":1839,"comment_status":"open","ping_status":"closed","template":"","meta":{"_uag_custom_page_level_css":""},"product_brand":[],"product_cat":[69,66,67],"product_tag":[],"class_list":{"0":"post-1840","1":"product","2":"type-product","3":"status-publish","6":"product_cat-acessorios-pecas-e-acessorios-informatica","7":"product_cat-informatica","8":"product_cat-pecas-e-acessorios-informatica","9":"product_shipping_class-correios","10":"lojas-externas-creative-projects","12":"first","13":"instock","14":"sold-individually","15":"shipping-taxable","16":"purchasable","17":"product-type-simple"},"uagb_featured_image_src":{"full":["https:\/\/i0.wp.com\/www.creativeprojects.com.br\/shop\/wp-content\/uploads\/2021\/06\/images28229.jpeg?fit=395%2C395&ssl=1",395,395,false],"thumbnail":["https:\/\/i0.wp.com\/www.creativeprojects.com.br\/shop\/wp-content\/uploads\/2021\/06\/images28229.jpeg?resize=150%2C150&ssl=1",150,150,true],"medium":["https:\/\/i0.wp.com\/www.creativeprojects.com.br\/shop\/wp-content\/uploads\/2021\/06\/images28229.jpeg?fit=300%2C300&ssl=1",300,300,true],"medium_large":["https:\/\/i0.wp.com\/www.creativeprojects.com.br\/shop\/wp-content\/uploads\/2021\/06\/images28229.jpeg?fit=395%2C395&ssl=1",395,395,true],"large":["https:\/\/i0.wp.com\/www.creativeprojects.com.br\/shop\/wp-content\/uploads\/2021\/06\/images28229.jpeg?fit=395%2C395&ssl=1",395,395,true],"1536x1536":["https:\/\/i0.wp.com\/www.creativeprojects.com.br\/shop\/wp-content\/uploads\/2021\/06\/images28229.jpeg?fit=395%2C395&ssl=1",395,395,true],"2048x2048":["https:\/\/i0.wp.com\/www.creativeprojects.com.br\/shop\/wp-content\/uploads\/2021\/06\/images28229.jpeg?fit=395%2C395&ssl=1",395,395,true],"orchid-store-thumbnail-extra-large":["https:\/\/i0.wp.com\/www.creativeprojects.com.br\/shop\/wp-content\/uploads\/2021\/06\/images28229.jpeg?resize=395%2C296&ssl=1",395,296,true],"orchid-store-thumbnail-large":["https:\/\/i0.wp.com\/www.creativeprojects.com.br\/shop\/wp-content\/uploads\/2021\/06\/images28229.jpeg?resize=395%2C222&ssl=1",395,222,true],"woocommerce_thumbnail":["https:\/\/i0.wp.com\/www.creativeprojects.com.br\/shop\/wp-content\/uploads\/2021\/06\/images28229.jpeg?resize=300%2C300&ssl=1",300,300,true],"woocommerce_single":["https:\/\/i0.wp.com\/www.creativeprojects.com.br\/shop\/wp-content\/uploads\/2021\/06\/images28229.jpeg?fit=395%2C395&ssl=1",395,395,true],"woocommerce_gallery_thumbnail":["https:\/\/i0.wp.com\/www.creativeprojects.com.br\/shop\/wp-content\/uploads\/2021\/06\/images28229.jpeg?resize=100%2C100&ssl=1",100,100,true],"quick_view_image_size":["https:\/\/i0.wp.com\/www.creativeprojects.com.br\/shop\/wp-content\/uploads\/2021\/06\/images28229.jpeg?resize=297%2C395&ssl=1",297,395,true]},"uagb_author_info":{"display_name":"creativeprojectsam","author_link":"https:\/\/www.creativeprojects.com.br\/shop\/author\/"},"uagb_comment_info":0,"uagb_excerpt":"SUPER RESISTENTE Ideal para o seu dia a dia PLUG &amp; PLAY Conex\u00e3o autom\u00e1tica, conecte a entrada USB e come\u00e7e a usar. PERFIL SLIM Possui design elegante al\u00e9m de manter","jetpack_sharing_enabled":true,"_links":{"self":[{"href":"https:\/\/www.creativeprojects.com.br\/shop\/wp-json\/wp\/v2\/product\/1840","targetHints":{"allow":["GET"]}}],"collection":[{"href":"https:\/\/www.creativeprojects.com.br\/shop\/wp-json\/wp\/v2\/product"}],"about":[{"href":"https:\/\/www.creativeprojects.com.br\/shop\/wp-json\/wp\/v2\/types\/product"}],"replies":[{"embeddable":true,"href":"https:\/\/www.creativeprojects.com.br\/shop\/wp-json\/wp\/v2\/comments?post=1840"}],"version-history":[{"count":1,"href":"https:\/\/www.creativeprojects.com.br\/shop\/wp-json\/wp\/v2\/product\/1840\/revisions"}],"predecessor-version":[{"id":1868,"href":"https:\/\/www.creativeprojects.com.br\/shop\/wp-json\/wp\/v2\/product\/1840\/revisions\/1868"}],"wp:featuredmedia":[{"embeddable":true,"href":"https:\/\/www.creativeprojects.com.br\/shop\/wp-json\/wp\/v2\/media\/1839"}],"wp:attachment":[{"href":"https:\/\/www.creativeprojects.com.br\/shop\/wp-json\/wp\/v2\/media?parent=1840"}],"wp:term":[{"taxonomy":"product_brand","embeddable":true,"href":"https:\/\/www.creativeprojects.com.br\/shop\/wp-json\/wp\/v2\/product_brand?post=1840"},{"taxonomy":"product_cat","embeddable":true,"href":"https:\/\/www.creativeprojects.com.br\/shop\/wp-json\/wp\/v2\/product_cat?post=1840"},{"taxonomy":"product_tag","embeddable":true,"href":"https:\/\/www.creativeprojects.com.br\/shop\/wp-json\/wp\/v2\/product_tag?post=1840"}],"curies":[{"name":"wp","href":"https:\/\/api.w.org\/{rel}","templated":true}]}}