{"id":1853,"date":"2021-07-03T13:55:40","date_gmt":"2021-07-03T16:55:40","guid":{"rendered":"https:\/\/www.creativeprojects.com.br\/shop\/?post_type=product&#038;p=1853"},"modified":"2022-10-18T17:41:34","modified_gmt":"2022-10-18T20:41:34","slug":"fone-de-ouvido-p-iphone","status":"publish","type":"product","link":"https:\/\/www.creativeprojects.com.br\/shop\/produto\/fone-de-ouvido-p-iphone\/","title":{"rendered":"Fone de Ouvido P\/ iPhone"},"content":{"rendered":"<p><strong>ESPECIFICA\u00c7\u00d5ES:<\/strong><\/p>\n<ol>\n<li>Comprimento 1.2m<\/li>\n<li>Entrada Lighning<\/li>\n<\/ol>\n<p><strong>CARACTER\u00cdSTICAS:<\/strong><\/p>\n<ol>\n<li>Tecnologia ac\u00fastica 3D<\/li>\n<li>Cabo revestido em TPU<\/li>\n<li>Controle de volume no cabo (+\/-)<\/li>\n<li>Controle remoto e microfone<\/li>\n<li>Infra-auricular definido pela geometria da orelha<\/li>\n<\/ol>\n","protected":false},"excerpt":{"rendered":"<p>ESPECIFICA\u00c7\u00d5ES: Comprimento 1.2m Entrada Lighning CARACTER\u00cdSTICAS: Tecnologia ac\u00fastica 3D Cabo revestido em TPU Controle de volume no cabo (+\/-) Controle remoto e microfone Infra-auricular definido pela geometria da orelha<\/p>\n","protected":false},"featured_media":1854,"comment_status":"open","ping_status":"closed","template":"","meta":{"_uag_custom_page_level_css":""},"product_brand":[],"product_cat":[54,64],"product_tag":[],"class_list":{"0":"post-1853","1":"product","2":"type-product","3":"status-publish","6":"product_cat-acessorios","7":"product_cat-pecas-e-acessorios","8":"lojas-externas-creative-projects","10":"first","11":"instock","12":"sale","13":"sold-individually","14":"purchasable","15":"product-type-simple"},"uagb_featured_image_src":{"full":["https:\/\/i0.wp.com\/www.creativeprojects.com.br\/shop\/wp-content\/uploads\/2021\/07\/images28129.jpeg?fit=480%2C640&ssl=1",480,640,false],"thumbnail":["https:\/\/i0.wp.com\/www.creativeprojects.com.br\/shop\/wp-content\/uploads\/2021\/07\/images28129.jpeg?resize=150%2C150&ssl=1",150,150,true],"medium":["https:\/\/i0.wp.com\/www.creativeprojects.com.br\/shop\/wp-content\/uploads\/2021\/07\/images28129.jpeg?fit=225%2C300&ssl=1",225,300,true],"medium_large":["https:\/\/i0.wp.com\/www.creativeprojects.com.br\/shop\/wp-content\/uploads\/2021\/07\/images28129.jpeg?fit=480%2C640&ssl=1",480,640,true],"large":["https:\/\/i0.wp.com\/www.creativeprojects.com.br\/shop\/wp-content\/uploads\/2021\/07\/images28129.jpeg?fit=480%2C640&ssl=1",480,640,true],"1536x1536":["https:\/\/i0.wp.com\/www.creativeprojects.com.br\/shop\/wp-content\/uploads\/2021\/07\/images28129.jpeg?fit=480%2C640&ssl=1",480,640,true],"2048x2048":["https:\/\/i0.wp.com\/www.creativeprojects.com.br\/shop\/wp-content\/uploads\/2021\/07\/images28129.jpeg?fit=480%2C640&ssl=1",480,640,true],"orchid-store-thumbnail-extra-large":["https:\/\/i0.wp.com\/www.creativeprojects.com.br\/shop\/wp-content\/uploads\/2021\/07\/images28129.jpeg?resize=480%2C600&ssl=1",480,600,true],"orchid-store-thumbnail-large":["https:\/\/i0.wp.com\/www.creativeprojects.com.br\/shop\/wp-content\/uploads\/2021\/07\/images28129.jpeg?resize=480%2C450&ssl=1",480,450,true],"woocommerce_thumbnail":["https:\/\/i0.wp.com\/www.creativeprojects.com.br\/shop\/wp-content\/uploads\/2021\/07\/images28129.jpeg?resize=300%2C300&ssl=1",300,300,true],"woocommerce_single":["https:\/\/i0.wp.com\/www.creativeprojects.com.br\/shop\/wp-content\/uploads\/2021\/07\/images28129.jpeg?fit=480%2C640&ssl=1",480,640,true],"woocommerce_gallery_thumbnail":["https:\/\/i0.wp.com\/www.creativeprojects.com.br\/shop\/wp-content\/uploads\/2021\/07\/images28129.jpeg?resize=100%2C100&ssl=1",100,100,true],"quick_view_image_size":["https:\/\/i0.wp.com\/www.creativeprojects.com.br\/shop\/wp-content\/uploads\/2021\/07\/images28129.jpeg?resize=450%2C600&ssl=1",450,600,true]},"uagb_author_info":{"display_name":"creativeprojectsam","author_link":"https:\/\/www.creativeprojects.com.br\/shop\/author\/"},"uagb_comment_info":0,"uagb_excerpt":"ESPECIFICA\u00c7\u00d5ES: Comprimento 1.2m Entrada Lighning CARACTER\u00cdSTICAS: Tecnologia ac\u00fastica 3D Cabo revestido em TPU Controle de volume no cabo (+\/-) Controle remoto e microfone Infra-auricular definido pela geometria da orelha","jetpack_sharing_enabled":true,"_links":{"self":[{"href":"https:\/\/www.creativeprojects.com.br\/shop\/wp-json\/wp\/v2\/product\/1853","targetHints":{"allow":["GET"]}}],"collection":[{"href":"https:\/\/www.creativeprojects.com.br\/shop\/wp-json\/wp\/v2\/product"}],"about":[{"href":"https:\/\/www.creativeprojects.com.br\/shop\/wp-json\/wp\/v2\/types\/product"}],"replies":[{"embeddable":true,"href":"https:\/\/www.creativeprojects.com.br\/shop\/wp-json\/wp\/v2\/comments?post=1853"}],"version-history":[{"count":1,"href":"https:\/\/www.creativeprojects.com.br\/shop\/wp-json\/wp\/v2\/product\/1853\/revisions"}],"predecessor-version":[{"id":1855,"href":"https:\/\/www.creativeprojects.com.br\/shop\/wp-json\/wp\/v2\/product\/1853\/revisions\/1855"}],"wp:featuredmedia":[{"embeddable":true,"href":"https:\/\/www.creativeprojects.com.br\/shop\/wp-json\/wp\/v2\/media\/1854"}],"wp:attachment":[{"href":"https:\/\/www.creativeprojects.com.br\/shop\/wp-json\/wp\/v2\/media?parent=1853"}],"wp:term":[{"taxonomy":"product_brand","embeddable":true,"href":"https:\/\/www.creativeprojects.com.br\/shop\/wp-json\/wp\/v2\/product_brand?post=1853"},{"taxonomy":"product_cat","embeddable":true,"href":"https:\/\/www.creativeprojects.com.br\/shop\/wp-json\/wp\/v2\/product_cat?post=1853"},{"taxonomy":"product_tag","embeddable":true,"href":"https:\/\/www.creativeprojects.com.br\/shop\/wp-json\/wp\/v2\/product_tag?post=1853"}],"curies":[{"name":"wp","href":"https:\/\/api.w.org\/{rel}","templated":true}]}}