{"id":9224,"date":"2024-09-03T23:39:07","date_gmt":"2024-09-04T02:39:07","guid":{"rendered":"https:\/\/www.creativeprojects.com.br\/shop\/produto\/testador-cabos-de-rede-rj45-rj11-kit-localizador-zumbidor-exbom-fepro-tc350\/"},"modified":"2024-09-03T23:58:24","modified_gmt":"2024-09-04T02:58:24","slug":"testador-cabos-de-rede-rj45-rj11-kit-localizador-zumbidor-exbom-fepro-tc350","status":"publish","type":"product","link":"https:\/\/www.creativeprojects.com.br\/shop\/produto\/testador-cabos-de-rede-rj45-rj11-kit-localizador-zumbidor-exbom-fepro-tc350\/","title":{"rendered":"Testador Cabos De Rede RJ45 RJ11 Kit Localizador Zumbidor EXBOM &#8211; FEPRO-TC350"},"content":{"rendered":"<section class=\"descricaoproduto\" style=\"flex-direction:column;max-width:1200px;font-family:montserrat,\">\n<div class=\"description\" style=\"position:relative;flex:110%;padding-right:0px\">\n<div class=\"group w-full text-token-text-primary border-b border-black\/10 dark:border-gray-900\/50 bg-gray-50 dark:bg-[#444654]\">\n<div class=\"flex p-4 gap-4 text-base md:gap-6 md:max-w-2xl lg:max-w-[38rem] xl:max-w-3xl md:py-6 lg:px-0 m-auto\">\n<div class=\"relative flex w-[calc(100%-50px)] flex-col gap-1 md:gap-3 lg:w-[calc(100%-115px)]\">\n<div class=\"flex flex-grow flex-col gap-3\">\n<div class=\"min-h-[20px] flex flex-col items-start gap-3 overflow-x-auto whitespace-pre-wrap break-words\">\n<div class=\"markdown prose w-full break-words dark:prose-invert light\">\n<h2 style=\"font-weight:300;line-height:1.1;font-size:2.6rem;margin-top:2.5rem;margin-bottom:2rem\">Kit Testador e Localizador de Cabos de Rede RJ45 RJ11<\/h2>\n<p style=\"margin-top:0px;margin-bottom:1rem\">O<span> <\/span><strong style=\"font-weight: 700\">Kit Testador e Localizador de Cabos<\/strong><span> <\/span>\u00e9 a solu\u00e7\u00e3o definitiva para garantir a integridade e o funcionamento correto de cabos de rede RJ45 e conex\u00f5es de telefonia RJ11. Seja voc\u00ea um profissional de TI, instalador de redes ou algu\u00e9m que deseja manter suas conex\u00f5es em perfeito estado, este kit \u00e9 a ferramenta indispens\u00e1vel para sua caixa de ferramentas.<\/p>\n<p style=\"margin-top:0px;margin-bottom:1rem\">O Identificador de Cabos FEPRO-TC350 \u00e9 composto pelo transmissor e pelo receptor. Ele traz ao usu\u00e1rio uma forma simples de localizar e identificar condutores simples e em pares, al\u00e9m da possibilidade de testar continuidade. Perfeito para o uso em cabos simples, cabos de pares tran\u00e7ados, cabos coaxiais e cabeamento el\u00e9trico desernegizado. Ainda vem com alerta sonoro para melhor identifica\u00e7\u00e3o do cabo localizado.<\/p>\n<h2 style=\"font-weight:300;line-height:1.1;font-size:2.6rem;margin-top:2.5rem;margin-bottom:2rem\">Detalhes T\u00e9cnicos<\/h2>\n<p style=\"margin-top:0px;margin-bottom:1rem\">&#8211; Composto de uma unidade transmissor e receptor<\/p>\n<p style=\"margin-top:0px;margin-bottom:1rem\">&#8211; Testa a continuidade de fios e cabos n\u00e3o energizados<\/p>\n<p style=\"margin-top:0px;margin-bottom:1rem\">&#8211; Testa curto-circuito em fios e cabos n\u00e3o energizados<\/p>\n<p style=\"margin-top:0px;margin-bottom:1rem\">&#8211; Testa cabos de rede RJ45 blindados (STP) e n\u00e3o blindados (UTP).<\/p>\n<p style=\"margin-top:0px;margin-bottom:1rem\">&#8211; Identifica e rastreia fios e cabos em instala\u00e7\u00f5es de telefone, redes el\u00e9tricas (n\u00e3o energizadas), sem a necessidade de remover a isola\u00e7\u00e3o<\/p>\n<p style=\"margin-top:0px;margin-bottom:1rem\">&#8211; Inje\u00e7\u00e3o de sinal atrav\u00e9s de garra jacar\u00e9, conector RJ11 e RJ45<\/p>\n<p style=\"margin-top:0px;margin-bottom:1rem\">&#8211; Indica\u00e7\u00e3o sonora e visual no rastreamento de fios e cabos<\/p>\n<p style=\"margin-top:0px;margin-bottom:1rem\">&#8211; Beep sonoro para identificar e rastrear fios e cabos<\/p>\n<p style=\"margin-top:0px;margin-bottom:1rem\">&#8211; Controle de volume para o sinal sonoro<\/p>\n<p style=\"margin-top:0px;margin-bottom:1rem\">&#8211; Lanterna LED<\/p>\n<p style=\"margin-top:0px;margin-bottom:1rem\">&#8211; Alimenta\u00e7\u00e3o: duas baterias de 9V<\/p>\n<p style=\"margin-top:0px;margin-bottom:1rem\">&#8211; Transmiss\u00e3o de sinal: pulso multifrequ\u00eancia<\/p>\n<p style=\"margin-top:0px;margin-bottom:1rem\">&#8211; Dimens\u00f5es: Receptor:17.5cm x 4.2cm x 2.7cm \/ Transmissor:12.6cm x 4.9cm x 3.4cm<\/p>\n<p style=\"margin-top:0px;margin-bottom:1rem\">&#8211; Estojo:22cm*12.5cm*4cm<\/p>\n<p style=\"margin-top:0px;margin-bottom:1rem\">&#8211; Conectores &#8220;Jacar\u00e9&#8221;:15cm<\/p>\n<p style=\"margin-top:0px;margin-bottom:1rem\">&#8211; Fone P2: 60cm<\/p>\n<p style=\"margin-top:0px;margin-bottom:1rem\">&#8211; Plug RJ45:16cm<\/p>\n<p style=\"margin-top:0px;margin-bottom:1rem\">&#8211; Plug RJ11:16cm<\/p>\n<p style=\"margin-top:0px;margin-bottom:1rem\">&#8211; Corrente m\u00e1xima do transmissor: =10mA<\/p>\n<p style=\"margin-top:0px;margin-bottom:1rem\">&#8211; Corrente m\u00e1xima do receptor: =30mA<\/p>\n<p style=\"margin-top:0px;margin-bottom:1rem\">&#8211; N\u00edvel de sa\u00edda do sinal: 8Vp-p<\/p>\n<p style=\"margin-top:0px;margin-bottom:1rem\">&#8211; Dist\u00e2ncia de transmiss\u00e3o do sinal: =3km<\/p>\n<h2 style=\"font-weight:300;line-height:1.1;font-size:2.6rem;margin-top:2.5rem;margin-bottom:2rem\">Conte\u00fado da Embalagem<\/h2>\n<p style=\"margin-top:0px;margin-bottom:1rem\">&#8211; 1x Transmissor<\/p>\n<p style=\"margin-top:0px;margin-bottom:1rem\">&#8211; 1x Receptor<\/p>\n<p style=\"margin-top:0px;margin-bottom:1rem\">&#8211; 2x Baterias de 9V<\/p>\n<p style=\"margin-top:0px;margin-bottom:1rem\">&#8211; 1x Fone P2<\/p>\n<p style=\"margin-top:0px;margin-bottom:1rem\">&#8211; 1x Conectores &#8220;Jacar\u00e9&#8221;<\/p>\n<p style=\"margin-top:0px;margin-bottom:1rem\">&#8211; 1x Cabo com plug RJ45<\/p>\n<p style=\"margin-top:0px;margin-bottom:1rem\">&#8211; 1x Cabo com plug RJ11<\/p>\n<p style=\"margin-top:0px;margin-bottom:1rem\">&#8211; 1x Estojo de transporte<\/p>\n<p style=\"margin-top:0px;margin-bottom:1rem\">&#8211; 1x Manual de usu\u00e1rio<\/p>\n<p style=\"margin-top:0px;margin-bottom:1rem\"><strong style=\"font-weight: 700\">Obs.<\/strong><span> <\/span>Imagens meramente ilustrativas. Cores, tamanhos e embalagem podem variar de acordo com o lote e o fabricante.<\/p>\n<\/div>\n<div class=\"imgDesc\" style=\"position:relative;flex:110%;margin-right:0px;margin-bottom:16px\"><img data-recalc-dims=\"1\" decoding=\"async\" src=\"https:\/\/i0.wp.com\/www.mirao.com.br\/media\/catalog\/product\/cache\/1efb9fa02a7d21bc73fce105030e16a5\/k\/i\/kit-testador-e-localizador-cabos-de-rede-rj45-e-telefonia-rj11-exbom-fepro-tc350.jpg?w=640&#038;ssl=1\" alt=\"Testador Cabos De Rede RJ45 RJ11 Kit Localizador Zumbidor EXBOM - FEPRO-TC350\" style=\"max-width: 100%;height: auto;border: 0px;margin: 0px auto;text-align: center\">\n<\/div>\n<\/div>\n<\/div>\n<\/div>\n<\/div>\n<\/div>\n<\/div>\n<\/section>\n<div class=\"additional-attributes-wrapper table-wrapper\" style=\"margin-bottom:20px;overflow:autohidden;width:363.091px;position:relative;max-width:1200px;font-family:montserrat,\"><\/div>\n","protected":false},"excerpt":{"rendered":"<p>Kit Testador e Localizador de Cabos de Rede RJ45 RJ11 O Kit Testador e Localizador de Cabos \u00e9 a solu\u00e7\u00e3o definitiva para garantir a integridade e o funcionamento correto de<\/p>\n","protected":false},"featured_media":9223,"comment_status":"open","ping_status":"closed","template":"","meta":{"_uag_custom_page_level_css":""},"product_brand":[],"product_cat":[66],"product_tag":[],"class_list":{"0":"post-9224","1":"product","2":"type-product","3":"status-publish","6":"product_cat-informatica","8":"first","9":"instock","10":"sale","11":"taxable","12":"shipping-taxable","13":"purchasable","14":"product-type-simple"},"uagb_featured_image_src":{"full":["https:\/\/i0.wp.com\/www.creativeprojects.com.br\/shop\/wp-content\/uploads\/2024\/09\/17254172221604843568811103266204.jpg?fit=428%2C428&ssl=1",428,428,false],"thumbnail":["https:\/\/i0.wp.com\/www.creativeprojects.com.br\/shop\/wp-content\/uploads\/2024\/09\/17254172221604843568811103266204.jpg?resize=150%2C150&ssl=1",150,150,true],"medium":["https:\/\/i0.wp.com\/www.creativeprojects.com.br\/shop\/wp-content\/uploads\/2024\/09\/17254172221604843568811103266204.jpg?fit=300%2C300&ssl=1",300,300,true],"medium_large":["https:\/\/i0.wp.com\/www.creativeprojects.com.br\/shop\/wp-content\/uploads\/2024\/09\/17254172221604843568811103266204.jpg?fit=428%2C428&ssl=1",428,428,true],"large":["https:\/\/i0.wp.com\/www.creativeprojects.com.br\/shop\/wp-content\/uploads\/2024\/09\/17254172221604843568811103266204.jpg?fit=428%2C428&ssl=1",428,428,true],"1536x1536":["https:\/\/i0.wp.com\/www.creativeprojects.com.br\/shop\/wp-content\/uploads\/2024\/09\/17254172221604843568811103266204.jpg?fit=428%2C428&ssl=1",428,428,true],"2048x2048":["https:\/\/i0.wp.com\/www.creativeprojects.com.br\/shop\/wp-content\/uploads\/2024\/09\/17254172221604843568811103266204.jpg?fit=428%2C428&ssl=1",428,428,true],"orchid-store-thumbnail-extra-large":["https:\/\/i0.wp.com\/www.creativeprojects.com.br\/shop\/wp-content\/uploads\/2024\/09\/17254172221604843568811103266204.jpg?resize=428%2C321&ssl=1",428,321,true],"orchid-store-thumbnail-large":["https:\/\/i0.wp.com\/www.creativeprojects.com.br\/shop\/wp-content\/uploads\/2024\/09\/17254172221604843568811103266204.jpg?resize=428%2C240&ssl=1",428,240,true],"woocommerce_thumbnail":["https:\/\/i0.wp.com\/www.creativeprojects.com.br\/shop\/wp-content\/uploads\/2024\/09\/17254172221604843568811103266204.jpg?resize=300%2C300&ssl=1",300,300,true],"woocommerce_single":["https:\/\/i0.wp.com\/www.creativeprojects.com.br\/shop\/wp-content\/uploads\/2024\/09\/17254172221604843568811103266204.jpg?fit=428%2C428&ssl=1",428,428,true],"woocommerce_gallery_thumbnail":["https:\/\/i0.wp.com\/www.creativeprojects.com.br\/shop\/wp-content\/uploads\/2024\/09\/17254172221604843568811103266204.jpg?resize=100%2C100&ssl=1",100,100,true],"quick_view_image_size":["https:\/\/i0.wp.com\/www.creativeprojects.com.br\/shop\/wp-content\/uploads\/2024\/09\/17254172221604843568811103266204.jpg?resize=321%2C428&ssl=1",321,428,true]},"uagb_author_info":{"display_name":"creativeprojectsam","author_link":"https:\/\/www.creativeprojects.com.br\/shop\/author\/"},"uagb_comment_info":0,"uagb_excerpt":"Kit Testador e Localizador de Cabos de Rede RJ45 RJ11 O Kit Testador e Localizador de Cabos \u00e9 a solu\u00e7\u00e3o definitiva para garantir a integridade e o funcionamento correto de","jetpack_sharing_enabled":true,"_links":{"self":[{"href":"https:\/\/www.creativeprojects.com.br\/shop\/wp-json\/wp\/v2\/product\/9224","targetHints":{"allow":["GET"]}}],"collection":[{"href":"https:\/\/www.creativeprojects.com.br\/shop\/wp-json\/wp\/v2\/product"}],"about":[{"href":"https:\/\/www.creativeprojects.com.br\/shop\/wp-json\/wp\/v2\/types\/product"}],"replies":[{"embeddable":true,"href":"https:\/\/www.creativeprojects.com.br\/shop\/wp-json\/wp\/v2\/comments?post=9224"}],"version-history":[{"count":0,"href":"https:\/\/www.creativeprojects.com.br\/shop\/wp-json\/wp\/v2\/product\/9224\/revisions"}],"wp:featuredmedia":[{"embeddable":true,"href":"https:\/\/www.creativeprojects.com.br\/shop\/wp-json\/wp\/v2\/media\/9223"}],"wp:attachment":[{"href":"https:\/\/www.creativeprojects.com.br\/shop\/wp-json\/wp\/v2\/media?parent=9224"}],"wp:term":[{"taxonomy":"product_brand","embeddable":true,"href":"https:\/\/www.creativeprojects.com.br\/shop\/wp-json\/wp\/v2\/product_brand?post=9224"},{"taxonomy":"product_cat","embeddable":true,"href":"https:\/\/www.creativeprojects.com.br\/shop\/wp-json\/wp\/v2\/product_cat?post=9224"},{"taxonomy":"product_tag","embeddable":true,"href":"https:\/\/www.creativeprojects.com.br\/shop\/wp-json\/wp\/v2\/product_tag?post=9224"}],"curies":[{"name":"wp","href":"https:\/\/api.w.org\/{rel}","templated":true}]}}