{"id":9228,"date":"2024-09-04T00:03:09","date_gmt":"2024-09-04T03:03:09","guid":{"rendered":"https:\/\/www.creativeprojects.com.br\/shop\/produto\/teclado-gamer-semi-mecanico-com-fio-usb-e-iluminacao-led-rgb-v3\/"},"modified":"2024-09-04T00:06:29","modified_gmt":"2024-09-04T03:06:29","slug":"teclado-gamer-semi-mecanico-com-fio-usb-e-iluminacao-led-rgb-v3","status":"publish","type":"product","link":"https:\/\/www.creativeprojects.com.br\/shop\/produto\/teclado-gamer-semi-mecanico-com-fio-usb-e-iluminacao-led-rgb-v3\/","title":{"rendered":"Teclado Gamer Semi Mec\u00e2nico com Fio USB e Ilumina\u00e7\u00e3o LED RGB &#8211; V3"},"content":{"rendered":"<p>Teclado Gamer com Ilumina\u00e7\u00e3o LED RGB -V3<br \/>\nLeve sua experi\u00eancia de jogo a um novo n\u00edvel com o nosso Teclado Gamer Semi Mec\u00e2nico com Fio USB e Ilumina\u00e7\u00e3o LED RGB. Combinando a sensa\u00e7\u00e3o t\u00e1til de um teclado mec\u00e2nico com a suavidade de um teclado de membrana, este perif\u00e9rico \u00e9 ideal para gamers que buscam desempenho e estilo.<\/p>\n<p>Caracter\u00edsticas<br \/>\nTeclas Semi Mec\u00e2nicas: Proporcionam uma resposta r\u00e1pida e precisa, oferecendo uma experi\u00eancia de digita\u00e7\u00e3o confort\u00e1vel e eficiente.<br \/>\nConex\u00e3o USB com Fio: Garante uma conex\u00e3o est\u00e1vel e r\u00e1pida, eliminando qualquer atraso durante os jogos mais intensos.<br \/>\nIlumina\u00e7\u00e3o LED RGB: Personalize seu setup com uma incr\u00edvel ilumina\u00e7\u00e3o RGB, criando o ambiente perfeito para suas sess\u00f5es de jogo.<br \/>\nF\u00e1cil Instala\u00e7\u00e3o: Plug and play, sem necessidade de software adicional.<br \/>\nEspecifica\u00e7\u00f5es<br \/>\nModelo: V3<br \/>\nConex\u00e3o: USB<br \/>\nDesign: Gamer<br \/>\nIlumina\u00e7\u00e3o Led: Sim RGB<br \/>\nTipo: Membrana<br \/>\nN\u00famero de Teclas: 107<br \/>\nAlimenta\u00e7\u00e3o: 5Vdc (via Usb)<br \/>\nComprimento do cabo: 1,5 Metros<br \/>\nPadr\u00e3o: ABNT2<br \/>\nCompatibilidade: Windows Vista,7,8,10, Linux, Mac OS<br \/>\nPlug and Play: Sim<\/p>\n<p>Obs. Imagens meramente ilustrativas. Cores, tamanhos e embalagem podem variar conforme o lote e o fabricante.<\/p>\n","protected":false},"excerpt":{"rendered":"<p>Teclado Gamer com Ilumina\u00e7\u00e3o LED RGB -V3 Leve sua experi\u00eancia de jogo a um novo n\u00edvel com o nosso Teclado Gamer Semi Mec\u00e2nico com Fio USB e Ilumina\u00e7\u00e3o LED RGB.<\/p>\n","protected":false},"featured_media":9227,"comment_status":"open","ping_status":"closed","template":"","meta":{"_uag_custom_page_level_css":""},"product_brand":[],"product_cat":[81,66],"product_tag":[],"class_list":{"0":"post-9228","1":"product","2":"type-product","3":"status-publish","6":"product_cat-acessorios-para-informatica","7":"product_cat-informatica","9":"first","10":"instock","11":"sale","12":"taxable","13":"shipping-taxable","14":"purchasable","15":"product-type-simple"},"uagb_featured_image_src":{"full":["https:\/\/i0.wp.com\/www.creativeprojects.com.br\/shop\/wp-content\/uploads\/2024\/09\/1725418871591201093969481845029.jpg?fit=491%2C491&ssl=1",491,491,false],"thumbnail":["https:\/\/i0.wp.com\/www.creativeprojects.com.br\/shop\/wp-content\/uploads\/2024\/09\/1725418871591201093969481845029.jpg?resize=150%2C150&ssl=1",150,150,true],"medium":["https:\/\/i0.wp.com\/www.creativeprojects.com.br\/shop\/wp-content\/uploads\/2024\/09\/1725418871591201093969481845029.jpg?fit=300%2C300&ssl=1",300,300,true],"medium_large":["https:\/\/i0.wp.com\/www.creativeprojects.com.br\/shop\/wp-content\/uploads\/2024\/09\/1725418871591201093969481845029.jpg?fit=491%2C491&ssl=1",491,491,true],"large":["https:\/\/i0.wp.com\/www.creativeprojects.com.br\/shop\/wp-content\/uploads\/2024\/09\/1725418871591201093969481845029.jpg?fit=491%2C491&ssl=1",491,491,true],"1536x1536":["https:\/\/i0.wp.com\/www.creativeprojects.com.br\/shop\/wp-content\/uploads\/2024\/09\/1725418871591201093969481845029.jpg?fit=491%2C491&ssl=1",491,491,true],"2048x2048":["https:\/\/i0.wp.com\/www.creativeprojects.com.br\/shop\/wp-content\/uploads\/2024\/09\/1725418871591201093969481845029.jpg?fit=491%2C491&ssl=1",491,491,true],"orchid-store-thumbnail-extra-large":["https:\/\/i0.wp.com\/www.creativeprojects.com.br\/shop\/wp-content\/uploads\/2024\/09\/1725418871591201093969481845029.jpg?resize=491%2C368&ssl=1",491,368,true],"orchid-store-thumbnail-large":["https:\/\/i0.wp.com\/www.creativeprojects.com.br\/shop\/wp-content\/uploads\/2024\/09\/1725418871591201093969481845029.jpg?resize=491%2C450&ssl=1",491,450,true],"woocommerce_thumbnail":["https:\/\/i0.wp.com\/www.creativeprojects.com.br\/shop\/wp-content\/uploads\/2024\/09\/1725418871591201093969481845029.jpg?resize=300%2C300&ssl=1",300,300,true],"woocommerce_single":["https:\/\/i0.wp.com\/www.creativeprojects.com.br\/shop\/wp-content\/uploads\/2024\/09\/1725418871591201093969481845029.jpg?fit=491%2C491&ssl=1",491,491,true],"woocommerce_gallery_thumbnail":["https:\/\/i0.wp.com\/www.creativeprojects.com.br\/shop\/wp-content\/uploads\/2024\/09\/1725418871591201093969481845029.jpg?resize=100%2C100&ssl=1",100,100,true],"quick_view_image_size":["https:\/\/i0.wp.com\/www.creativeprojects.com.br\/shop\/wp-content\/uploads\/2024\/09\/1725418871591201093969481845029.jpg?resize=368%2C491&ssl=1",368,491,true]},"uagb_author_info":{"display_name":"creativeprojectsam","author_link":"https:\/\/www.creativeprojects.com.br\/shop\/author\/"},"uagb_comment_info":0,"uagb_excerpt":"Teclado Gamer com Ilumina\u00e7\u00e3o LED RGB -V3 Leve sua experi\u00eancia de jogo a um novo n\u00edvel com o nosso Teclado Gamer Semi Mec\u00e2nico com Fio USB e Ilumina\u00e7\u00e3o LED RGB.","jetpack_sharing_enabled":true,"_links":{"self":[{"href":"https:\/\/www.creativeprojects.com.br\/shop\/wp-json\/wp\/v2\/product\/9228","targetHints":{"allow":["GET"]}}],"collection":[{"href":"https:\/\/www.creativeprojects.com.br\/shop\/wp-json\/wp\/v2\/product"}],"about":[{"href":"https:\/\/www.creativeprojects.com.br\/shop\/wp-json\/wp\/v2\/types\/product"}],"replies":[{"embeddable":true,"href":"https:\/\/www.creativeprojects.com.br\/shop\/wp-json\/wp\/v2\/comments?post=9228"}],"version-history":[{"count":0,"href":"https:\/\/www.creativeprojects.com.br\/shop\/wp-json\/wp\/v2\/product\/9228\/revisions"}],"wp:featuredmedia":[{"embeddable":true,"href":"https:\/\/www.creativeprojects.com.br\/shop\/wp-json\/wp\/v2\/media\/9227"}],"wp:attachment":[{"href":"https:\/\/www.creativeprojects.com.br\/shop\/wp-json\/wp\/v2\/media?parent=9228"}],"wp:term":[{"taxonomy":"product_brand","embeddable":true,"href":"https:\/\/www.creativeprojects.com.br\/shop\/wp-json\/wp\/v2\/product_brand?post=9228"},{"taxonomy":"product_cat","embeddable":true,"href":"https:\/\/www.creativeprojects.com.br\/shop\/wp-json\/wp\/v2\/product_cat?post=9228"},{"taxonomy":"product_tag","embeddable":true,"href":"https:\/\/www.creativeprojects.com.br\/shop\/wp-json\/wp\/v2\/product_tag?post=9228"}],"curies":[{"name":"wp","href":"https:\/\/api.w.org\/{rel}","templated":true}]}}