{"id":9230,"date":"2024-09-04T00:11:13","date_gmt":"2024-09-04T03:11:13","guid":{"rendered":"https:\/\/www.creativeprojects.com.br\/shop\/produto\/mouse-pad-gamer-com-led-rgb-grande-800x300mm-preto-he7d1\/"},"modified":"2024-09-04T00:12:06","modified_gmt":"2024-09-04T03:12:06","slug":"mouse-pad-gamer-com-led-rgb-grande-800x300mm-preto-he7d1","status":"publish","type":"product","link":"https:\/\/www.creativeprojects.com.br\/shop\/produto\/mouse-pad-gamer-com-led-rgb-grande-800x300mm-preto-he7d1\/","title":{"rendered":"Mouse Pad Gamer com Led RGB Grande 800x300mm Preto &#8211; HE7D1"},"content":{"rendered":"<p>Mouse Pad Gamer com Led RGB &#8211; HE7D1<br \/>\nElevate sua experi\u00eancia de jogo com o nosso Mouse Pad Gamer Preto, equipado com Led RGB e uma variedade de efeitos luminosos para escolher.<\/p>\n<p>Com dimens\u00f5es generosas de 800x300mm, oferece amplo espa\u00e7o para movimenta\u00e7\u00e3o do mouse, enquanto a ilumina\u00e7\u00e3o LED cria um ambiente imersivo para suas sess\u00f5es de jogo.<\/p>\n<p>Seja r\u00e1pido ou preciso, o design otimizado para gamers garante que cada movimento seja suave e responsivo. Transforme sua \u00e1rea de jogo com estilo e funcionalidade.<\/p>\n<p>Especifica\u00e7\u00f5es<br \/>\nModelo: HE7D1<br \/>\nIlumina\u00e7\u00e3o Led: 7 Cores<br \/>\nTecido: Imperme\u00e1vel<br \/>\nBot\u00e3o de Controle: \u00danico para personaliza\u00e7\u00e3o das cores.<br \/>\nDimens\u00f5es: 800 x 300 x 4 mm<br \/>\nAlimenta\u00e7\u00e3o: 5V (USB)<br \/>\nComprimento do Cabo: 1.80M<br \/>\nBase: Borracha Anti-Derrapante<br \/>\nCor: Preto<\/p>\n<p>Obs. Imagens meramente ilustrativas. Cores, efeitos, tamanhos e embalagem podem variar de acordo com o lote e o fabricante.<\/p>\n","protected":false},"excerpt":{"rendered":"<p>Mouse Pad Gamer com Led RGB &#8211; HE7D1 Elevate sua experi\u00eancia de jogo com o nosso Mouse Pad Gamer Preto, equipado com Led RGB e uma variedade de efeitos luminosos<\/p>\n","protected":false},"featured_media":9229,"comment_status":"open","ping_status":"closed","template":"","meta":{"_uag_custom_page_level_css":""},"product_brand":[],"product_cat":[69,66],"product_tag":[],"class_list":{"0":"post-9230","1":"product","2":"type-product","3":"status-publish","6":"product_cat-acessorios-pecas-e-acessorios-informatica","7":"product_cat-informatica","9":"first","10":"instock","11":"sale","12":"taxable","13":"shipping-taxable","14":"purchasable","15":"product-type-simple"},"uagb_featured_image_src":{"full":["https:\/\/i0.wp.com\/www.creativeprojects.com.br\/shop\/wp-content\/uploads\/2024\/09\/17254192488065474066321665989477.jpg?fit=491%2C491&ssl=1",491,491,false],"thumbnail":["https:\/\/i0.wp.com\/www.creativeprojects.com.br\/shop\/wp-content\/uploads\/2024\/09\/17254192488065474066321665989477.jpg?resize=150%2C150&ssl=1",150,150,true],"medium":["https:\/\/i0.wp.com\/www.creativeprojects.com.br\/shop\/wp-content\/uploads\/2024\/09\/17254192488065474066321665989477.jpg?fit=300%2C300&ssl=1",300,300,true],"medium_large":["https:\/\/i0.wp.com\/www.creativeprojects.com.br\/shop\/wp-content\/uploads\/2024\/09\/17254192488065474066321665989477.jpg?fit=491%2C491&ssl=1",491,491,true],"large":["https:\/\/i0.wp.com\/www.creativeprojects.com.br\/shop\/wp-content\/uploads\/2024\/09\/17254192488065474066321665989477.jpg?fit=491%2C491&ssl=1",491,491,true],"1536x1536":["https:\/\/i0.wp.com\/www.creativeprojects.com.br\/shop\/wp-content\/uploads\/2024\/09\/17254192488065474066321665989477.jpg?fit=491%2C491&ssl=1",491,491,true],"2048x2048":["https:\/\/i0.wp.com\/www.creativeprojects.com.br\/shop\/wp-content\/uploads\/2024\/09\/17254192488065474066321665989477.jpg?fit=491%2C491&ssl=1",491,491,true],"orchid-store-thumbnail-extra-large":["https:\/\/i0.wp.com\/www.creativeprojects.com.br\/shop\/wp-content\/uploads\/2024\/09\/17254192488065474066321665989477.jpg?resize=491%2C368&ssl=1",491,368,true],"orchid-store-thumbnail-large":["https:\/\/i0.wp.com\/www.creativeprojects.com.br\/shop\/wp-content\/uploads\/2024\/09\/17254192488065474066321665989477.jpg?resize=491%2C450&ssl=1",491,450,true],"woocommerce_thumbnail":["https:\/\/i0.wp.com\/www.creativeprojects.com.br\/shop\/wp-content\/uploads\/2024\/09\/17254192488065474066321665989477.jpg?resize=300%2C300&ssl=1",300,300,true],"woocommerce_single":["https:\/\/i0.wp.com\/www.creativeprojects.com.br\/shop\/wp-content\/uploads\/2024\/09\/17254192488065474066321665989477.jpg?fit=491%2C491&ssl=1",491,491,true],"woocommerce_gallery_thumbnail":["https:\/\/i0.wp.com\/www.creativeprojects.com.br\/shop\/wp-content\/uploads\/2024\/09\/17254192488065474066321665989477.jpg?resize=100%2C100&ssl=1",100,100,true],"quick_view_image_size":["https:\/\/i0.wp.com\/www.creativeprojects.com.br\/shop\/wp-content\/uploads\/2024\/09\/17254192488065474066321665989477.jpg?resize=368%2C491&ssl=1",368,491,true]},"uagb_author_info":{"display_name":"creativeprojectsam","author_link":"https:\/\/www.creativeprojects.com.br\/shop\/author\/"},"uagb_comment_info":0,"uagb_excerpt":"Mouse Pad Gamer com Led RGB &#8211; HE7D1 Elevate sua experi\u00eancia de jogo com o nosso Mouse Pad Gamer Preto, equipado com Led RGB e uma variedade de efeitos luminosos","jetpack_sharing_enabled":true,"_links":{"self":[{"href":"https:\/\/www.creativeprojects.com.br\/shop\/wp-json\/wp\/v2\/product\/9230","targetHints":{"allow":["GET"]}}],"collection":[{"href":"https:\/\/www.creativeprojects.com.br\/shop\/wp-json\/wp\/v2\/product"}],"about":[{"href":"https:\/\/www.creativeprojects.com.br\/shop\/wp-json\/wp\/v2\/types\/product"}],"replies":[{"embeddable":true,"href":"https:\/\/www.creativeprojects.com.br\/shop\/wp-json\/wp\/v2\/comments?post=9230"}],"version-history":[{"count":0,"href":"https:\/\/www.creativeprojects.com.br\/shop\/wp-json\/wp\/v2\/product\/9230\/revisions"}],"wp:featuredmedia":[{"embeddable":true,"href":"https:\/\/www.creativeprojects.com.br\/shop\/wp-json\/wp\/v2\/media\/9229"}],"wp:attachment":[{"href":"https:\/\/www.creativeprojects.com.br\/shop\/wp-json\/wp\/v2\/media?parent=9230"}],"wp:term":[{"taxonomy":"product_brand","embeddable":true,"href":"https:\/\/www.creativeprojects.com.br\/shop\/wp-json\/wp\/v2\/product_brand?post=9230"},{"taxonomy":"product_cat","embeddable":true,"href":"https:\/\/www.creativeprojects.com.br\/shop\/wp-json\/wp\/v2\/product_cat?post=9230"},{"taxonomy":"product_tag","embeddable":true,"href":"https:\/\/www.creativeprojects.com.br\/shop\/wp-json\/wp\/v2\/product_tag?post=9230"}],"curies":[{"name":"wp","href":"https:\/\/api.w.org\/{rel}","templated":true}]}}