{"id":9662,"date":"2024-11-06T16:18:46","date_gmt":"2024-11-06T19:18:46","guid":{"rendered":"https:\/\/www.creativeprojects.com.br\/shop\/?post_type=product&#038;p=9662"},"modified":"2024-11-06T16:19:58","modified_gmt":"2024-11-06T19:19:58","slug":"smartphone-samsung-galaxy-a05-128gb-preto-4g-octa-core-4gb-ram-67-cam-dupla-selfie-8mp","status":"publish","type":"product","link":"https:\/\/www.creativeprojects.com.br\/shop\/produto\/smartphone-samsung-galaxy-a05-128gb-preto-4g-octa-core-4gb-ram-67-cam-dupla-selfie-8mp\/","title":{"rendered":"Smartphone Samsung Galaxy A05 128GB Preto 4G Octa-Core 4GB RAM 6,7\u201d C\u00e2m. Dupla + Selfie 8MP"},"content":{"rendered":"<table class=\"sc-iGgWBj iCEidV sc-bHnlcS eBGbJG\">\n<tbody>\n<tr>\n<td class=\"sc-cKXybt kHMerG\">Marca<\/td>\n<td class=\"sc-lgjHQU lnneGm\">\n<table class=\"sc-cgjDci yAnTW\">\n<tbody>\n<tr>\n<td><a class=\"sc-JrDLc gkEUmz sc-djTQaJ eOUcac sc-djTQaJ eOUcac\" href=\"https:\/\/www.magazinevoce.com.br\/magazineshopoffers\/marcas\/samsung\/\" data-testid=\"link\">Samsung<\/a><\/td>\n<\/tr>\n<\/tbody>\n<\/table>\n<\/td>\n<\/tr>\n<tr>\n<td class=\"sc-cKXybt kHMerG\">Refer\u00eancia<\/td>\n<td class=\"sc-lgjHQU lnneGm\">\n<table class=\"sc-cgjDci yAnTW\">\n<tbody>\n<tr>\n<td>SM-A055MZKGZTO<\/td>\n<\/tr>\n<\/tbody>\n<\/table>\n<\/td>\n<\/tr>\n<tr>\n<td class=\"sc-cKXybt kHMerG\">Modelo<\/td>\n<td class=\"sc-lgjHQU lnneGm\">\n<table class=\"sc-cgjDci yAnTW\">\n<tbody>\n<tr>\n<td>A05<\/td>\n<\/tr>\n<\/tbody>\n<\/table>\n<\/td>\n<\/tr>\n<tr>\n<td class=\"sc-cKXybt kHMerG\">Linha<\/td>\n<td class=\"sc-lgjHQU lnneGm\">\n<table class=\"sc-cgjDci yAnTW\">\n<tbody>\n<tr>\n<td>Galaxy<\/td>\n<\/tr>\n<\/tbody>\n<\/table>\n<\/td>\n<\/tr>\n<tr>\n<td class=\"sc-cKXybt kHMerG\">Cor<\/td>\n<td class=\"sc-lgjHQU lnneGm\">\n<table class=\"sc-cgjDci yAnTW\">\n<tbody>\n<tr>\n<td>Preto<\/td>\n<\/tr>\n<\/tbody>\n<\/table>\n<\/td>\n<\/tr>\n<tr>\n<td class=\"sc-cKXybt kHMerG\">Armazenamento Interno<\/td>\n<td class=\"sc-lgjHQU lnneGm\">\n<table class=\"sc-cgjDci yAnTW\">\n<tbody>\n<tr>\n<td>128GB<\/td>\n<\/tr>\n<\/tbody>\n<\/table>\n<\/td>\n<\/tr>\n<tr>\n<td class=\"sc-cKXybt kHMerG\">Informa\u00e7\u00f5es da Armazenamento Interno<\/td>\n<td class=\"sc-lgjHQU lnneGm\">\n<table class=\"sc-cgjDci yAnTW\">\n<tbody>\n<tr>\n<td>A mem\u00f3ria total pode variar conforme aplicativos pr\u00e9-instalados e sistema operacional<\/td>\n<\/tr>\n<\/tbody>\n<\/table>\n<\/td>\n<\/tr>\n<tr>\n<td class=\"sc-cKXybt kHMerG\">Suporte ao Cart\u00e3o de Mem\u00f3ria<\/td>\n<td class=\"sc-lgjHQU lnneGm\">\n<table class=\"sc-cgjDci yAnTW\">\n<tbody>\n<tr>\n<td>Sim<\/td>\n<\/tr>\n<\/tbody>\n<\/table>\n<\/td>\n<\/tr>\n<tr>\n<td class=\"sc-cKXybt kHMerG\">Mem\u00f3ria RAM<\/td>\n<td class=\"sc-lgjHQU lnneGm\">\n<table class=\"sc-cgjDci yAnTW\">\n<tbody>\n<tr>\n<td>4GB<\/td>\n<\/tr>\n<\/tbody>\n<\/table>\n<\/td>\n<\/tr>\n<tr>\n<td class=\"sc-cKXybt kHMerG\">Tipo de Tela<\/td>\n<td class=\"sc-lgjHQU lnneGm\">\n<table class=\"sc-cgjDci yAnTW\">\n<tbody>\n<tr>\n<td>PLS LCD<\/td>\n<\/tr>\n<\/tbody>\n<\/table>\n<\/td>\n<\/tr>\n<tr>\n<td class=\"sc-cKXybt kHMerG\">Tamanho da Tela<\/td>\n<td class=\"sc-lgjHQU lnneGm\">\n<table class=\"sc-cgjDci yAnTW\">\n<tbody>\n<tr>\n<td>6,7&#8243; (171,3mm)<\/td>\n<\/tr>\n<\/tbody>\n<\/table>\n<\/td>\n<\/tr>\n<tr>\n<td class=\"sc-cKXybt kHMerG\">Resolu\u00e7\u00e3o da Tela<\/td>\n<td class=\"sc-lgjHQU lnneGm\">\n<table class=\"sc-cgjDci yAnTW\">\n<tbody>\n<tr>\n<td>HD+ (720&#215;1600)<\/td>\n<\/tr>\n<\/tbody>\n<\/table>\n<\/td>\n<\/tr>\n<tr>\n<td class=\"sc-cKXybt kHMerG\">Taxa de Atualiza\u00e7\u00e3o da Tela<\/td>\n<td class=\"sc-lgjHQU lnneGm\">\n<table class=\"sc-cgjDci yAnTW\">\n<tbody>\n<tr>\n<td>60Hz<\/td>\n<\/tr>\n<\/tbody>\n<\/table>\n<\/td>\n<\/tr>\n<tr>\n<td class=\"sc-cKXybt kHMerG\">Tecnologia<\/td>\n<td class=\"sc-lgjHQU lnneGm\">\n<table class=\"sc-cgjDci yAnTW\">\n<tbody>\n<tr>\n<td>4G<\/td>\n<\/tr>\n<\/tbody>\n<\/table>\n<\/td>\n<\/tr>\n<tr>\n<td class=\"sc-cKXybt kHMerG\">Aten\u00e7\u00e3o<\/td>\n<td class=\"sc-lgjHQU lnneGm\">\n<table class=\"sc-cgjDci yAnTW\">\n<tbody>\n<tr>\n<td>Produto n\u00e3o acompanha fone de ouvido<\/td>\n<\/tr>\n<\/tbody>\n<\/table>\n<\/td>\n<\/tr>\n<tr>\n<td class=\"sc-cKXybt kHMerG\">Conectividade<\/td>\n<td class=\"sc-lgjHQU lnneGm\">\n<table class=\"sc-cgjDci yAnTW\">\n<tbody>\n<tr>\n<td>Bluetooth, Wi-Fi, Roteador Wi-Fi<\/td>\n<\/tr>\n<\/tbody>\n<\/table>\n<\/td>\n<\/tr>\n<tr>\n<td class=\"sc-cKXybt kHMerG\">Localiza\u00e7\u00e3o<\/td>\n<td class=\"sc-lgjHQU lnneGm\">\n<table class=\"sc-cgjDci yAnTW\">\n<tbody>\n<tr>\n<td>GPS<\/td>\n<\/tr>\n<\/tbody>\n<\/table>\n<\/td>\n<\/tr>\n<tr>\n<td class=\"sc-cKXybt kHMerG\">Processador<\/td>\n<td class=\"sc-lgjHQU lnneGm\">\n<table class=\"sc-cgjDci yAnTW\">\n<tbody>\n<tr>\n<td>Octa-Core<\/td>\n<\/tr>\n<\/tbody>\n<\/table>\n<\/td>\n<\/tr>\n<tr>\n<td class=\"sc-cKXybt kHMerG\">Modelo do Processador<\/td>\n<td class=\"sc-lgjHQU lnneGm\">\n<table class=\"sc-cgjDci yAnTW\">\n<tbody>\n<tr>\n<td>Mediatek Helio G85<\/td>\n<\/tr>\n<\/tbody>\n<\/table>\n<\/td>\n<\/tr>\n<tr>\n<td class=\"sc-cKXybt kHMerG\">Velocidade do Processador<\/td>\n<td class=\"sc-lgjHQU lnneGm\">\n<table class=\"sc-cgjDci yAnTW\">\n<tbody>\n<tr>\n<td>2GHz<\/td>\n<\/tr>\n<\/tbody>\n<\/table>\n<\/td>\n<\/tr>\n<tr>\n<td class=\"sc-cKXybt kHMerG\">Sistema Operacional<\/td>\n<td class=\"sc-lgjHQU lnneGm\">\n<table class=\"sc-cgjDci yAnTW\">\n<tbody>\n<tr>\n<td>Android<\/td>\n<\/tr>\n<\/tbody>\n<\/table>\n<\/td>\n<\/tr>\n<tr>\n<td class=\"sc-cKXybt kHMerG\">Vers\u00e3o do Sistema Operacional<\/td>\n<td class=\"sc-lgjHQU lnneGm\">\n<table class=\"sc-cgjDci yAnTW\">\n<tbody>\n<tr>\n<td>14.0<\/td>\n<\/tr>\n<\/tbody>\n<\/table>\n<\/td>\n<\/tr>\n<tr>\n<td class=\"sc-cKXybt kHMerG\">Quantidade de Chips<\/td>\n<td class=\"sc-lgjHQU lnneGm\">\n<table class=\"sc-cgjDci yAnTW\">\n<tbody>\n<tr>\n<td>Dual Chip<\/td>\n<\/tr>\n<\/tbody>\n<\/table>\n<\/td>\n<\/tr>\n<tr>\n<td class=\"sc-cKXybt kHMerG\">Tipo de Chip<\/td>\n<td class=\"sc-lgjHQU lnneGm\">\n<table class=\"sc-cgjDci yAnTW\">\n<tbody>\n<tr>\n<td>Nano-SIM<\/td>\n<\/tr>\n<\/tbody>\n<\/table>\n<\/td>\n<\/tr>\n<tr>\n<td class=\"sc-cKXybt kHMerG\">Resolu\u00e7\u00e3o da C\u00e2mera Traseira<\/td>\n<td class=\"sc-lgjHQU lnneGm\">\n<table class=\"sc-cgjDci yAnTW\">\n<tbody>\n<tr>\n<td>Dupla de 50MP + 2MP<\/td>\n<\/tr>\n<\/tbody>\n<\/table>\n<\/td>\n<\/tr>\n<tr>\n<td class=\"sc-cKXybt kHMerG\">Recursos da C\u00e2mera Traseira<\/td>\n<td class=\"sc-lgjHQU lnneGm\">\n<table class=\"sc-cgjDci yAnTW\">\n<tbody>\n<tr>\n<td>Abertura F1.8 + F2.4, Zoom Digital at\u00e9 10x e Flash-LED<\/td>\n<\/tr>\n<\/tbody>\n<\/table>\n<\/td>\n<\/tr>\n<tr>\n<td class=\"sc-cKXybt kHMerG\">Resolu\u00e7\u00e3o da C\u00e2mera Frontal<\/td>\n<td class=\"sc-lgjHQU lnneGm\">\n<table class=\"sc-cgjDci yAnTW\">\n<tbody>\n<tr>\n<td>8MP<\/td>\n<\/tr>\n<\/tbody>\n<\/table>\n<\/td>\n<\/tr>\n<tr>\n<td class=\"sc-cKXybt kHMerG\">Recursos da C\u00e2mera Frontal<\/td>\n<td class=\"sc-lgjHQU lnneGm\">\n<table class=\"sc-cgjDci yAnTW\">\n<tbody>\n<tr>\n<td>Abertura F2.2 e Flash frontal na tela<\/td>\n<\/tr>\n<\/tbody>\n<\/table>\n<\/td>\n<\/tr>\n<tr>\n<td class=\"sc-cKXybt kHMerG\">Resolu\u00e7\u00e3o da Grava\u00e7\u00e3o de V\u00eddeos<\/td>\n<td class=\"sc-lgjHQU lnneGm\">\n<table class=\"sc-cgjDci yAnTW\">\n<tbody>\n<tr>\n<td>FHD (1920 x 1080) | @60fps<\/td>\n<\/tr>\n<\/tbody>\n<\/table>\n<\/td>\n<\/tr>\n<tr>\n<td class=\"sc-cKXybt kHMerG\">Sensores<\/td>\n<td class=\"sc-lgjHQU lnneGm\">\n<table class=\"sc-cgjDci yAnTW\">\n<tbody>\n<tr>\n<td>Aceler\u00f4metro, Sensor de Luminosidade, Sensor de Proximidade<\/td>\n<\/tr>\n<\/tbody>\n<\/table>\n<\/td>\n<\/tr>\n<tr>\n<td class=\"sc-cKXybt kHMerG\">Capacidade da Bateria<\/td>\n<td class=\"sc-lgjHQU lnneGm\">\n<table class=\"sc-cgjDci yAnTW\">\n<tbody>\n<tr>\n<td>5000mAh<\/td>\n<\/tr>\n<\/tbody>\n<\/table>\n<\/td>\n<\/tr>\n<tr>\n<td class=\"sc-cKXybt kHMerG\">Carregamento R\u00e1pido<\/td>\n<td class=\"sc-lgjHQU lnneGm\">\n<table class=\"sc-cgjDci yAnTW\">\n<tbody>\n<tr>\n<td>Compat\u00edvel (25W)<\/td>\n<\/tr>\n<\/tbody>\n<\/table>\n<\/td>\n<\/tr>\n<tr>\n<td class=\"sc-cKXybt kHMerG\">Operadora<\/td>\n<td class=\"sc-lgjHQU lnneGm\">\n<table class=\"sc-cgjDci yAnTW\">\n<tbody>\n<tr>\n<td>Desbloqueado para todas as operadoras<\/td>\n<\/tr>\n<\/tbody>\n<\/table>\n<\/td>\n<\/tr>\n<tr>\n<td class=\"sc-cKXybt kHMerG\">Certificado Homologado pela Anatel N\u00famero<\/td>\n<td class=\"sc-lgjHQU lnneGm\">\n<table class=\"sc-cgjDci yAnTW\">\n<tbody>\n<tr>\n<td>13972-23-00953<\/td>\n<\/tr>\n<\/tbody>\n<\/table>\n<\/td>\n<\/tr>\n<tr>\n<td class=\"sc-cKXybt kHMerG\">Peso do Produto com Embalagem<\/td>\n<td class=\"sc-lgjHQU lnneGm\">\n<table class=\"sc-cgjDci yAnTW\">\n<tbody>\n<tr>\n<td>292g<\/td>\n<\/tr>\n<\/tbody>\n<\/table>\n<\/td>\n<\/tr>\n<tr>\n<td class=\"sc-cKXybt kHMerG\">Dimens\u00f5es do Produto com Embalagem<\/td>\n<td class=\"sc-lgjHQU lnneGm\">\n<table class=\"sc-cgjDci yAnTW\">\n<tbody>\n<tr>\n<td>Altura: 17,1cm, Largura: 8,34cm, Profundidade: 3,73cm<\/td>\n<\/tr>\n<\/tbody>\n<\/table>\n<\/td>\n<\/tr>\n<tr>\n<td class=\"sc-cKXybt kHMerG\">Prazo de Garantia<\/td>\n<td class=\"sc-lgjHQU lnneGm\">\n<table class=\"sc-cgjDci yAnTW\">\n<tbody>\n<tr>\n<td>01 Ano (3 meses de garantia legal e mais 9 meses de garantia especial concedida pelo fabricante)<\/td>\n<\/tr>\n<\/tbody>\n<\/table>\n<\/td>\n<\/tr>\n<tr>\n<td class=\"sc-cKXybt kHMerG\">Conte\u00fado da Embalagem<\/td>\n<td class=\"sc-lgjHQU lnneGm\">\n<table class=\"sc-cgjDci yAnTW\">\n<tbody>\n<tr>\n<td>1 Smartphone, 1 Carregador, 1 Cabo USB, Extrator de Chip e Manual do usu\u00e1rio<\/td>\n<\/tr>\n<\/tbody>\n<\/table>\n<\/td>\n<\/tr>\n<\/tbody>\n<\/table>\n","protected":false},"excerpt":{"rendered":"<p>O Samsung Galaxy A05 na cor preta \u00e9 um smartphone com 128GB de armazenamento interno e tecnologia 4G. Possui 4GB de mem\u00f3ria RAM, tela PLS LCD de 6,7&#8243; (171,3mm) com resolu\u00e7\u00e3o HD+ (720&#215;1600), c\u00e2mera traseira dupla de 50MP + 2MP e c\u00e2mera frontal de 8MP. Conta com dual chip e bateria de 5000mAh. Ele \u00e9 um smartphone intermedi\u00e1rio da Samsung que oferece um bom custo-benef\u00edcio.<\/p>\n","protected":false},"featured_media":9663,"comment_status":"open","ping_status":"closed","template":"","meta":{"_uag_custom_page_level_css":""},"product_brand":[],"product_cat":[88],"product_tag":[218,76],"class_list":{"0":"post-9662","1":"product","2":"type-product","3":"status-publish","6":"product_cat-smartphone","7":"product_tag-a05","8":"product_tag-samsung","9":"lojas-externas-creative-projects","11":"first","12":"instock","13":"sale","14":"taxable","15":"shipping-taxable","16":"purchasable","17":"product-type-simple"},"uagb_featured_image_src":{"full":["https:\/\/i0.wp.com\/www.creativeprojects.com.br\/shop\/wp-content\/uploads\/2024\/11\/01.png?fit=496%2C372&ssl=1",496,372,false],"thumbnail":["https:\/\/i0.wp.com\/www.creativeprojects.com.br\/shop\/wp-content\/uploads\/2024\/11\/01.png?resize=150%2C150&ssl=1",150,150,true],"medium":["https:\/\/i0.wp.com\/www.creativeprojects.com.br\/shop\/wp-content\/uploads\/2024\/11\/01.png?fit=300%2C225&ssl=1",300,225,true],"medium_large":["https:\/\/i0.wp.com\/www.creativeprojects.com.br\/shop\/wp-content\/uploads\/2024\/11\/01.png?fit=496%2C372&ssl=1",496,372,true],"large":["https:\/\/i0.wp.com\/www.creativeprojects.com.br\/shop\/wp-content\/uploads\/2024\/11\/01.png?fit=496%2C372&ssl=1",496,372,true],"1536x1536":["https:\/\/i0.wp.com\/www.creativeprojects.com.br\/shop\/wp-content\/uploads\/2024\/11\/01.png?fit=496%2C372&ssl=1",496,372,true],"2048x2048":["https:\/\/i0.wp.com\/www.creativeprojects.com.br\/shop\/wp-content\/uploads\/2024\/11\/01.png?fit=496%2C372&ssl=1",496,372,true],"orchid-store-thumbnail-extra-large":["https:\/\/i0.wp.com\/www.creativeprojects.com.br\/shop\/wp-content\/uploads\/2024\/11\/01.png?resize=496%2C372&ssl=1",496,372,true],"orchid-store-thumbnail-large":["https:\/\/i0.wp.com\/www.creativeprojects.com.br\/shop\/wp-content\/uploads\/2024\/11\/01.png?resize=496%2C279&ssl=1",496,279,true],"woocommerce_thumbnail":["https:\/\/i0.wp.com\/www.creativeprojects.com.br\/shop\/wp-content\/uploads\/2024\/11\/01.png?resize=300%2C300&ssl=1",300,300,true],"woocommerce_single":["https:\/\/i0.wp.com\/www.creativeprojects.com.br\/shop\/wp-content\/uploads\/2024\/11\/01.png?fit=496%2C372&ssl=1",496,372,true],"woocommerce_gallery_thumbnail":["https:\/\/i0.wp.com\/www.creativeprojects.com.br\/shop\/wp-content\/uploads\/2024\/11\/01.png?resize=100%2C100&ssl=1",100,100,true],"quick_view_image_size":["https:\/\/i0.wp.com\/www.creativeprojects.com.br\/shop\/wp-content\/uploads\/2024\/11\/01.png?resize=279%2C372&ssl=1",279,372,true]},"uagb_author_info":{"display_name":"creativeprojectsam","author_link":"https:\/\/www.creativeprojects.com.br\/shop\/author\/"},"uagb_comment_info":0,"uagb_excerpt":"O Samsung Galaxy A05 na cor preta \u00e9 um smartphone com 128GB de armazenamento interno e tecnologia 4G. Possui 4GB de mem\u00f3ria RAM, tela PLS LCD de 6,7\" (171,3mm) com resolu\u00e7\u00e3o HD+ (720x1600), c\u00e2mera traseira dupla de 50MP + 2MP e c\u00e2mera frontal de 8MP. Conta com dual chip e bateria de 5000mAh. Ele \u00e9&hellip;","jetpack_sharing_enabled":true,"_links":{"self":[{"href":"https:\/\/www.creativeprojects.com.br\/shop\/wp-json\/wp\/v2\/product\/9662","targetHints":{"allow":["GET"]}}],"collection":[{"href":"https:\/\/www.creativeprojects.com.br\/shop\/wp-json\/wp\/v2\/product"}],"about":[{"href":"https:\/\/www.creativeprojects.com.br\/shop\/wp-json\/wp\/v2\/types\/product"}],"replies":[{"embeddable":true,"href":"https:\/\/www.creativeprojects.com.br\/shop\/wp-json\/wp\/v2\/comments?post=9662"}],"version-history":[{"count":3,"href":"https:\/\/www.creativeprojects.com.br\/shop\/wp-json\/wp\/v2\/product\/9662\/revisions"}],"predecessor-version":[{"id":9666,"href":"https:\/\/www.creativeprojects.com.br\/shop\/wp-json\/wp\/v2\/product\/9662\/revisions\/9666"}],"wp:featuredmedia":[{"embeddable":true,"href":"https:\/\/www.creativeprojects.com.br\/shop\/wp-json\/wp\/v2\/media\/9663"}],"wp:attachment":[{"href":"https:\/\/www.creativeprojects.com.br\/shop\/wp-json\/wp\/v2\/media?parent=9662"}],"wp:term":[{"taxonomy":"product_brand","embeddable":true,"href":"https:\/\/www.creativeprojects.com.br\/shop\/wp-json\/wp\/v2\/product_brand?post=9662"},{"taxonomy":"product_cat","embeddable":true,"href":"https:\/\/www.creativeprojects.com.br\/shop\/wp-json\/wp\/v2\/product_cat?post=9662"},{"taxonomy":"product_tag","embeddable":true,"href":"https:\/\/www.creativeprojects.com.br\/shop\/wp-json\/wp\/v2\/product_tag?post=9662"}],"curies":[{"name":"wp","href":"https:\/\/api.w.org\/{rel}","templated":true}]}}